{"id":607,"date":"2022-11-12T14:41:48","date_gmt":"2022-11-12T13:41:48","guid":{"rendered":"https:\/\/en-en.polska.travel\/?page_id=607"},"modified":"2024-07-15T09:51:49","modified_gmt":"2024-07-15T07:51:49","slug":"contacte-nos","status":"publish","type":"page","link":"https:\/\/www.polonia.travel\/pt\/contacte-nos\/","title":{"rendered":"Contacte-nos"},"content":{"rendered":"\n<div class=\"wp-block-group is-style-container-medium\"><div class=\"wp-block-group__inner-container is-layout-constrained wp-block-group-is-layout-constrained\">\n<h1 class=\"wp-block-heading is-style-heading-48\"><a href=\"https:\/\/www.polonia.travel\/pt\/contacte-conosco\">Contacte-nos<\/a><\/h1>\n\n\n\n<p><\/p>\n<\/div><\/div>\n\n\n\n<div style=\"height:100px\" aria-hidden=\"true\" class=\"wp-block-spacer is-style-spacer-medium\"><\/div>\n\n\n\n<div class=\"wp-block-group is-style-container-small\"><div class=\"wp-block-group__inner-container is-layout-constrained wp-block-group-is-layout-constrained\">\n<h2 class=\"wp-block-heading is-style-heading-38\">Preencher o formul\u00e1rio<\/h2>\n\n\n\n<div style=\"height:100px\" aria-hidden=\"true\" class=\"wp-block-spacer is-style-spacer-small\"><\/div>\n\n\n\n<div class=\"contact\">\n    <div class=\"contact__form contact__form--no-bg\">\n    \n<div class=\"wpcf7 no-js\" id=\"wpcf7-f307-o1\" lang=\"pl-PL\" dir=\"ltr\" data-wpcf7-id=\"307\">\n<div class=\"screen-reader-response\"><p role=\"status\" aria-live=\"polite\" aria-atomic=\"true\"><\/p> <ul><\/ul><\/div>\n<form action=\"\/pt\/wp-json\/wp\/v2\/pages\/607#wpcf7-f307-o1\" method=\"post\" class=\"wpcf7-form init wpcf7-acceptance-as-validation\" aria-label=\"Formularz kontaktowy\" novalidate=\"novalidate\" data-status=\"init\">\n<fieldset class=\"hidden-fields-container\"><input type=\"hidden\" name=\"_wpcf7\" value=\"307\" \/><input type=\"hidden\" name=\"_wpcf7_version\" value=\"6.1.5\" \/><input type=\"hidden\" name=\"_wpcf7_locale\" value=\"pl_PL\" \/><input type=\"hidden\" name=\"_wpcf7_unit_tag\" value=\"wpcf7-f307-o1\" \/><input type=\"hidden\" name=\"_wpcf7_container_post\" value=\"0\" \/><input type=\"hidden\" name=\"_wpcf7_posted_data_hash\" value=\"\" \/><input type=\"hidden\" name=\"_wpcf7_recaptcha_response\" value=\"\" \/>\n<\/fieldset>\n<label class=\"field\"> \n<div class=\"field__label\">Nome e sobrenome<\/div>\n<div class=\"field__field\"><span class=\"wpcf7-form-control-wrap\" data-name=\"your-name\"><input size=\"40\" maxlength=\"400\" class=\"wpcf7-form-control wpcf7-text wpcf7-validates-as-required\" aria-required=\"true\" aria-invalid=\"false\" placeholder=\"Nome e sobrenome\" value=\"\" type=\"text\" name=\"your-name\" \/><\/span><\/div>\n<\/label>\n\n<label class=\"field\"> \n<div class=\"field__label\">E-mail<\/div>\n<div class=\"field__field\"><span class=\"wpcf7-form-control-wrap\" data-name=\"your-email\"><input size=\"40\" maxlength=\"400\" class=\"wpcf7-form-control wpcf7-email wpcf7-validates-as-required wpcf7-text wpcf7-validates-as-email\" aria-required=\"true\" aria-invalid=\"false\" placeholder=\"Seu endere\u00e7o de email\" value=\"\" type=\"email\" name=\"your-email\" \/><\/span><\/div>\n<\/label>\n\n<label class=\"field\"> \n<div class=\"field__label\">Tema<\/div>\n<div class=\"field__field\"><span class=\"wpcf7-form-control-wrap\" data-name=\"subject\"><select class=\"wpcf7-form-control wpcf7-select\" aria-invalid=\"false\" name=\"subject\"><option value=\"Escolha da lista\">Escolha da lista<\/option><option value=\"Compartilhe conosco suas not\u00edcias tur\u00edsticas\">Compartilhe conosco suas not\u00edcias tur\u00edsticas<\/option><option value=\"Informar um erro t\u00e9cnico\">Informar um erro t\u00e9cnico<\/option><option value=\"Informar um erro substantivo ou editorial\">Informar um erro substantivo ou editorial<\/option><\/select><\/span><\/div>\n<\/label>\n\n<label class=\"field\"> \n<div class=\"field__label\">Contente<\/div>\n<div class=\"field__field\"><span class=\"wpcf7-form-control-wrap\" data-name=\"your-message\"><textarea cols=\"40\" rows=\"10\" maxlength=\"2000\" class=\"wpcf7-form-control wpcf7-textarea\" aria-invalid=\"false\" placeholder=\"Contente\" name=\"your-message\"><\/textarea><\/span><\/div>\n<\/label>\n\n<label class=\"field\">\n<div class=\"field__field\"><span class=\"wpcf7-form-control-wrap\" data-name=\"honeypot\"><input size=\"40\" maxlength=\"400\" class=\"wpcf7-form-control wpcf7-text honeypot\" aria-invalid=\"false\" value=\"\" type=\"text\" name=\"honeypot\" \/><\/span><\/div>\n<\/label>\n\n<label class=\"field\">\n<div class=\"field__label\">Quanto \u00e9 2 + 3?<\/div>\n<div class=\"field__field\"><span class=\"wpcf7-form-control-wrap\" data-name=\"math-question\"><input size=\"40\" maxlength=\"400\" class=\"wpcf7-form-control wpcf7-text wpcf7-validates-as-required\" aria-required=\"true\" aria-invalid=\"false\" value=\"\" type=\"text\" name=\"math-question\" \/><\/span><\/div>\n<\/label>\n\n\n<div class=\"checkbox-wrapper\">\n<span class=\"wpcf7-form-control-wrap\" data-name=\"agree-2\"><span class=\"wpcf7-form-control wpcf7-acceptance\"><span class=\"wpcf7-list-item\"><label><input type=\"checkbox\" name=\"agree-2\" value=\"1\" aria-invalid=\"false\" \/><span class=\"wpcf7-list-item-label\"><span class=\"required-info\">*<\/span> <strong>De acordo com o artigo 6 pares 1 carta a) do Regulamento Geral de Prote\u00e7\u00e3o de Dados de 27 de abril de 2016, concordo com o processamento pela Organiza\u00e7\u00e3o de Turismo Polaca com sede em Vars\u00f3via, ul. M\u0142ynarska 42, os meus dados pessoais contidos no formul\u00e1rio para responder \u00e0 mensagem enviada.<\/strong><\/span><\/label><\/span><\/span><\/span>\n<\/div>\n\n\n\n<div class=\"checkbox-wrapper\">\n<span class=\"wpcf7-form-control-wrap\" data-name=\"agree-2\"><span class=\"wpcf7-form-control wpcf7-acceptance\"><span class=\"wpcf7-list-item\"><label><input type=\"checkbox\" name=\"agree-2\" value=\"1\" aria-invalid=\"false\" \/><span class=\"wpcf7-list-item-label\"><span class=\"required-info\">*<\/span> <strong>Tomei conhecimento das informa\u00e7\u00f5es relativas ao administrador e ao tratamento de dados pessoais.\nO consentimento \u00e9 volunt\u00e1rio e pode ser retirado a qualquer momento, enviando um e-mail ao nosso respons\u00e1vel pela prote\u00e7\u00e3o de dados (dpo@pot.gov.pl) a partir do endere\u00e7o de e-mail ao qual o consentimento se refere. A falta de consentimento para o tratamento dos dados impede-nos de responder \u00e0 mensagem.\n\nAs informa\u00e7\u00f5es relativas ao administrador e ao tratamento de dados pessoais\n\n<\/strong><\/span><\/label><\/span><\/span><\/span>\n<\/div>\n\n<div class=\"text-right relative\">\n\n<button type=\"submit\" class=\"wpcf7-form-control has-spinner wpcf7-submit btn btn--blue btn--send\">Envie uma mensagem<\/button>\n<div class=\"wpcf7-response-output\" aria-hidden=\"true\"><\/div>\n\n<\/div>\n<\/form>\n<\/div>\n  <\/div>\n<\/div>\n<\/div><\/div>\n","protected":false},"excerpt":{"rendered":"<p>Contacte-nos Preencher o formul\u00e1rio<\/p>\n","protected":false},"author":1,"featured_media":0,"parent":0,"menu_order":0,"comment_status":"closed","ping_status":"closed","template":"","meta":{"_acf_changed":false,"footnotes":""},"class_list":["post-607","page","type-page","status-publish","hentry"],"acf":[],"yoast_head":"<!-- This site is optimized with the Yoast SEO plugin v27.4 - https:\/\/yoast.com\/product\/yoast-seo-wordpress\/ -->\n<title>Contacte-nos - Polonia Travel (PT)<\/title>\n<meta name=\"robots\" content=\"index, follow, max-snippet:-1, max-image-preview:large, max-video-preview:-1\" \/>\n<link rel=\"canonical\" href=\"https:\/\/wp-pt.poland.travel\/contacte-nos\/\" \/>\n<meta property=\"og:locale\" content=\"pl_PL\" \/>\n<meta property=\"og:type\" content=\"article\" \/>\n<meta property=\"og:title\" content=\"Contacte-nos - Polonia Travel (PT)\" \/>\n<meta property=\"og:description\" content=\"Contacte-nos Preencher o formul\u00e1rio\" \/>\n<meta property=\"og:url\" content=\"https:\/\/wp-pt.poland.travel\/contacte-nos\/\" \/>\n<meta property=\"og:site_name\" content=\"Polonia Travel (PT)\" \/>\n<meta property=\"article:modified_time\" content=\"2024-07-15T07:51:49+00:00\" \/>\n<meta name=\"twitter:card\" content=\"summary_large_image\" \/>\n<meta name=\"twitter:label1\" content=\"Szacowany czas czytania\" \/>\n\t<meta name=\"twitter:data1\" content=\"1 minuta\" \/>\n<script type=\"application\/ld+json\" class=\"yoast-schema-graph\">{\"@context\":\"https:\\\/\\\/schema.org\",\"@graph\":[{\"@type\":\"WebPage\",\"@id\":\"https:\\\/\\\/wp-pt.poland.travel\\\/contacte-nos\\\/\",\"url\":\"https:\\\/\\\/wp-pt.poland.travel\\\/contacte-nos\\\/\",\"name\":\"Contacte-nos - Polonia Travel (PT)\",\"isPartOf\":{\"@id\":\"https:\\\/\\\/wp-pt.poland.travel\\\/#website\"},\"datePublished\":\"2022-11-12T13:41:48+00:00\",\"dateModified\":\"2024-07-15T07:51:49+00:00\",\"breadcrumb\":{\"@id\":\"https:\\\/\\\/wp-pt.poland.travel\\\/contacte-nos\\\/#breadcrumb\"},\"inLanguage\":\"pl-PL\",\"potentialAction\":[{\"@type\":\"ReadAction\",\"target\":[\"https:\\\/\\\/wp-pt.poland.travel\\\/contacte-nos\\\/\"]}]},{\"@type\":\"BreadcrumbList\",\"@id\":\"https:\\\/\\\/wp-pt.poland.travel\\\/contacte-nos\\\/#breadcrumb\",\"itemListElement\":[{\"@type\":\"ListItem\",\"position\":1,\"name\":\"Home page\",\"item\":\"https:\\\/\\\/www.polonia.travel\\\/pt\\\/\"},{\"@type\":\"ListItem\",\"position\":2,\"name\":\"Contacte-nos\"}]},{\"@type\":\"WebSite\",\"@id\":\"https:\\\/\\\/wp-pt.poland.travel\\\/#website\",\"url\":\"https:\\\/\\\/wp-pt.poland.travel\\\/\",\"name\":\"Polonia Travel (PT)\",\"description\":\"...\",\"publisher\":{\"@id\":\"https:\\\/\\\/wp-pt.poland.travel\\\/#organization\"},\"potentialAction\":[{\"@type\":\"SearchAction\",\"target\":{\"@type\":\"EntryPoint\",\"urlTemplate\":\"https:\\\/\\\/wp-pt.poland.travel\\\/?s={search_term_string}\"},\"query-input\":{\"@type\":\"PropertyValueSpecification\",\"valueRequired\":true,\"valueName\":\"search_term_string\"}}],\"inLanguage\":\"pl-PL\"},{\"@type\":\"Organization\",\"@id\":\"https:\\\/\\\/wp-pt.poland.travel\\\/#organization\",\"name\":\"Polonia Travel (PT)\",\"url\":\"https:\\\/\\\/wp-pt.poland.travel\\\/\",\"logo\":{\"@type\":\"ImageObject\",\"inLanguage\":\"pl-PL\",\"@id\":\"https:\\\/\\\/wp-pt.poland.travel\\\/#\\\/schema\\\/logo\\\/image\\\/\",\"url\":\"https:\\\/\\\/en-en.polska.travel\\\/wp-content\\\/uploads\\\/sites\\\/19\\\/2022\\\/11\\\/logo.svg\",\"contentUrl\":\"https:\\\/\\\/en-en.polska.travel\\\/wp-content\\\/uploads\\\/sites\\\/19\\\/2022\\\/11\\\/logo.svg\",\"width\":198,\"height\":96,\"caption\":\"Polonia Travel (PT)\"},\"image\":{\"@id\":\"https:\\\/\\\/wp-pt.poland.travel\\\/#\\\/schema\\\/logo\\\/image\\\/\"}}]}<\/script>\n<!-- \/ Yoast SEO plugin. -->","yoast_head_json":{"title":"Contacte-nos - Polonia Travel (PT)","robots":{"index":"index","follow":"follow","max-snippet":"max-snippet:-1","max-image-preview":"max-image-preview:large","max-video-preview":"max-video-preview:-1"},"canonical":"https:\/\/wp-pt.poland.travel\/contacte-nos\/","og_locale":"pl_PL","og_type":"article","og_title":"Contacte-nos - Polonia Travel (PT)","og_description":"Contacte-nos Preencher o formul\u00e1rio","og_url":"https:\/\/wp-pt.poland.travel\/contacte-nos\/","og_site_name":"Polonia Travel (PT)","article_modified_time":"2024-07-15T07:51:49+00:00","twitter_card":"summary_large_image","twitter_misc":{"Szacowany czas czytania":"1 minuta"},"schema":{"@context":"https:\/\/schema.org","@graph":[{"@type":"WebPage","@id":"https:\/\/wp-pt.poland.travel\/contacte-nos\/","url":"https:\/\/wp-pt.poland.travel\/contacte-nos\/","name":"Contacte-nos - Polonia Travel (PT)","isPartOf":{"@id":"https:\/\/wp-pt.poland.travel\/#website"},"datePublished":"2022-11-12T13:41:48+00:00","dateModified":"2024-07-15T07:51:49+00:00","breadcrumb":{"@id":"https:\/\/wp-pt.poland.travel\/contacte-nos\/#breadcrumb"},"inLanguage":"pl-PL","potentialAction":[{"@type":"ReadAction","target":["https:\/\/wp-pt.poland.travel\/contacte-nos\/"]}]},{"@type":"BreadcrumbList","@id":"https:\/\/wp-pt.poland.travel\/contacte-nos\/#breadcrumb","itemListElement":[{"@type":"ListItem","position":1,"name":"Home page","item":"https:\/\/www.polonia.travel\/pt\/"},{"@type":"ListItem","position":2,"name":"Contacte-nos"}]},{"@type":"WebSite","@id":"https:\/\/wp-pt.poland.travel\/#website","url":"https:\/\/wp-pt.poland.travel\/","name":"Polonia Travel (PT)","description":"...","publisher":{"@id":"https:\/\/wp-pt.poland.travel\/#organization"},"potentialAction":[{"@type":"SearchAction","target":{"@type":"EntryPoint","urlTemplate":"https:\/\/wp-pt.poland.travel\/?s={search_term_string}"},"query-input":{"@type":"PropertyValueSpecification","valueRequired":true,"valueName":"search_term_string"}}],"inLanguage":"pl-PL"},{"@type":"Organization","@id":"https:\/\/wp-pt.poland.travel\/#organization","name":"Polonia Travel (PT)","url":"https:\/\/wp-pt.poland.travel\/","logo":{"@type":"ImageObject","inLanguage":"pl-PL","@id":"https:\/\/wp-pt.poland.travel\/#\/schema\/logo\/image\/","url":"https:\/\/en-en.polska.travel\/wp-content\/uploads\/sites\/19\/2022\/11\/logo.svg","contentUrl":"https:\/\/en-en.polska.travel\/wp-content\/uploads\/sites\/19\/2022\/11\/logo.svg","width":198,"height":96,"caption":"Polonia Travel (PT)"},"image":{"@id":"https:\/\/wp-pt.poland.travel\/#\/schema\/logo\/image\/"}}]}},"_links":{"self":[{"href":"https:\/\/www.polonia.travel\/pt\/wp-json\/wp\/v2\/pages\/607","targetHints":{"allow":["GET"]}}],"collection":[{"href":"https:\/\/www.polonia.travel\/pt\/wp-json\/wp\/v2\/pages"}],"about":[{"href":"https:\/\/www.polonia.travel\/pt\/wp-json\/wp\/v2\/types\/page"}],"author":[{"embeddable":true,"href":"https:\/\/www.polonia.travel\/pt\/wp-json\/wp\/v2\/users\/1"}],"replies":[{"embeddable":true,"href":"https:\/\/www.polonia.travel\/pt\/wp-json\/wp\/v2\/comments?post=607"}],"version-history":[{"count":16,"href":"https:\/\/www.polonia.travel\/pt\/wp-json\/wp\/v2\/pages\/607\/revisions"}],"predecessor-version":[{"id":32176,"href":"https:\/\/www.polonia.travel\/pt\/wp-json\/wp\/v2\/pages\/607\/revisions\/32176"}],"wp:attachment":[{"href":"https:\/\/www.polonia.travel\/pt\/wp-json\/wp\/v2\/media?parent=607"}],"curies":[{"name":"wp","href":"https:\/\/api.w.org\/{rel}","templated":true}]}}