{"id":42678,"date":"2026-03-16T12:20:13","date_gmt":"2026-03-16T11:20:13","guid":{"rendered":"https:\/\/www.polonia.travel\/it\/?page_id=42678"},"modified":"2026-03-16T12:20:14","modified_gmt":"2026-03-16T11:20:14","slug":"cucine-regionali","status":"publish","type":"page","link":"https:\/\/www.polonia.travel\/it\/cucine-regionali\/","title":{"rendered":"Cucine regionali"},"content":{"rendered":"\n<div class=\"wp-block-group is-style-container\"><div class=\"wp-block-group__inner-container is-layout-constrained wp-block-group-is-layout-constrained\">\n<h2 class=\"wp-block-heading\"><strong>Cucine regionali<\/strong><\/h2>\n\n\n\n<div style=\"height:100px\" aria-hidden=\"true\" class=\"wp-block-spacer is-style-spacer-small\"><\/div>\n\n\n\n  <div class=\"links-tiles links-tiles--rows-2-3\" id=\"listing\">\n            <div class=\"links-tiles__item\">\n                      <a href=\"https:\/\/www.polonia.travel\/it\/tour-culinario-attraverso-le-regioni-polacche\/\" class=\"link-box\" style=\" background-image: url(https:\/\/www.polonia.travel\/it\/wp-content\/uploads\/sites\/20\/2024\/09\/IM_03882_jablka-1-1200x800.jpg);\">\n              <div class=\"link-box__hover\" style=\"background-image: url(https:\/\/www.polonia.travel\/it\/wp-content\/uploads\/sites\/20\/2024\/09\/IM_04917_ule_pasieka-1200x800.jpg);\"><\/div>\n        <div class=\"link-box__info\">\n      <div class=\"link-box__title\">Tour culinario attraverso le regioni polacche<\/div>\n      <div class=\"link-box__more\">Leggi di pi\u00f9<\/div>\n    <\/div>\n  <\/a>\n\n          <\/div>\n                  <div class=\"links-tiles__item\">\n                      <a href=\"https:\/\/www.polonia.travel\/it\/la-cucina-della-pomerania-occidentale\/\" class=\"link-box\" style=\" background-image: url(https:\/\/www.polonia.travel\/it\/wp-content\/uploads\/sites\/20\/2024\/09\/342093781_kanapka_sledz-xl-1200x512.jpeg);\">\n              <div class=\"link-box__hover\" style=\"background-image: url(https:\/\/www.polonia.travel\/it\/wp-content\/uploads\/sites\/20\/2024\/05\/miod-1200x732.jpeg);\"><\/div>\n        <div class=\"link-box__info\">\n      <div class=\"link-box__title\">La Cucina della Pomerania Occidentale<\/div>\n      <div class=\"link-box__more\">Leggi di pi\u00f9<\/div>\n    <\/div>\n  <\/a>\n\n          <\/div>\n                  <div class=\"links-tiles__item\">\n                      <a href=\"https:\/\/www.polonia.travel\/it\/la-cucina-di-lubuskie-sapori-eclettici\/\" class=\"link-box\" style=\" background-image: url(https:\/\/www.polonia.travel\/it\/wp-content\/uploads\/sites\/20\/2023\/07\/Bigos1_540-5.jpg);\">\n              <div class=\"link-box__hover\" style=\"background-image: url(https:\/\/www.polonia.travel\/it\/wp-content\/uploads\/sites\/20\/2024\/05\/wino4.png);\"><\/div>\n        <div class=\"link-box__info\">\n      <div class=\"link-box__title\">La Cucina di Lubuskie, Sapori Eclettici<\/div>\n      <div class=\"link-box__more\">Leggi di pi\u00f9<\/div>\n    <\/div>\n  <\/a>\n\n          <\/div>\n                  <div class=\"links-tiles__item\">\n                      <a href=\"https:\/\/www.polonia.travel\/it\/la-cucina-della-regione-di-lodz\/\" class=\"link-box\" style=\" background-image: url(https:\/\/www.polonia.travel\/it\/wp-content\/uploads\/sites\/20\/2024\/05\/LodzStreetFood-15.jpg);\">\n              <div class=\"link-box__hover\" style=\"background-image: url(https:\/\/www.polonia.travel\/it\/wp-content\/uploads\/sites\/20\/2024\/05\/chalka.jpg);\"><\/div>\n        <div class=\"link-box__info\">\n      <div class=\"link-box__title\">La Cucina Della Regione di \u0141\u00f3d\u017a<\/div>\n      <div class=\"link-box__more\">Leggi di pi\u00f9<\/div>\n    <\/div>\n  <\/a>\n\n          <\/div>\n                  <div class=\"links-tiles__item\">\n                      <a href=\"https:\/\/www.polonia.travel\/it\/la-cucina-della-cuiavia-pomerania\/\" class=\"link-box\" style=\" background-image: url(https:\/\/www.polonia.travel\/it\/wp-content\/uploads\/sites\/20\/2024\/05\/Pierniki20540x360-1.jpg);\">\n              <div class=\"link-box__hover\" style=\"background-image: url(https:\/\/www.polonia.travel\/it\/wp-content\/uploads\/sites\/20\/2024\/05\/Sliwki-Mini.jpg);\"><\/div>\n        <div class=\"link-box__info\">\n      <div class=\"link-box__title\">La Cucina Della Cuiavia-Pomerania<\/div>\n      <div class=\"link-box__more\">Leggi di pi\u00f9<\/div>\n    <\/div>\n  <\/a>\n\n          <\/div>\n                  <div class=\"links-tiles__item\">\n                      <a href=\"https:\/\/www.polonia.travel\/it\/i-sapori-della-bassa-slesia-e-della-regione-di-opole\/\" class=\"link-box\" style=\" background-image: url(https:\/\/www.polonia.travel\/it\/wp-content\/uploads\/sites\/20\/2024\/05\/kolocz_slaski-1.jpg);\">\n              <div class=\"link-box__hover\" style=\"background-image: url(https:\/\/www.polonia.travel\/it\/wp-content\/uploads\/sites\/20\/2022\/12\/zurek_1170.jpg);\"><\/div>\n        <div class=\"link-box__info\">\n      <div class=\"link-box__title\">I Sapori Della Bassa Slesia E Della Regione Di Opole<\/div>\n      <div class=\"link-box__more\">Leggi di pi\u00f9<\/div>\n    <\/div>\n  <\/a>\n\n          <\/div>\n                  <div class=\"links-tiles__item\">\n                      <a href=\"https:\/\/www.polonia.travel\/it\/la-cucina-della-regione-santacroce\/\" class=\"link-box\" style=\" background-image: url(https:\/\/www.polonia.travel\/it\/wp-content\/uploads\/sites\/20\/2024\/09\/i.php_-1200x800.jpeg);\">\n              <div class=\"link-box__hover\" style=\"background-image: url(https:\/\/www.polonia.travel\/it\/wp-content\/uploads\/sites\/20\/2024\/09\/fot_karmawkadrze_263-xl.jpg);\"><\/div>\n        <div class=\"link-box__info\">\n      <div class=\"link-box__title\">La cucina della regione Santacroce<\/div>\n      <div class=\"link-box__more\">Leggi di pi\u00f9<\/div>\n    <\/div>\n  <\/a>\n\n          <\/div>\n                  <div class=\"links-tiles__item\">\n                      <a href=\"https:\/\/www.polonia.travel\/it\/podlaskie-sapori-e-tradizioni\/\" class=\"link-box\" style=\" background-image: url(https:\/\/www.polonia.travel\/it\/wp-content\/uploads\/sites\/20\/2024\/09\/M__1995_sekacz-1200x800.jpg);\">\n              <div class=\"link-box__hover\" style=\"background-image: url(https:\/\/www.polonia.travel\/it\/wp-content\/uploads\/sites\/20\/2024\/09\/i.php_-1-1200x800.jpeg);\"><\/div>\n        <div class=\"link-box__info\">\n      <div class=\"link-box__title\">Podlaskie, sapori e tradizioni<\/div>\n      <div class=\"link-box__more\">Leggi di pi\u00f9<\/div>\n    <\/div>\n  <\/a>\n\n          <\/div>\n                  <div class=\"links-tiles__item\">\n                      <a href=\"https:\/\/www.polonia.travel\/it\/la-cucina-della-regione-di-lublino\/\" class=\"link-box\" style=\" background-image: url(https:\/\/www.polonia.travel\/it\/wp-content\/uploads\/sites\/20\/2024\/05\/Cebularz390-1.jpg);\">\n              <div class=\"link-box__hover\" style=\"background-image: url(https:\/\/www.polonia.travel\/it\/wp-content\/uploads\/sites\/20\/2024\/05\/Pierogi540-1.jpg);\"><\/div>\n        <div class=\"link-box__info\">\n      <div class=\"link-box__title\">La Cucina Della Regione Di Lublino<\/div>\n      <div class=\"link-box__more\">Leggi di pi\u00f9<\/div>\n    <\/div>\n  <\/a>\n\n          <\/div>\n                  <div class=\"links-tiles__item\">\n                      <a href=\"https:\/\/www.polonia.travel\/it\/la-cucina-di-poznan-e-della-wielkopolska\/\" class=\"link-box\" style=\" background-image: url(https:\/\/www.polonia.travel\/it\/wp-content\/uploads\/sites\/20\/2024\/05\/Rogale-8.jpg);\">\n              <div class=\"link-box__hover\" style=\"background-image: url(https:\/\/www.polonia.travel\/it\/wp-content\/uploads\/sites\/20\/2024\/09\/85344007_Gzik_Pyry-xl.jpg);\"><\/div>\n        <div class=\"link-box__info\">\n      <div class=\"link-box__title\">La cucina di Pozna\u0144 e della Wielkopolska<\/div>\n      <div class=\"link-box__more\">Leggi di pi\u00f9<\/div>\n    <\/div>\n  <\/a>\n\n          <\/div>\n                  <div class=\"links-tiles__item\">\n                      <a href=\"https:\/\/www.polonia.travel\/it\/la-cucina-della-precarpazia-podkarpackie\/\" class=\"link-box\" style=\" background-image: url(https:\/\/www.polonia.travel\/it\/wp-content\/uploads\/sites\/20\/2024\/09\/knysze_Jedrulowa-Chata-Solina-900x1200.jpg);\">\n              <div class=\"link-box__hover\" style=\"background-image: url(https:\/\/www.polonia.travel\/it\/wp-content\/uploads\/sites\/20\/2024\/09\/nalesnik-gigant-900x1200.jpg);\"><\/div>\n        <div class=\"link-box__info\">\n      <div class=\"link-box__title\">La cucina della Precarpazia (Podkarpackie)<\/div>\n      <div class=\"link-box__more\">Leggi di pi\u00f9<\/div>\n    <\/div>\n  <\/a>\n\n          <\/div>\n                  <div class=\"links-tiles__item\">\n                      <a href=\"https:\/\/www.polonia.travel\/it\/scoprire-i-sapori-della-slesia\/\" class=\"link-box\" style=\" background-image: url(https:\/\/www.polonia.travel\/it\/wp-content\/uploads\/sites\/20\/2024\/09\/GettyImages-481779548_kluski_slaskie_z_rolada_i_modra_kapusta-xl-2-1200x794.jpg);\">\n              <div class=\"link-box__hover\" style=\"background-image: url(https:\/\/www.polonia.travel\/it\/wp-content\/uploads\/sites\/20\/2022\/12\/89_Fotolia_kulinarne_Kluski_slaskie_HR.jpg);\"><\/div>\n        <div class=\"link-box__info\">\n      <div class=\"link-box__title\">Scoprire i sapori della Slesia<\/div>\n      <div class=\"link-box__more\">Leggi di pi\u00f9<\/div>\n    <\/div>\n  <\/a>\n\n          <\/div>\n                  <div class=\"links-tiles__item\">\n                      <a href=\"https:\/\/www.polonia.travel\/it\/la-cucina-della-varmia-masuria\/\" class=\"link-box\" style=\" background-image: url(https:\/\/www.polonia.travel\/it\/wp-content\/uploads\/sites\/20\/2024\/09\/i-1.php_.jpeg);\">\n              <div class=\"link-box__hover\" style=\"background-image: url(https:\/\/www.polonia.travel\/it\/wp-content\/uploads\/sites\/20\/2024\/09\/M__1995_sekacz-1200x800.jpg);\"><\/div>\n        <div class=\"link-box__info\">\n      <div class=\"link-box__title\">La cucina della Varmia-Masuria<\/div>\n      <div class=\"link-box__more\">Leggi di pi\u00f9<\/div>\n    <\/div>\n  <\/a>\n\n          <\/div>\n                  <div class=\"links-tiles__item\">\n                      <a href=\"https:\/\/www.polonia.travel\/it\/un-viaggio-gastronomico-a-cracovia\/\" class=\"link-box\" style=\" background-image: url(https:\/\/www.polonia.travel\/it\/wp-content\/uploads\/sites\/20\/2025\/04\/Krakow-obwarzanek.jpg);\">\n              <div class=\"link-box__hover\" style=\"background-image: url(https:\/\/www.polonia.travel\/it\/wp-content\/uploads\/sites\/20\/2024\/09\/GettyImages-1217752730_maczanka_krakowska-1200x800.jpg);\"><\/div>\n        <div class=\"link-box__info\">\n      <div class=\"link-box__title\">Un viaggio gastronomico a Cracovia<\/div>\n      <div class=\"link-box__more\">Leggi di pi\u00f9<\/div>\n    <\/div>\n  <\/a>\n\n          <\/div>\n                  <div class=\"links-tiles__item\">\n                      <a href=\"https:\/\/www.polonia.travel\/it\/le-specialita-culinarie-di-varsavia-e-della-regione-masovia\/\" class=\"link-box\" style=\" background-image: url(https:\/\/www.polonia.travel\/it\/wp-content\/uploads\/sites\/20\/2024\/09\/RM_02148-1200x694.jpg);\">\n              <div class=\"link-box__hover\" style=\"background-image: url(https:\/\/www.polonia.travel\/it\/wp-content\/uploads\/sites\/20\/2024\/09\/Targ-sniadaniowy_fot.-Magda-Pawluczuk-m.st_.-Warszawa-1200x800.jpg);\"><\/div>\n        <div class=\"link-box__info\">\n      <div class=\"link-box__title\">Le specialit\u00e0 culinarie di Varsavia e della Masovia<\/div>\n      <div class=\"link-box__more\">Leggi di pi\u00f9<\/div>\n    <\/div>\n  <\/a>\n\n          <\/div>\n                  <div class=\"links-tiles__item\">\n                      <a href=\"https:\/\/www.polonia.travel\/it\/cosa-mangiare-a-danzica-e-nella-pomerania\/\" class=\"link-box\" style=\" background-image: url(https:\/\/www.polonia.travel\/it\/wp-content\/uploads\/sites\/20\/2024\/09\/RM_00416_Gdansk-xl-1200x699.jpg);\">\n              <div class=\"link-box__hover\" style=\"background-image: url(https:\/\/www.polonia.travel\/it\/wp-content\/uploads\/sites\/20\/2024\/09\/Sledzie_po_Kaszubsku_-_7724-xl-1200x800.jpg);\"><\/div>\n        <div class=\"link-box__info\">\n      <div class=\"link-box__title\">Cosa mangiare a Danzica e nella Pomerania<\/div>\n      <div class=\"link-box__more\">Leggi di pi\u00f9<\/div>\n    <\/div>\n  <\/a>\n\n          <\/div>\n                  <div class=\"links-tiles__item\">\n                      <a href=\"https:\/\/www.polonia.travel\/it\/mangiare-in-malopolska-i-prodotti-tradizionali-dop-e-igp\/\" class=\"link-box\" style=\" background-image: url(https:\/\/www.polonia.travel\/it\/wp-content\/uploads\/sites\/20\/2026\/01\/7003_Oscypek_POT_HR-1200x777.jpg);\">\n              <div class=\"link-box__hover\" style=\"background-image: url(https:\/\/www.polonia.travel\/it\/wp-content\/uploads\/sites\/20\/2024\/05\/Oscypek-45.jpg);\"><\/div>\n        <div class=\"link-box__info\">\n      <div class=\"link-box__title\">Mangiare in Ma\u0142opolska: prodotti tradizionali, DOP e IGP<\/div>\n      <div class=\"link-box__more\">Leggi di pi\u00f9<\/div>\n    <\/div>\n  <\/a>\n\n          <\/div>\n            <\/div>\n  \n<\/div><\/div>\n","protected":false},"excerpt":{"rendered":"<p>Cucine regionali<\/p>\n","protected":false},"author":4,"featured_media":0,"parent":0,"menu_order":0,"comment_status":"closed","ping_status":"closed","template":"","meta":{"_acf_changed":false,"footnotes":""},"class_list":["post-42678","page","type-page","status-publish","hentry"],"acf":[],"yoast_head":"<!-- This site is optimized with the Yoast SEO plugin v27.4 - https:\/\/yoast.com\/product\/yoast-seo-wordpress\/ -->\n<title>Cucine regionali - Polonia Travel (IT)<\/title>\n<meta name=\"robots\" content=\"index, follow, max-snippet:-1, max-image-preview:large, max-video-preview:-1\" \/>\n<link rel=\"canonical\" href=\"https:\/\/www.polonia.travel\/it\/cucine-regionali\/\" \/>\n<meta property=\"og:locale\" content=\"pl_PL\" \/>\n<meta property=\"og:type\" content=\"article\" \/>\n<meta property=\"og:title\" content=\"Cucine regionali - Polonia Travel (IT)\" \/>\n<meta property=\"og:description\" content=\"Cucine regionali\" \/>\n<meta property=\"og:url\" content=\"https:\/\/www.polonia.travel\/it\/cucine-regionali\/\" \/>\n<meta property=\"og:site_name\" content=\"Polonia Travel (IT)\" \/>\n<meta property=\"article:modified_time\" content=\"2026-03-16T11:20:14+00:00\" \/>\n<meta name=\"twitter:card\" content=\"summary_large_image\" \/>\n<meta name=\"twitter:label1\" content=\"Szacowany czas czytania\" \/>\n\t<meta name=\"twitter:data1\" content=\"1 minuta\" \/>\n<script type=\"application\/ld+json\" class=\"yoast-schema-graph\">{\"@context\":\"https:\\\/\\\/schema.org\",\"@graph\":[{\"@type\":\"WebPage\",\"@id\":\"https:\\\/\\\/www.polonia.travel\\\/it\\\/cucine-regionali\\\/\",\"url\":\"https:\\\/\\\/www.polonia.travel\\\/it\\\/cucine-regionali\\\/\",\"name\":\"Cucine regionali - Polonia Travel (IT)\",\"isPartOf\":{\"@id\":\"https:\\\/\\\/www.polonia.travel\\\/it\\\/#website\"},\"datePublished\":\"2026-03-16T11:20:13+00:00\",\"dateModified\":\"2026-03-16T11:20:14+00:00\",\"breadcrumb\":{\"@id\":\"https:\\\/\\\/www.polonia.travel\\\/it\\\/cucine-regionali\\\/#breadcrumb\"},\"inLanguage\":\"pl-PL\",\"potentialAction\":[{\"@type\":\"ReadAction\",\"target\":[\"https:\\\/\\\/www.polonia.travel\\\/it\\\/cucine-regionali\\\/\"]}]},{\"@type\":\"BreadcrumbList\",\"@id\":\"https:\\\/\\\/www.polonia.travel\\\/it\\\/cucine-regionali\\\/#breadcrumb\",\"itemListElement\":[{\"@type\":\"ListItem\",\"position\":1,\"name\":\"Home page\",\"item\":\"https:\\\/\\\/www.polonia.travel\\\/it\\\/\"},{\"@type\":\"ListItem\",\"position\":2,\"name\":\"Cucine regionali\"}]},{\"@type\":\"WebSite\",\"@id\":\"https:\\\/\\\/www.polonia.travel\\\/it\\\/#website\",\"url\":\"https:\\\/\\\/www.polonia.travel\\\/it\\\/\",\"name\":\"Polonia Travel (IT)\",\"description\":\"...\",\"publisher\":{\"@id\":\"https:\\\/\\\/www.polonia.travel\\\/it\\\/#organization\"},\"potentialAction\":[{\"@type\":\"SearchAction\",\"target\":{\"@type\":\"EntryPoint\",\"urlTemplate\":\"https:\\\/\\\/www.polonia.travel\\\/it\\\/?s={search_term_string}\"},\"query-input\":{\"@type\":\"PropertyValueSpecification\",\"valueRequired\":true,\"valueName\":\"search_term_string\"}}],\"inLanguage\":\"pl-PL\"},{\"@type\":\"Organization\",\"@id\":\"https:\\\/\\\/www.polonia.travel\\\/it\\\/#organization\",\"name\":\"Polonia Travel (IT)\",\"url\":\"https:\\\/\\\/www.polonia.travel\\\/it\\\/\",\"logo\":{\"@type\":\"ImageObject\",\"inLanguage\":\"pl-PL\",\"@id\":\"https:\\\/\\\/www.polonia.travel\\\/it\\\/#\\\/schema\\\/logo\\\/image\\\/\",\"url\":\"\",\"contentUrl\":\"\",\"caption\":\"Polonia Travel (IT)\"},\"image\":{\"@id\":\"https:\\\/\\\/www.polonia.travel\\\/it\\\/#\\\/schema\\\/logo\\\/image\\\/\"}}]}<\/script>\n<!-- \/ Yoast SEO plugin. -->","yoast_head_json":{"title":"Cucine regionali - Polonia Travel (IT)","robots":{"index":"index","follow":"follow","max-snippet":"max-snippet:-1","max-image-preview":"max-image-preview:large","max-video-preview":"max-video-preview:-1"},"canonical":"https:\/\/www.polonia.travel\/it\/cucine-regionali\/","og_locale":"pl_PL","og_type":"article","og_title":"Cucine regionali - Polonia Travel (IT)","og_description":"Cucine regionali","og_url":"https:\/\/www.polonia.travel\/it\/cucine-regionali\/","og_site_name":"Polonia Travel (IT)","article_modified_time":"2026-03-16T11:20:14+00:00","twitter_card":"summary_large_image","twitter_misc":{"Szacowany czas czytania":"1 minuta"},"schema":{"@context":"https:\/\/schema.org","@graph":[{"@type":"WebPage","@id":"https:\/\/www.polonia.travel\/it\/cucine-regionali\/","url":"https:\/\/www.polonia.travel\/it\/cucine-regionali\/","name":"Cucine regionali - Polonia Travel (IT)","isPartOf":{"@id":"https:\/\/www.polonia.travel\/it\/#website"},"datePublished":"2026-03-16T11:20:13+00:00","dateModified":"2026-03-16T11:20:14+00:00","breadcrumb":{"@id":"https:\/\/www.polonia.travel\/it\/cucine-regionali\/#breadcrumb"},"inLanguage":"pl-PL","potentialAction":[{"@type":"ReadAction","target":["https:\/\/www.polonia.travel\/it\/cucine-regionali\/"]}]},{"@type":"BreadcrumbList","@id":"https:\/\/www.polonia.travel\/it\/cucine-regionali\/#breadcrumb","itemListElement":[{"@type":"ListItem","position":1,"name":"Home page","item":"https:\/\/www.polonia.travel\/it\/"},{"@type":"ListItem","position":2,"name":"Cucine regionali"}]},{"@type":"WebSite","@id":"https:\/\/www.polonia.travel\/it\/#website","url":"https:\/\/www.polonia.travel\/it\/","name":"Polonia Travel (IT)","description":"...","publisher":{"@id":"https:\/\/www.polonia.travel\/it\/#organization"},"potentialAction":[{"@type":"SearchAction","target":{"@type":"EntryPoint","urlTemplate":"https:\/\/www.polonia.travel\/it\/?s={search_term_string}"},"query-input":{"@type":"PropertyValueSpecification","valueRequired":true,"valueName":"search_term_string"}}],"inLanguage":"pl-PL"},{"@type":"Organization","@id":"https:\/\/www.polonia.travel\/it\/#organization","name":"Polonia Travel (IT)","url":"https:\/\/www.polonia.travel\/it\/","logo":{"@type":"ImageObject","inLanguage":"pl-PL","@id":"https:\/\/www.polonia.travel\/it\/#\/schema\/logo\/image\/","url":"","contentUrl":"","caption":"Polonia Travel (IT)"},"image":{"@id":"https:\/\/www.polonia.travel\/it\/#\/schema\/logo\/image\/"}}]}},"_links":{"self":[{"href":"https:\/\/www.polonia.travel\/it\/wp-json\/wp\/v2\/pages\/42678","targetHints":{"allow":["GET"]}}],"collection":[{"href":"https:\/\/www.polonia.travel\/it\/wp-json\/wp\/v2\/pages"}],"about":[{"href":"https:\/\/www.polonia.travel\/it\/wp-json\/wp\/v2\/types\/page"}],"author":[{"embeddable":true,"href":"https:\/\/www.polonia.travel\/it\/wp-json\/wp\/v2\/users\/4"}],"replies":[{"embeddable":true,"href":"https:\/\/www.polonia.travel\/it\/wp-json\/wp\/v2\/comments?post=42678"}],"version-history":[{"count":1,"href":"https:\/\/www.polonia.travel\/it\/wp-json\/wp\/v2\/pages\/42678\/revisions"}],"predecessor-version":[{"id":42679,"href":"https:\/\/www.polonia.travel\/it\/wp-json\/wp\/v2\/pages\/42678\/revisions\/42679"}],"wp:attachment":[{"href":"https:\/\/www.polonia.travel\/it\/wp-json\/wp\/v2\/media?parent=42678"}],"curies":[{"name":"wp","href":"https:\/\/api.w.org\/{rel}","templated":true}]}}