{"id":42358,"date":"2026-01-20T14:19:31","date_gmt":"2026-01-20T13:19:31","guid":{"rendered":"https:\/\/www.polonia.travel\/it\/?page_id=42358"},"modified":"2026-02-05T10:25:18","modified_gmt":"2026-02-05T09:25:18","slug":"polonia-da-record","status":"publish","type":"page","link":"https:\/\/www.polonia.travel\/it\/polonia-da-record\/","title":{"rendered":"Polonia da record"},"content":{"rendered":"\n<div class=\"wp-block-group\"><div class=\"wp-block-group__inner-container is-layout-constrained wp-block-group-is-layout-constrained\">\n<div class=\"wp-block-group is-style-container-medium\"><div class=\"wp-block-group__inner-container is-layout-constrained wp-block-group-is-layout-constrained\">\n<h2 class=\"wp-block-heading\"><strong>Polonia, un record di eccellenze&nbsp;<\/strong><\/h2>\n\n\n\n<div style=\"height:100px\" aria-hidden=\"true\" class=\"wp-block-spacer is-style-spacer-small\"><\/div>\n\n\n\n<p>Ci sono viaggi che si misurano in chilometri, altri attraverso le emozioni: sono quelli che si misurano \u201ccol tempo\u201d. Non quello scandito dalle lancette, ma il tempo che si sceglie di vivere davvero. Da questa intuizione nasce <strong>#PoloniaDaRecord<\/strong>, il concept che racconta la Polonia come una destinazione che, con la sua offerta ampia e variegata, \u00e8 capace di adattarsi al ritmo e alle preferenze di ogni viaggiatore.<\/p>\n<\/div><\/div>\n<\/div><\/div>\n\n\n\n<div style=\"height:100px\" aria-hidden=\"true\" class=\"wp-block-spacer is-style-spacer-small\"><\/div>\n\n\n\n<div class=\"wp-block-group is-style-container-medium\"><div class=\"wp-block-group__inner-container is-layout-constrained wp-block-group-is-layout-constrained\">  <div class=\"gallery-tiles gallery-tiles--rows-4-2 lightgallery\">\r\n          <a href=\"https:\/\/www.polonia.travel\/it\/wp-content\/uploads\/sites\/20\/2026\/01\/Tatry_MorskieOko_GettyImages-866904464.jpg\" class=\"gallery-tiles__item\" data-src=\"https:\/\/www.polonia.travel\/it\/wp-content\/uploads\/sites\/20\/2026\/01\/Tatry_MorskieOko_GettyImages-866904464.jpg\"\r\n        aria-label=\"Otw\u00f3rz powi\u0119kszone zdj\u0119cie: Young Caucasian woman walking  near Morksie Oko lake in mountains in Poland\">\r\n        <img loading=\"lazy\" decoding=\"async\" width=\"1200\" height=\"800\" src=\"https:\/\/www.polonia.travel\/it\/wp-content\/uploads\/sites\/20\/2026\/01\/Tatry_MorskieOko_GettyImages-866904464-1200x800.jpg\" class=\"gallery-tiles__thumb\" alt=\"\" srcset=\"https:\/\/www.polonia.travel\/it\/wp-content\/uploads\/sites\/20\/2026\/01\/Tatry_MorskieOko_GettyImages-866904464-1200x800.jpg 1200w, https:\/\/www.polonia.travel\/it\/wp-content\/uploads\/sites\/20\/2026\/01\/Tatry_MorskieOko_GettyImages-866904464-600x400.jpg 600w, https:\/\/www.polonia.travel\/it\/wp-content\/uploads\/sites\/20\/2026\/01\/Tatry_MorskieOko_GettyImages-866904464-768x512.jpg 768w, https:\/\/www.polonia.travel\/it\/wp-content\/uploads\/sites\/20\/2026\/01\/Tatry_MorskieOko_GettyImages-866904464-1536x1025.jpg 1536w, https:\/\/www.polonia.travel\/it\/wp-content\/uploads\/sites\/20\/2026\/01\/Tatry_MorskieOko_GettyImages-866904464-1920x1281.jpg 1920w, https:\/\/www.polonia.travel\/it\/wp-content\/uploads\/sites\/20\/2026\/01\/Tatry_MorskieOko_GettyImages-866904464.jpg 2000w\" sizes=\"auto, (max-width: 1200px) 100vw, 1200px\" \/>      <\/a>\r\n          <a href=\"https:\/\/www.polonia.travel\/it\/wp-content\/uploads\/sites\/20\/2026\/01\/POT_Wybrane-032_Slowinski_Park_Narodowy.jpg\" class=\"gallery-tiles__item\" data-src=\"https:\/\/www.polonia.travel\/it\/wp-content\/uploads\/sites\/20\/2026\/01\/POT_Wybrane-032_Slowinski_Park_Narodowy.jpg\"\r\n        aria-label=\"Otw\u00f3rz powi\u0119kszone zdj\u0119cie: POT_Wybrane-032_Slowinski_Park_Narodowy\">\r\n        <img loading=\"lazy\" decoding=\"async\" width=\"1200\" height=\"800\" src=\"https:\/\/www.polonia.travel\/it\/wp-content\/uploads\/sites\/20\/2026\/01\/POT_Wybrane-032_Slowinski_Park_Narodowy-1200x800.jpg\" class=\"gallery-tiles__thumb\" alt=\"\" srcset=\"https:\/\/www.polonia.travel\/it\/wp-content\/uploads\/sites\/20\/2026\/01\/POT_Wybrane-032_Slowinski_Park_Narodowy-1200x800.jpg 1200w, https:\/\/www.polonia.travel\/it\/wp-content\/uploads\/sites\/20\/2026\/01\/POT_Wybrane-032_Slowinski_Park_Narodowy-600x400.jpg 600w, https:\/\/www.polonia.travel\/it\/wp-content\/uploads\/sites\/20\/2026\/01\/POT_Wybrane-032_Slowinski_Park_Narodowy-768x512.jpg 768w, https:\/\/www.polonia.travel\/it\/wp-content\/uploads\/sites\/20\/2026\/01\/POT_Wybrane-032_Slowinski_Park_Narodowy-1536x1024.jpg 1536w, https:\/\/www.polonia.travel\/it\/wp-content\/uploads\/sites\/20\/2026\/01\/POT_Wybrane-032_Slowinski_Park_Narodowy-1920x1280.jpg 1920w, https:\/\/www.polonia.travel\/it\/wp-content\/uploads\/sites\/20\/2026\/01\/POT_Wybrane-032_Slowinski_Park_Narodowy.jpg 2000w\" sizes=\"auto, (max-width: 1200px) 100vw, 1200px\" \/>      <\/a>\r\n          <a href=\"https:\/\/www.polonia.travel\/it\/wp-content\/uploads\/sites\/20\/2026\/01\/AdobeStock_516798910_kaszuby.jpeg\" class=\"gallery-tiles__item\" data-src=\"https:\/\/www.polonia.travel\/it\/wp-content\/uploads\/sites\/20\/2026\/01\/AdobeStock_516798910_kaszuby.jpeg\"\r\n        aria-label=\"Otw\u00f3rz powi\u0119kszone zdj\u0119cie: AdobeStock_516798910_kaszuby\">\r\n        <img loading=\"lazy\" decoding=\"async\" width=\"1200\" height=\"802\" src=\"https:\/\/www.polonia.travel\/it\/wp-content\/uploads\/sites\/20\/2026\/01\/AdobeStock_516798910_kaszuby-1200x802.jpeg\" class=\"gallery-tiles__thumb\" alt=\"\" srcset=\"https:\/\/www.polonia.travel\/it\/wp-content\/uploads\/sites\/20\/2026\/01\/AdobeStock_516798910_kaszuby-1200x802.jpeg 1200w, https:\/\/www.polonia.travel\/it\/wp-content\/uploads\/sites\/20\/2026\/01\/AdobeStock_516798910_kaszuby-600x401.jpeg 600w, https:\/\/www.polonia.travel\/it\/wp-content\/uploads\/sites\/20\/2026\/01\/AdobeStock_516798910_kaszuby-768x513.jpeg 768w, https:\/\/www.polonia.travel\/it\/wp-content\/uploads\/sites\/20\/2026\/01\/AdobeStock_516798910_kaszuby-1536x1026.jpeg 1536w, https:\/\/www.polonia.travel\/it\/wp-content\/uploads\/sites\/20\/2026\/01\/AdobeStock_516798910_kaszuby-1920x1283.jpeg 1920w, https:\/\/www.polonia.travel\/it\/wp-content\/uploads\/sites\/20\/2026\/01\/AdobeStock_516798910_kaszuby.jpeg 2000w\" sizes=\"auto, (max-width: 1200px) 100vw, 1200px\" \/>      <\/a>\r\n          <a href=\"https:\/\/www.polonia.travel\/it\/wp-content\/uploads\/sites\/20\/2026\/01\/7003_Oscypek_POT_HR.jpg\" class=\"gallery-tiles__item\" data-src=\"https:\/\/www.polonia.travel\/it\/wp-content\/uploads\/sites\/20\/2026\/01\/7003_Oscypek_POT_HR.jpg\"\r\n        aria-label=\"Otw\u00f3rz powi\u0119kszone zdj\u0119cie: 7003_Oscypek_POT_HR\">\r\n        <img loading=\"lazy\" decoding=\"async\" width=\"1200\" height=\"777\" src=\"https:\/\/www.polonia.travel\/it\/wp-content\/uploads\/sites\/20\/2026\/01\/7003_Oscypek_POT_HR-1200x777.jpg\" class=\"gallery-tiles__thumb\" alt=\"\" srcset=\"https:\/\/www.polonia.travel\/it\/wp-content\/uploads\/sites\/20\/2026\/01\/7003_Oscypek_POT_HR-1200x777.jpg 1200w, https:\/\/www.polonia.travel\/it\/wp-content\/uploads\/sites\/20\/2026\/01\/7003_Oscypek_POT_HR-600x389.jpg 600w, https:\/\/www.polonia.travel\/it\/wp-content\/uploads\/sites\/20\/2026\/01\/7003_Oscypek_POT_HR-768x497.jpg 768w, https:\/\/www.polonia.travel\/it\/wp-content\/uploads\/sites\/20\/2026\/01\/7003_Oscypek_POT_HR-1536x995.jpg 1536w, https:\/\/www.polonia.travel\/it\/wp-content\/uploads\/sites\/20\/2026\/01\/7003_Oscypek_POT_HR-1920x1243.jpg 1920w, https:\/\/www.polonia.travel\/it\/wp-content\/uploads\/sites\/20\/2026\/01\/7003_Oscypek_POT_HR.jpg 2000w\" sizes=\"auto, (max-width: 1200px) 100vw, 1200px\" \/>      <\/a>\r\n          <a href=\"https:\/\/www.polonia.travel\/it\/wp-content\/uploads\/sites\/20\/2026\/01\/POT_Wybrane-017_Wroclaw.jpg\" class=\"gallery-tiles__item\" data-src=\"https:\/\/www.polonia.travel\/it\/wp-content\/uploads\/sites\/20\/2026\/01\/POT_Wybrane-017_Wroclaw.jpg\"\r\n        aria-label=\"Otw\u00f3rz powi\u0119kszone zdj\u0119cie: POT_Wybrane-017_Wroclaw\">\r\n        <img loading=\"lazy\" decoding=\"async\" width=\"1200\" height=\"800\" src=\"https:\/\/www.polonia.travel\/it\/wp-content\/uploads\/sites\/20\/2026\/01\/POT_Wybrane-017_Wroclaw-1200x800.jpg\" class=\"gallery-tiles__thumb\" alt=\"\" srcset=\"https:\/\/www.polonia.travel\/it\/wp-content\/uploads\/sites\/20\/2026\/01\/POT_Wybrane-017_Wroclaw-1200x800.jpg 1200w, https:\/\/www.polonia.travel\/it\/wp-content\/uploads\/sites\/20\/2026\/01\/POT_Wybrane-017_Wroclaw-600x400.jpg 600w, https:\/\/www.polonia.travel\/it\/wp-content\/uploads\/sites\/20\/2026\/01\/POT_Wybrane-017_Wroclaw-768x512.jpg 768w, https:\/\/www.polonia.travel\/it\/wp-content\/uploads\/sites\/20\/2026\/01\/POT_Wybrane-017_Wroclaw-1536x1024.jpg 1536w, https:\/\/www.polonia.travel\/it\/wp-content\/uploads\/sites\/20\/2026\/01\/POT_Wybrane-017_Wroclaw-1920x1280.jpg 1920w, https:\/\/www.polonia.travel\/it\/wp-content\/uploads\/sites\/20\/2026\/01\/POT_Wybrane-017_Wroclaw.jpg 2000w\" sizes=\"auto, (max-width: 1200px) 100vw, 1200px\" \/>      <\/a>\r\n          <a href=\"https:\/\/www.polonia.travel\/it\/wp-content\/uploads\/sites\/20\/2025\/02\/36-Castello-Ksiaz.jpg\" class=\"gallery-tiles__item\" data-src=\"https:\/\/www.polonia.travel\/it\/wp-content\/uploads\/sites\/20\/2025\/02\/36-Castello-Ksiaz.jpg\"\r\n        aria-label=\"Otw\u00f3rz powi\u0119kszone zdj\u0119cie: 36 Castello Ksi\u0105\u017c\">\r\n        <img loading=\"lazy\" decoding=\"async\" width=\"1200\" height=\"899\" src=\"https:\/\/www.polonia.travel\/it\/wp-content\/uploads\/sites\/20\/2025\/02\/36-Castello-Ksiaz.jpg\" class=\"gallery-tiles__thumb\" alt=\"\" \/>      <\/a>\r\n      <\/div>\r\n<\/div><\/div>\n\n\n\n<div style=\"height:100px\" aria-hidden=\"true\" class=\"wp-block-spacer is-style-spacer-small\"><\/div>\n\n\n\n<div class=\"wp-block-group is-style-container-medium\"><div class=\"wp-block-group__inner-container is-layout-constrained wp-block-group-is-layout-constrained\">\n<p>Un Paese sorprendente, autentico, ricco di eccellenze culturali, paesaggistiche e gastronomiche, dove ogni viaggio diventa un\u2019esperienza su misura. Un <strong>city break intenso<\/strong>, un <strong>long weekend rigenerante<\/strong>, un <strong>fly&amp;drive<\/strong> per le anime pi\u00f9 curiose, o una <strong>vacanza pi\u00f9 lunga<\/strong>: in Polonia c\u2019\u00e8 sempre un tempo giusto per vivere qualcosa di speciale!<\/p>\n\n\n\n<p>Qui il tempo riacquista il suo vero valore: dagli short break ai viaggi immersivi, tutte le tipologie di turismo trovano lo stesso filo conduttore: la possibilit\u00e0 di modulare il viaggio in base ai propri desideri, trasformando giorni e ore in ricordi memorabili, attimi vissuti attraverso un tempo di qualit\u00e0.<\/p>\n<\/div><\/div>\n\n\n\n<div style=\"height:100px\" aria-hidden=\"true\" class=\"wp-block-spacer is-style-spacer-small\"><\/div>\n\n\n\n<div class=\"wp-block-cover is-light\"><img loading=\"lazy\" decoding=\"async\" width=\"1900\" height=\"1000\" class=\"wp-block-cover__image-background wp-image-24007\" alt=\"\" src=\"https:\/\/www.polska.travel\/wp-content\/uploads\/2023\/04\/Certyfikaty-POT-bg2.jpg\" style=\"object-position:19% 30%\" data-object-fit=\"cover\" data-object-position=\"19% 30%\" srcset=\"https:\/\/www.polonia.travel\/it\/wp-content\/uploads\/sites\/20\/2023\/04\/Certyfikaty-POT-bg2.jpg 1900w, https:\/\/www.polonia.travel\/it\/wp-content\/uploads\/sites\/20\/2023\/04\/Certyfikaty-POT-bg2-600x316.jpg 600w, https:\/\/www.polonia.travel\/it\/wp-content\/uploads\/sites\/20\/2023\/04\/Certyfikaty-POT-bg2-1200x632.jpg 1200w, https:\/\/www.polonia.travel\/it\/wp-content\/uploads\/sites\/20\/2023\/04\/Certyfikaty-POT-bg2-768x404.jpg 768w, https:\/\/www.polonia.travel\/it\/wp-content\/uploads\/sites\/20\/2023\/04\/Certyfikaty-POT-bg2-1536x808.jpg 1536w\" sizes=\"auto, (max-width: 1900px) 100vw, 1900px\" \/><span aria-hidden=\"true\" class=\"wp-block-cover__background has-white-background-color has-background-dim-0 has-background-dim\"><\/span><div class=\"wp-block-cover__inner-container is-layout-flow wp-block-cover-is-layout-flow\">\n<div class=\"wp-block-group is-style-container\"><div class=\"wp-block-group__inner-container is-layout-constrained wp-block-group-is-layout-constrained\">\n<div class=\"wp-block-group\"><div class=\"wp-block-group__inner-container is-layout-constrained wp-block-group-is-layout-constrained\">\n<div style=\"height:40px\" aria-hidden=\"true\" class=\"wp-block-spacer is-style-spacer-small\"><\/div>\n\n\n\n<h3 class=\"wp-block-heading is-style-heading-24 has-text-color\" style=\"color:#353537\"><strong>\u00c8 tempo di vivere nuove emozioni<\/strong><\/h3>\n\n\n\n<p>#PoloniaDaRecord<\/p>\n\n\n\n<div style=\"height:40px\" aria-hidden=\"true\" class=\"wp-block-spacer is-style-spacer-small\"><\/div>\n<\/div><\/div>\n\n\n<div class=\"overflow\">\n  <div class=\"post-slider swiper post-slider--small\" data-schema=\"small\">\n\n    <div class=\"swiper-wrapper\">\n              <div class=\"swiper-slide post-slide\">\n                      <div class=\"post-slide__label\">\n              Polonia da record            <\/div>\n                      <a href=\"https:\/\/www.polonia.travel\/it\/wellness-e-slow-tourism-il-tempo-che-ti-serve\/\" class=\"post-box post-box--small\" style=\" background-image: url(https:\/\/www.polonia.travel\/it\/wp-content\/uploads\/sites\/20\/2026\/01\/Ant_Post_WELLNESS-450x600.jpg);\">\n        <div class=\"post-box__info\">\n            <div class=\"post-box__title\">Wellness e slow tourism: il\u00a0tempo che ti serve<\/div>\n      <div class=\"post-box__more\">Leggi di pi\u00f9<\/div>\n    <\/div>\n  <\/a>\n\n          <\/div>\n              <div class=\"swiper-slide post-slide\">\n                      <div class=\"post-slide__label\">\n              Polonia da record            <\/div>\n                      <a href=\"https:\/\/www.polonia.travel\/it\/tradizioni-il-tempo-che-si-ferma\/\" class=\"post-box post-box--small\" style=\" background-image: url(https:\/\/www.polonia.travel\/it\/wp-content\/uploads\/sites\/20\/2026\/01\/Ant_Post_TRADIZIONI-450x600.jpg);\">\n        <div class=\"post-box__info\">\n            <div class=\"post-box__title\">Tradizioni: il\u00a0tempo che si ferma<\/div>\n      <div class=\"post-box__more\">Leggi di pi\u00f9<\/div>\n    <\/div>\n  <\/a>\n\n          <\/div>\n              <div class=\"swiper-slide post-slide\">\n                      <div class=\"post-slide__label\">\n              Polonia da record            <\/div>\n                      <a href=\"https:\/\/www.polonia.travel\/it\/natura-e-outdooril-tempo-che-rigenera\/\" class=\"post-box post-box--small\" style=\" background-image: url(https:\/\/www.polonia.travel\/it\/wp-content\/uploads\/sites\/20\/2026\/01\/Ant_Post_OUTDOOR-450x600.jpg);\">\n        <div class=\"post-box__info\">\n            <div class=\"post-box__title\">Natura e outdoor: il tempo che rigenera<\/div>\n      <div class=\"post-box__more\">Leggi di pi\u00f9<\/div>\n    <\/div>\n  <\/a>\n\n          <\/div>\n              <div class=\"swiper-slide post-slide\">\n                      <div class=\"post-slide__label\">\n              Polonia da record            <\/div>\n                      <a href=\"https:\/\/www.polonia.travel\/it\/gastronomia-il-tempo-da-gustare\/\" class=\"post-box post-box--small\" style=\" background-image: url(https:\/\/www.polonia.travel\/it\/wp-content\/uploads\/sites\/20\/2026\/01\/Ant_Post_GASTRONOMIA-450x600.jpg);\">\n        <div class=\"post-box__info\">\n            <div class=\"post-box__title\">Gastronomia: il tempo da gustare<\/div>\n      <div class=\"post-box__more\">Leggi di pi\u00f9<\/div>\n    <\/div>\n  <\/a>\n\n          <\/div>\n              <div class=\"swiper-slide post-slide\">\n                      <div class=\"post-slide__label\">\n              Polonia da record            <\/div>\n                      <a href=\"https:\/\/www.polonia.travel\/it\/citta-e-culturail-tempo-per-scoprire\/\" class=\"post-box post-box--small\" style=\" background-image: url(https:\/\/www.polonia.travel\/it\/wp-content\/uploads\/sites\/20\/2026\/01\/Ant_Post_CULTURA-450x600.jpg);\">\n        <div class=\"post-box__info\">\n            <div class=\"post-box__title\">Citt\u00e0 e cultura: il tempo per scoprire<\/div>\n      <div class=\"post-box__more\">Leggi di pi\u00f9<\/div>\n    <\/div>\n  <\/a>\n\n          <\/div>\n              <div class=\"swiper-slide post-slide\">\n                      <div class=\"post-slide__label\">\n              Polonia da record            <\/div>\n                      <a href=\"https:\/\/www.polonia.travel\/it\/polonia-un-record-di-eccellenze\/\" class=\"post-box post-box--small\" style=\" background-image: url(https:\/\/www.polonia.travel\/it\/wp-content\/uploads\/sites\/20\/2026\/01\/Ant_Post_GENERALE-450x600.jpg);\">\n          <div class=\"post-box__hover\" style=\"background-image: url(https:\/\/www.polonia.travel\/it\/wp-content\/uploads\/sites\/20\/2026\/01\/Ant_Post_GENERALE-450x600.jpg);\"><\/div>\n        <div class=\"post-box__info\">\n            <div class=\"post-box__title\">Polonia, un record di eccellenze<\/div>\n      <div class=\"post-box__more\">Leggi di pi\u00f9<\/div>\n    <\/div>\n  <\/a>\n\n          <\/div>\n          <\/div>\n    <div class=\"post-slider__pagination\"><\/div>\n  <\/div>\n<\/div>\n<\/div><\/div>\n\n\n\n<div style=\"height:40px\" aria-hidden=\"true\" class=\"wp-block-spacer\"><\/div>\n<\/div><\/div>\n\n\n\n<p><\/p>\n","protected":false},"excerpt":{"rendered":"<p>Polonia, un record di eccellenze&nbsp; Ci sono viaggi che si misurano in chilometri, altri attraverso le emozioni: sono quelli che si misurano \u201ccol tempo\u201d. Non quello scandito dalle lancette, ma il tempo che si sceglie di vivere davvero. Da questa intuizione nasce #PoloniaDaRecord, il concept che racconta la Polonia come una destinazione che, con la [&hellip;]<\/p>\n","protected":false},"author":4,"featured_media":42385,"parent":0,"menu_order":0,"comment_status":"closed","ping_status":"closed","template":"","meta":{"_acf_changed":false,"footnotes":""},"class_list":["post-42358","page","type-page","status-publish","has-post-thumbnail","hentry"],"acf":[],"yoast_head":"<!-- This site is optimized with the Yoast SEO plugin v27.4 - https:\/\/yoast.com\/product\/yoast-seo-wordpress\/ -->\n<title>Polonia da record - Polonia Travel (IT)<\/title>\n<meta name=\"robots\" content=\"index, follow, max-snippet:-1, max-image-preview:large, max-video-preview:-1\" \/>\n<link rel=\"canonical\" href=\"https:\/\/www.polonia.travel\/it\/polonia-da-record\/\" \/>\n<meta property=\"og:locale\" content=\"pl_PL\" \/>\n<meta property=\"og:type\" content=\"article\" \/>\n<meta property=\"og:title\" content=\"Polonia da record - Polonia Travel (IT)\" \/>\n<meta property=\"og:description\" content=\"Polonia, un record di eccellenze&nbsp; Ci sono viaggi che si misurano in chilometri, altri attraverso le emozioni: sono quelli che si misurano \u201ccol tempo\u201d. Non quello scandito dalle lancette, ma il tempo che si sceglie di vivere davvero. Da questa intuizione nasce #PoloniaDaRecord, il concept che racconta la Polonia come una destinazione che, con la [&hellip;]\" \/>\n<meta property=\"og:url\" content=\"https:\/\/www.polonia.travel\/it\/polonia-da-record\/\" \/>\n<meta property=\"og:site_name\" content=\"Polonia Travel (IT)\" \/>\n<meta property=\"article:modified_time\" content=\"2026-02-05T09:25:18+00:00\" \/>\n<meta property=\"og:image\" content=\"https:\/\/www.polonia.travel\/it\/wp-content\/uploads\/sites\/20\/2026\/01\/Cope-Facebook_GENERALE-1.jpg\" \/>\n\t<meta property=\"og:image:width\" content=\"2500\" \/>\n\t<meta property=\"og:image:height\" content=\"951\" \/>\n\t<meta property=\"og:image:type\" content=\"image\/jpeg\" \/>\n<meta name=\"twitter:card\" content=\"summary_large_image\" \/>\n<meta name=\"twitter:label1\" content=\"Szacowany czas czytania\" \/>\n\t<meta name=\"twitter:data1\" content=\"2 minuty\" \/>\n<script type=\"application\/ld+json\" class=\"yoast-schema-graph\">{\"@context\":\"https:\\\/\\\/schema.org\",\"@graph\":[{\"@type\":\"WebPage\",\"@id\":\"https:\\\/\\\/www.polonia.travel\\\/it\\\/polonia-da-record\\\/\",\"url\":\"https:\\\/\\\/www.polonia.travel\\\/it\\\/polonia-da-record\\\/\",\"name\":\"Polonia da record - Polonia Travel (IT)\",\"isPartOf\":{\"@id\":\"https:\\\/\\\/www.polonia.travel\\\/it\\\/#website\"},\"primaryImageOfPage\":{\"@id\":\"https:\\\/\\\/www.polonia.travel\\\/it\\\/polonia-da-record\\\/#primaryimage\"},\"image\":{\"@id\":\"https:\\\/\\\/www.polonia.travel\\\/it\\\/polonia-da-record\\\/#primaryimage\"},\"thumbnailUrl\":\"https:\\\/\\\/www.polonia.travel\\\/it\\\/wp-content\\\/uploads\\\/sites\\\/20\\\/2026\\\/01\\\/Cope-Facebook_GENERALE-1.jpg\",\"datePublished\":\"2026-01-20T13:19:31+00:00\",\"dateModified\":\"2026-02-05T09:25:18+00:00\",\"breadcrumb\":{\"@id\":\"https:\\\/\\\/www.polonia.travel\\\/it\\\/polonia-da-record\\\/#breadcrumb\"},\"inLanguage\":\"pl-PL\",\"potentialAction\":[{\"@type\":\"ReadAction\",\"target\":[\"https:\\\/\\\/www.polonia.travel\\\/it\\\/polonia-da-record\\\/\"]}]},{\"@type\":\"ImageObject\",\"inLanguage\":\"pl-PL\",\"@id\":\"https:\\\/\\\/www.polonia.travel\\\/it\\\/polonia-da-record\\\/#primaryimage\",\"url\":\"https:\\\/\\\/www.polonia.travel\\\/it\\\/wp-content\\\/uploads\\\/sites\\\/20\\\/2026\\\/01\\\/Cope-Facebook_GENERALE-1.jpg\",\"contentUrl\":\"https:\\\/\\\/www.polonia.travel\\\/it\\\/wp-content\\\/uploads\\\/sites\\\/20\\\/2026\\\/01\\\/Cope-Facebook_GENERALE-1.jpg\",\"width\":2500,\"height\":951},{\"@type\":\"BreadcrumbList\",\"@id\":\"https:\\\/\\\/www.polonia.travel\\\/it\\\/polonia-da-record\\\/#breadcrumb\",\"itemListElement\":[{\"@type\":\"ListItem\",\"position\":1,\"name\":\"Home page\",\"item\":\"https:\\\/\\\/www.polonia.travel\\\/it\\\/\"},{\"@type\":\"ListItem\",\"position\":2,\"name\":\"Polonia da record\"}]},{\"@type\":\"WebSite\",\"@id\":\"https:\\\/\\\/www.polonia.travel\\\/it\\\/#website\",\"url\":\"https:\\\/\\\/www.polonia.travel\\\/it\\\/\",\"name\":\"Polonia Travel (IT)\",\"description\":\"...\",\"publisher\":{\"@id\":\"https:\\\/\\\/www.polonia.travel\\\/it\\\/#organization\"},\"potentialAction\":[{\"@type\":\"SearchAction\",\"target\":{\"@type\":\"EntryPoint\",\"urlTemplate\":\"https:\\\/\\\/www.polonia.travel\\\/it\\\/?s={search_term_string}\"},\"query-input\":{\"@type\":\"PropertyValueSpecification\",\"valueRequired\":true,\"valueName\":\"search_term_string\"}}],\"inLanguage\":\"pl-PL\"},{\"@type\":\"Organization\",\"@id\":\"https:\\\/\\\/www.polonia.travel\\\/it\\\/#organization\",\"name\":\"Polonia Travel (IT)\",\"url\":\"https:\\\/\\\/www.polonia.travel\\\/it\\\/\",\"logo\":{\"@type\":\"ImageObject\",\"inLanguage\":\"pl-PL\",\"@id\":\"https:\\\/\\\/www.polonia.travel\\\/it\\\/#\\\/schema\\\/logo\\\/image\\\/\",\"url\":\"\",\"contentUrl\":\"\",\"caption\":\"Polonia Travel (IT)\"},\"image\":{\"@id\":\"https:\\\/\\\/www.polonia.travel\\\/it\\\/#\\\/schema\\\/logo\\\/image\\\/\"}}]}<\/script>\n<!-- \/ Yoast SEO plugin. -->","yoast_head_json":{"title":"Polonia da record - Polonia Travel (IT)","robots":{"index":"index","follow":"follow","max-snippet":"max-snippet:-1","max-image-preview":"max-image-preview:large","max-video-preview":"max-video-preview:-1"},"canonical":"https:\/\/www.polonia.travel\/it\/polonia-da-record\/","og_locale":"pl_PL","og_type":"article","og_title":"Polonia da record - Polonia Travel (IT)","og_description":"Polonia, un record di eccellenze&nbsp; Ci sono viaggi che si misurano in chilometri, altri attraverso le emozioni: sono quelli che si misurano \u201ccol tempo\u201d. Non quello scandito dalle lancette, ma il tempo che si sceglie di vivere davvero. Da questa intuizione nasce #PoloniaDaRecord, il concept che racconta la Polonia come una destinazione che, con la [&hellip;]","og_url":"https:\/\/www.polonia.travel\/it\/polonia-da-record\/","og_site_name":"Polonia Travel (IT)","article_modified_time":"2026-02-05T09:25:18+00:00","og_image":[{"width":2500,"height":951,"url":"https:\/\/www.polonia.travel\/it\/wp-content\/uploads\/sites\/20\/2026\/01\/Cope-Facebook_GENERALE-1.jpg","type":"image\/jpeg"}],"twitter_card":"summary_large_image","twitter_misc":{"Szacowany czas czytania":"2 minuty"},"schema":{"@context":"https:\/\/schema.org","@graph":[{"@type":"WebPage","@id":"https:\/\/www.polonia.travel\/it\/polonia-da-record\/","url":"https:\/\/www.polonia.travel\/it\/polonia-da-record\/","name":"Polonia da record - Polonia Travel (IT)","isPartOf":{"@id":"https:\/\/www.polonia.travel\/it\/#website"},"primaryImageOfPage":{"@id":"https:\/\/www.polonia.travel\/it\/polonia-da-record\/#primaryimage"},"image":{"@id":"https:\/\/www.polonia.travel\/it\/polonia-da-record\/#primaryimage"},"thumbnailUrl":"https:\/\/www.polonia.travel\/it\/wp-content\/uploads\/sites\/20\/2026\/01\/Cope-Facebook_GENERALE-1.jpg","datePublished":"2026-01-20T13:19:31+00:00","dateModified":"2026-02-05T09:25:18+00:00","breadcrumb":{"@id":"https:\/\/www.polonia.travel\/it\/polonia-da-record\/#breadcrumb"},"inLanguage":"pl-PL","potentialAction":[{"@type":"ReadAction","target":["https:\/\/www.polonia.travel\/it\/polonia-da-record\/"]}]},{"@type":"ImageObject","inLanguage":"pl-PL","@id":"https:\/\/www.polonia.travel\/it\/polonia-da-record\/#primaryimage","url":"https:\/\/www.polonia.travel\/it\/wp-content\/uploads\/sites\/20\/2026\/01\/Cope-Facebook_GENERALE-1.jpg","contentUrl":"https:\/\/www.polonia.travel\/it\/wp-content\/uploads\/sites\/20\/2026\/01\/Cope-Facebook_GENERALE-1.jpg","width":2500,"height":951},{"@type":"BreadcrumbList","@id":"https:\/\/www.polonia.travel\/it\/polonia-da-record\/#breadcrumb","itemListElement":[{"@type":"ListItem","position":1,"name":"Home page","item":"https:\/\/www.polonia.travel\/it\/"},{"@type":"ListItem","position":2,"name":"Polonia da record"}]},{"@type":"WebSite","@id":"https:\/\/www.polonia.travel\/it\/#website","url":"https:\/\/www.polonia.travel\/it\/","name":"Polonia Travel (IT)","description":"...","publisher":{"@id":"https:\/\/www.polonia.travel\/it\/#organization"},"potentialAction":[{"@type":"SearchAction","target":{"@type":"EntryPoint","urlTemplate":"https:\/\/www.polonia.travel\/it\/?s={search_term_string}"},"query-input":{"@type":"PropertyValueSpecification","valueRequired":true,"valueName":"search_term_string"}}],"inLanguage":"pl-PL"},{"@type":"Organization","@id":"https:\/\/www.polonia.travel\/it\/#organization","name":"Polonia Travel (IT)","url":"https:\/\/www.polonia.travel\/it\/","logo":{"@type":"ImageObject","inLanguage":"pl-PL","@id":"https:\/\/www.polonia.travel\/it\/#\/schema\/logo\/image\/","url":"","contentUrl":"","caption":"Polonia Travel (IT)"},"image":{"@id":"https:\/\/www.polonia.travel\/it\/#\/schema\/logo\/image\/"}}]}},"_links":{"self":[{"href":"https:\/\/www.polonia.travel\/it\/wp-json\/wp\/v2\/pages\/42358","targetHints":{"allow":["GET"]}}],"collection":[{"href":"https:\/\/www.polonia.travel\/it\/wp-json\/wp\/v2\/pages"}],"about":[{"href":"https:\/\/www.polonia.travel\/it\/wp-json\/wp\/v2\/types\/page"}],"author":[{"embeddable":true,"href":"https:\/\/www.polonia.travel\/it\/wp-json\/wp\/v2\/users\/4"}],"replies":[{"embeddable":true,"href":"https:\/\/www.polonia.travel\/it\/wp-json\/wp\/v2\/comments?post=42358"}],"version-history":[{"count":16,"href":"https:\/\/www.polonia.travel\/it\/wp-json\/wp\/v2\/pages\/42358\/revisions"}],"predecessor-version":[{"id":42460,"href":"https:\/\/www.polonia.travel\/it\/wp-json\/wp\/v2\/pages\/42358\/revisions\/42460"}],"wp:featuredmedia":[{"embeddable":true,"href":"https:\/\/www.polonia.travel\/it\/wp-json\/wp\/v2\/media\/42385"}],"wp:attachment":[{"href":"https:\/\/www.polonia.travel\/it\/wp-json\/wp\/v2\/media?parent=42358"}],"curies":[{"name":"wp","href":"https:\/\/api.w.org\/{rel}","templated":true}]}}