{"id":39756,"date":"2024-09-10T12:44:27","date_gmt":"2024-09-10T10:44:27","guid":{"rendered":"https:\/\/www.polonia.travel\/it\/?page_id=39756"},"modified":"2025-04-07T16:20:23","modified_gmt":"2025-04-07T14:20:23","slug":"coolcation","status":"publish","type":"page","link":"https:\/\/www.polonia.travel\/it\/coolcation\/","title":{"rendered":"Coolcation"},"content":{"rendered":"\n<div class=\"wp-block-group is-style-container-medium\"><div class=\"wp-block-group__inner-container is-layout-constrained wp-block-group-is-layout-constrained\">\n<h1 class=\"wp-block-heading has-text-align-left\">Coolcation<\/h1>\n\n\n\n<p><\/p>\n\n\n\n<p>Attivit\u00e0 all\u2019aria aperta in ambienti naturali incontaminati, la scoperta di culture diverse,&nbsp;un\u2019architettura distintiva e tradizioni locali. La <strong>Polonia<\/strong> \u00e8 tutto questo e molto altro ancora.&nbsp;\u00c8 un Paese doppiamente cool per una vacanza all\u2019insegna del <strong>turismo sostenibile<\/strong>, responsabile e con un clima mite e piacevole.&nbsp;Una nuova dimensione del viaggio che invita a esplorare il suo passato attraverso \u2018storie di persone\u2019,&nbsp;castelli e architetture in legno che per secoli hanno tessuto il filo della storia e dell\u2019eredit\u00e0 polacca.<\/p>\n\n\n\n<p>Mentre in passato la vacanza ideale era spesso associata a localit\u00e0 balneari e relax sotto il sole, oggi questo concetto si sta sbiadendo per far posto al <strong><em>coolcation<\/em><\/strong>, ovvero alla ricerca di un viaggio in grado di garantire&nbsp;<strong>esperienze significative ed arricchenti<\/strong>,&nbsp;<strong>destinazioni uniche e autentiche<\/strong>, dove \u00e8 possibile immergersi nella&nbsp;<strong>cultura locale<\/strong>, partecipare ad&nbsp;<strong>attivit\u00e0 avventurose all\u2019aria aperta<\/strong>&nbsp;o <strong>concentrarsi sul benessere personale&nbsp;<\/strong>in localit\u00e0 lontane dall\u2019afa e dalle temperature sempre pi\u00f9 alte che si registrano in diverse citt\u00e0.<\/p>\n\n\n  <div class=\"gallery-tiles gallery-tiles--aside-1-4 lightgallery\">\r\n          <a href=\"https:\/\/www.polonia.travel\/it\/wp-content\/uploads\/sites\/20\/2025\/04\/7429_Pieskowa-skala_maczuga-Herkulesa_AB_HR.jpg\" class=\"gallery-tiles__item\" data-src=\"https:\/\/www.polonia.travel\/it\/wp-content\/uploads\/sites\/20\/2025\/04\/7429_Pieskowa-skala_maczuga-Herkulesa_AB_HR.jpg\"\r\n        aria-label=\"Otw\u00f3rz powi\u0119kszone zdj\u0119cie: 7429_Pieskowa-skala_maczuga-Herkulesa_AB_HR\">\r\n        <img loading=\"lazy\" decoding=\"async\" width=\"1200\" height=\"797\" src=\"https:\/\/www.polonia.travel\/it\/wp-content\/uploads\/sites\/20\/2025\/04\/7429_Pieskowa-skala_maczuga-Herkulesa_AB_HR.jpg\" class=\"gallery-tiles__thumb\" alt=\"\" \/>      <\/a>\r\n          <a href=\"https:\/\/www.polonia.travel\/it\/wp-content\/uploads\/sites\/20\/2025\/04\/399307285.jpg\" class=\"gallery-tiles__item\" data-src=\"https:\/\/www.polonia.travel\/it\/wp-content\/uploads\/sites\/20\/2025\/04\/399307285.jpg\"\r\n        aria-label=\"Otw\u00f3rz powi\u0119kszone zdj\u0119cie: 399307285\">\r\n        <img loading=\"lazy\" decoding=\"async\" width=\"1200\" height=\"693\" src=\"https:\/\/www.polonia.travel\/it\/wp-content\/uploads\/sites\/20\/2025\/04\/399307285.jpg\" class=\"gallery-tiles__thumb\" alt=\"\" \/>      <\/a>\r\n          <a href=\"https:\/\/www.polonia.travel\/it\/wp-content\/uploads\/sites\/20\/2025\/04\/SrebrnaGora.jpg\" class=\"gallery-tiles__item\" data-src=\"https:\/\/www.polonia.travel\/it\/wp-content\/uploads\/sites\/20\/2025\/04\/SrebrnaGora.jpg\"\r\n        aria-label=\"Otw\u00f3rz powi\u0119kszone zdj\u0119cie: SrebrnaGora\">\r\n        <img loading=\"lazy\" decoding=\"async\" width=\"1200\" height=\"674\" src=\"https:\/\/www.polonia.travel\/it\/wp-content\/uploads\/sites\/20\/2025\/04\/SrebrnaGora.jpg\" class=\"gallery-tiles__thumb\" alt=\"\" \/>      <\/a>\r\n          <a href=\"https:\/\/www.polonia.travel\/it\/wp-content\/uploads\/sites\/20\/2024\/05\/AdobeStock_284889219_kaszuby-1.jpeg\" class=\"gallery-tiles__item\" data-src=\"https:\/\/www.polonia.travel\/it\/wp-content\/uploads\/sites\/20\/2024\/05\/AdobeStock_284889219_kaszuby-1.jpeg\"\r\n        aria-label=\"Otw\u00f3rz powi\u0119kszone zdj\u0119cie: AdobeStock_284889219_kaszuby-1\">\r\n        <img loading=\"lazy\" decoding=\"async\" width=\"1200\" height=\"800\" src=\"https:\/\/www.polonia.travel\/it\/wp-content\/uploads\/sites\/20\/2024\/05\/AdobeStock_284889219_kaszuby-1-1200x800.jpeg\" class=\"gallery-tiles__thumb\" alt=\"\" srcset=\"https:\/\/www.polonia.travel\/it\/wp-content\/uploads\/sites\/20\/2024\/05\/AdobeStock_284889219_kaszuby-1-1200x800.jpeg 1200w, https:\/\/www.polonia.travel\/it\/wp-content\/uploads\/sites\/20\/2024\/05\/AdobeStock_284889219_kaszuby-1-600x400.jpeg 600w, https:\/\/www.polonia.travel\/it\/wp-content\/uploads\/sites\/20\/2024\/05\/AdobeStock_284889219_kaszuby-1-768x512.jpeg 768w, https:\/\/www.polonia.travel\/it\/wp-content\/uploads\/sites\/20\/2024\/05\/AdobeStock_284889219_kaszuby-1.jpeg 1536w\" sizes=\"auto, (max-width: 1200px) 100vw, 1200px\" \/>      <\/a>\r\n          <a href=\"https:\/\/www.polonia.travel\/it\/wp-content\/uploads\/sites\/20\/2025\/04\/AdobeStock_203496627_dab_Rogalin-1.jpeg\" class=\"gallery-tiles__item\" data-src=\"https:\/\/www.polonia.travel\/it\/wp-content\/uploads\/sites\/20\/2025\/04\/AdobeStock_203496627_dab_Rogalin-1.jpeg\"\r\n        aria-label=\"Otw\u00f3rz powi\u0119kszone zdj\u0119cie: Stary D\u0105b szypu\u0142kowy w okolicy Rogalina\">\r\n        <img loading=\"lazy\" decoding=\"async\" width=\"1000\" height=\"667\" src=\"https:\/\/www.polonia.travel\/it\/wp-content\/uploads\/sites\/20\/2025\/04\/AdobeStock_203496627_dab_Rogalin-1.jpeg\" class=\"gallery-tiles__thumb\" alt=\"\" \/>      <\/a>\r\n      <\/div>\r\n<\/div><\/div>\n\n\n\n<div class=\"wp-block-group is-style-container-medium\"><div class=\"wp-block-group__inner-container is-layout-constrained wp-block-group-is-layout-constrained\">\n<div style=\"height:100px\" aria-hidden=\"true\" class=\"wp-block-spacer is-style-spacer-small\"><\/div>\n\n\n\n<p>Una nuova forma del viaggio alimentato dalla crescente consapevolezza sociale e ambientale dei viaggiatori stessi, che desiderano che le loro vacanze abbiano un&nbsp;<strong>impatto positivo<\/strong>, sia su di loro che sulle comunit\u00e0 che visitano. Un invito a viaggiare non solo&nbsp;<strong>con gli occhi<\/strong>&nbsp;ma&nbsp;<strong>con il cuore<\/strong>, aderendo ad un&nbsp;<strong>turismo lento<\/strong>&nbsp;e&nbsp;<strong>pi\u00f9 responsabile<\/strong>, rispettando l\u2019ambiente e le popolazioni locali.<\/p>\n\n\n\n<p>La&nbsp;<strong>Polonia<\/strong>&nbsp;\u00e8 sicuramente una delle mete da prediligere se si \u00e8 alla ricerca di una vacanza che incarni questo concetto, perch\u00e9 sono numerose le possibilit\u00e0 di scoprire la vera essenza di questo Paese attraverso passeggiate tranquille, percorsi ciclistici e visite, per assaporare momenti preziosi di evasione dalla routine.<\/p>\n<\/div><\/div>\n\n\n\n<div style=\"height:100px\" aria-hidden=\"true\" class=\"wp-block-spacer is-style-spacer-small\"><\/div>\n\n\n\n<div class=\"wp-block-cover is-light\"><span aria-hidden=\"true\" class=\"wp-block-cover__background has-white-background-color has-background-dim-0 has-background-dim\"><\/span><img loading=\"lazy\" decoding=\"async\" width=\"1900\" height=\"1000\" class=\"wp-block-cover__image-background wp-image-24007\" alt=\"\" src=\"https:\/\/www.polska.travel\/wp-content\/uploads\/2023\/04\/Certyfikaty-POT-bg2.jpg\" style=\"object-position:19% 30%\" data-object-fit=\"cover\" data-object-position=\"19% 30%\" srcset=\"https:\/\/www.polonia.travel\/it\/wp-content\/uploads\/sites\/20\/2023\/04\/Certyfikaty-POT-bg2.jpg 1900w, https:\/\/www.polonia.travel\/it\/wp-content\/uploads\/sites\/20\/2023\/04\/Certyfikaty-POT-bg2-600x316.jpg 600w, https:\/\/www.polonia.travel\/it\/wp-content\/uploads\/sites\/20\/2023\/04\/Certyfikaty-POT-bg2-1200x632.jpg 1200w, https:\/\/www.polonia.travel\/it\/wp-content\/uploads\/sites\/20\/2023\/04\/Certyfikaty-POT-bg2-768x404.jpg 768w, https:\/\/www.polonia.travel\/it\/wp-content\/uploads\/sites\/20\/2023\/04\/Certyfikaty-POT-bg2-1536x808.jpg 1536w\" sizes=\"auto, (max-width: 1900px) 100vw, 1900px\" \/><div class=\"wp-block-cover__inner-container is-layout-flow wp-block-cover-is-layout-flow\">\n<div class=\"wp-block-group is-style-container\"><div class=\"wp-block-group__inner-container is-layout-constrained wp-block-group-is-layout-constrained\">\n<div class=\"wp-block-group\"><div class=\"wp-block-group__inner-container is-layout-constrained wp-block-group-is-layout-constrained\">\n<div style=\"height:40px\" aria-hidden=\"true\" class=\"wp-block-spacer is-style-spacer-small\"><\/div>\n\n\n\n<h3 class=\"wp-block-heading is-style-heading-24 has-text-color\" style=\"color:#353537\">Scopri il lato cool della Polonia: natura, citt\u00e0 e cultura. <\/h3>\n\n\n\n<p>#CoolcationPolonia<\/p>\n\n\n\n<div style=\"height:40px\" aria-hidden=\"true\" class=\"wp-block-spacer is-style-spacer-small\"><\/div>\n<\/div><\/div>\n\n\n<div class=\"overflow\">\n  <div class=\"post-slider swiper post-slider--small\" data-schema=\"small\">\n\n    <div class=\"swiper-wrapper\">\n              <div class=\"swiper-slide post-slide\">\n                      <div class=\"post-slide__label\">\n              CoolcationPolonia            <\/div>\n                      <a href=\"https:\/\/www.polonia.travel\/it\/cracovia-sotto-unaltra-luce-natura-arte-e-scoperta\/\" class=\"post-box post-box--small\" style=\" background-image: url(https:\/\/www.polonia.travel\/it\/wp-content\/uploads\/sites\/20\/2025\/02\/Krakow_GettyImages-157441338.jpg);\">\n        <div class=\"post-box__info\">\n            <div class=\"post-box__title\">Cracovia sotto un\u2019altra luce. Natura, arte e scoperta<\/div>\n      <div class=\"post-box__more\">Leggi di pi\u00f9<\/div>\n    <\/div>\n  <\/a>\n\n          <\/div>\n              <div class=\"swiper-slide post-slide\">\n                      <div class=\"post-slide__label\">\n              CoolcationPolonia            <\/div>\n                      <a href=\"https:\/\/www.polonia.travel\/it\/malopolska-tanto-di-noto-e-altrettanto-da-scoprire\/\" class=\"post-box post-box--small\" style=\" background-image: url(https:\/\/www.polonia.travel\/it\/wp-content\/uploads\/sites\/20\/2025\/04\/7429_Pieskowa-skala_maczuga-Herkulesa_AB_HR.jpg);\">\n        <div class=\"post-box__info\">\n            <div class=\"post-box__title\">Ma\u0142opolska, tanto di noto e altrettanto da scoprire!<\/div>\n      <div class=\"post-box__more\">Leggi di pi\u00f9<\/div>\n    <\/div>\n  <\/a>\n\n          <\/div>\n              <div class=\"swiper-slide post-slide\">\n                      <div class=\"post-slide__label\">\n              CoolcationPolonia            <\/div>\n                      <a href=\"https:\/\/www.polonia.travel\/it\/varmia-e-masuria-lelogio-della-lentezza\/\" class=\"post-box post-box--small\" style=\" background-image: url(https:\/\/www.polonia.travel\/it\/wp-content\/uploads\/sites\/20\/2022\/12\/mazury_mragowo_jezioro_czos_1170-600x400.jpg);\">\n        <div class=\"post-box__info\">\n            <div class=\"post-box__title\">Varmia e Masuria, l\u2019elogio della lentezza<\/div>\n      <div class=\"post-box__more\">Leggi di pi\u00f9<\/div>\n    <\/div>\n  <\/a>\n\n          <\/div>\n              <div class=\"swiper-slide post-slide\">\n                      <div class=\"post-slide__label\">\n              CoolcationPolonia            <\/div>\n                      <a href=\"https:\/\/www.polonia.travel\/it\/la-bassa-slesia-una-terra-di-magia-tutta-da-scoprire\/\" class=\"post-box post-box--small\" style=\" background-image: url(https:\/\/www.polonia.travel\/it\/wp-content\/uploads\/sites\/20\/2025\/01\/245373114_Wroclaw_ratusz_Adobe-2.jpg);\">\n        <div class=\"post-box__info\">\n            <div class=\"post-box__title\">La Bassa Slesia \u2013 una terra di magia tutta da scoprire<\/div>\n      <div class=\"post-box__more\">Leggi di pi\u00f9<\/div>\n    <\/div>\n  <\/a>\n\n          <\/div>\n              <div class=\"swiper-slide post-slide\">\n                      <div class=\"post-slide__label\">\n              CoolcationPolonia            <\/div>\n                      <a href=\"https:\/\/www.polonia.travel\/it\/wielkopolska-una-vacanza-alternativa-allinsegna-di-storia-e-natura\/\" class=\"post-box post-box--small\" style=\" background-image: url(https:\/\/www.polonia.travel\/it\/wp-content\/uploads\/sites\/20\/2023\/07\/POZNAN_1-600x400.jpg);\">\n        <div class=\"post-box__info\">\n            <div class=\"post-box__title\">Wielkopolska: una vacanza alternativa all\u2019insegna di storia e natura<\/div>\n      <div class=\"post-box__more\">Leggi di pi\u00f9<\/div>\n    <\/div>\n  <\/a>\n\n          <\/div>\n              <div class=\"swiper-slide post-slide\">\n                      <div class=\"post-slide__label\">\n              CoolcationPolonia            <\/div>\n                      <a href=\"https:\/\/www.polonia.travel\/it\/vacanze-in-pomerania-storia-natura-e-freschezza\/\" class=\"post-box post-box--small\" style=\" background-image: url(https:\/\/www.polonia.travel\/it\/wp-content\/uploads\/sites\/20\/2024\/05\/AdobeStock_284889219_kaszuby-1-600x400.jpeg);\">\n        <div class=\"post-box__info\">\n            <div class=\"post-box__title\">Vacanze in Pomerania: storia, natura e freschezza<\/div>\n      <div class=\"post-box__more\">Leggi di pi\u00f9<\/div>\n    <\/div>\n  <\/a>\n\n          <\/div>\n          <\/div>\n    <div class=\"post-slider__pagination\"><\/div>\n  <\/div>\n<\/div>\n<\/div><\/div>\n\n\n\n<div style=\"height:40px\" aria-hidden=\"true\" class=\"wp-block-spacer\"><\/div>\n<\/div><\/div>\n","protected":false},"excerpt":{"rendered":"<p>Coolcation Attivit\u00e0 all\u2019aria aperta in ambienti naturali incontaminati, la scoperta di culture diverse,&nbsp;un\u2019architettura distintiva e tradizioni locali. La Polonia \u00e8 tutto questo e molto altro ancora.&nbsp;\u00c8 un Paese doppiamente cool per una vacanza all\u2019insegna del turismo sostenibile, responsabile e con un clima mite e piacevole.&nbsp;Una nuova dimensione del viaggio che invita a esplorare il suo [&hellip;]<\/p>\n","protected":false},"author":4,"featured_media":40465,"parent":0,"menu_order":0,"comment_status":"closed","ping_status":"closed","template":"","meta":{"_acf_changed":false,"footnotes":""},"class_list":["post-39756","page","type-page","status-publish","has-post-thumbnail","hentry"],"acf":[],"yoast_head":"<!-- This site is optimized with the Yoast SEO plugin v27.4 - https:\/\/yoast.com\/product\/yoast-seo-wordpress\/ -->\n<title>Coolcation - Polonia Travel (IT)<\/title>\n<meta name=\"robots\" content=\"index, follow, max-snippet:-1, max-image-preview:large, max-video-preview:-1\" \/>\n<link rel=\"canonical\" href=\"https:\/\/www.polonia.travel\/it\/coolcation\/\" \/>\n<meta property=\"og:locale\" content=\"pl_PL\" \/>\n<meta property=\"og:type\" content=\"article\" \/>\n<meta property=\"og:title\" content=\"Coolcation - Polonia Travel (IT)\" \/>\n<meta property=\"og:description\" content=\"Coolcation Attivit\u00e0 all\u2019aria aperta in ambienti naturali incontaminati, la scoperta di culture diverse,&nbsp;un\u2019architettura distintiva e tradizioni locali. La Polonia \u00e8 tutto questo e molto altro ancora.&nbsp;\u00c8 un Paese doppiamente cool per una vacanza all\u2019insegna del turismo sostenibile, responsabile e con un clima mite e piacevole.&nbsp;Una nuova dimensione del viaggio che invita a esplorare il suo [&hellip;]\" \/>\n<meta property=\"og:url\" content=\"https:\/\/www.polonia.travel\/it\/coolcation\/\" \/>\n<meta property=\"og:site_name\" content=\"Polonia Travel (IT)\" \/>\n<meta property=\"article:modified_time\" content=\"2025-04-07T14:20:23+00:00\" \/>\n<meta property=\"og:image\" content=\"https:\/\/www.polonia.travel\/it\/wp-content\/uploads\/sites\/20\/2025\/02\/AdobeStock_314639903_kajak.jpeg\" \/>\n\t<meta property=\"og:image:width\" content=\"1200\" \/>\n\t<meta property=\"og:image:height\" content=\"799\" \/>\n\t<meta property=\"og:image:type\" content=\"image\/jpeg\" \/>\n<meta name=\"twitter:card\" content=\"summary_large_image\" \/>\n<meta name=\"twitter:label1\" content=\"Szacowany czas czytania\" \/>\n\t<meta name=\"twitter:data1\" content=\"3 minuty\" \/>\n<script type=\"application\/ld+json\" class=\"yoast-schema-graph\">{\"@context\":\"https:\\\/\\\/schema.org\",\"@graph\":[{\"@type\":\"WebPage\",\"@id\":\"https:\\\/\\\/www.polonia.travel\\\/it\\\/coolcation\\\/\",\"url\":\"https:\\\/\\\/www.polonia.travel\\\/it\\\/coolcation\\\/\",\"name\":\"Coolcation - Polonia Travel (IT)\",\"isPartOf\":{\"@id\":\"https:\\\/\\\/www.polonia.travel\\\/it\\\/#website\"},\"primaryImageOfPage\":{\"@id\":\"https:\\\/\\\/www.polonia.travel\\\/it\\\/coolcation\\\/#primaryimage\"},\"image\":{\"@id\":\"https:\\\/\\\/www.polonia.travel\\\/it\\\/coolcation\\\/#primaryimage\"},\"thumbnailUrl\":\"https:\\\/\\\/www.polonia.travel\\\/it\\\/wp-content\\\/uploads\\\/sites\\\/20\\\/2025\\\/02\\\/AdobeStock_314639903_kajak.jpeg\",\"datePublished\":\"2024-09-10T10:44:27+00:00\",\"dateModified\":\"2025-04-07T14:20:23+00:00\",\"breadcrumb\":{\"@id\":\"https:\\\/\\\/www.polonia.travel\\\/it\\\/coolcation\\\/#breadcrumb\"},\"inLanguage\":\"pl-PL\",\"potentialAction\":[{\"@type\":\"ReadAction\",\"target\":[\"https:\\\/\\\/www.polonia.travel\\\/it\\\/coolcation\\\/\"]}]},{\"@type\":\"ImageObject\",\"inLanguage\":\"pl-PL\",\"@id\":\"https:\\\/\\\/www.polonia.travel\\\/it\\\/coolcation\\\/#primaryimage\",\"url\":\"https:\\\/\\\/www.polonia.travel\\\/it\\\/wp-content\\\/uploads\\\/sites\\\/20\\\/2025\\\/02\\\/AdobeStock_314639903_kajak.jpeg\",\"contentUrl\":\"https:\\\/\\\/www.polonia.travel\\\/it\\\/wp-content\\\/uploads\\\/sites\\\/20\\\/2025\\\/02\\\/AdobeStock_314639903_kajak.jpeg\",\"width\":5434,\"height\":3620,\"caption\":\"Kayaking on river near autumn forest, view from above\"},{\"@type\":\"BreadcrumbList\",\"@id\":\"https:\\\/\\\/www.polonia.travel\\\/it\\\/coolcation\\\/#breadcrumb\",\"itemListElement\":[{\"@type\":\"ListItem\",\"position\":1,\"name\":\"Home page\",\"item\":\"https:\\\/\\\/www.polonia.travel\\\/it\\\/\"},{\"@type\":\"ListItem\",\"position\":2,\"name\":\"Coolcation\"}]},{\"@type\":\"WebSite\",\"@id\":\"https:\\\/\\\/www.polonia.travel\\\/it\\\/#website\",\"url\":\"https:\\\/\\\/www.polonia.travel\\\/it\\\/\",\"name\":\"Polonia Travel (IT)\",\"description\":\"...\",\"publisher\":{\"@id\":\"https:\\\/\\\/www.polonia.travel\\\/it\\\/#organization\"},\"potentialAction\":[{\"@type\":\"SearchAction\",\"target\":{\"@type\":\"EntryPoint\",\"urlTemplate\":\"https:\\\/\\\/www.polonia.travel\\\/it\\\/?s={search_term_string}\"},\"query-input\":{\"@type\":\"PropertyValueSpecification\",\"valueRequired\":true,\"valueName\":\"search_term_string\"}}],\"inLanguage\":\"pl-PL\"},{\"@type\":\"Organization\",\"@id\":\"https:\\\/\\\/www.polonia.travel\\\/it\\\/#organization\",\"name\":\"Polonia Travel (IT)\",\"url\":\"https:\\\/\\\/www.polonia.travel\\\/it\\\/\",\"logo\":{\"@type\":\"ImageObject\",\"inLanguage\":\"pl-PL\",\"@id\":\"https:\\\/\\\/www.polonia.travel\\\/it\\\/#\\\/schema\\\/logo\\\/image\\\/\",\"url\":\"\",\"contentUrl\":\"\",\"caption\":\"Polonia Travel (IT)\"},\"image\":{\"@id\":\"https:\\\/\\\/www.polonia.travel\\\/it\\\/#\\\/schema\\\/logo\\\/image\\\/\"}}]}<\/script>\n<!-- \/ Yoast SEO plugin. -->","yoast_head_json":{"title":"Coolcation - Polonia Travel (IT)","robots":{"index":"index","follow":"follow","max-snippet":"max-snippet:-1","max-image-preview":"max-image-preview:large","max-video-preview":"max-video-preview:-1"},"canonical":"https:\/\/www.polonia.travel\/it\/coolcation\/","og_locale":"pl_PL","og_type":"article","og_title":"Coolcation - Polonia Travel (IT)","og_description":"Coolcation Attivit\u00e0 all\u2019aria aperta in ambienti naturali incontaminati, la scoperta di culture diverse,&nbsp;un\u2019architettura distintiva e tradizioni locali. La Polonia \u00e8 tutto questo e molto altro ancora.&nbsp;\u00c8 un Paese doppiamente cool per una vacanza all\u2019insegna del turismo sostenibile, responsabile e con un clima mite e piacevole.&nbsp;Una nuova dimensione del viaggio che invita a esplorare il suo [&hellip;]","og_url":"https:\/\/www.polonia.travel\/it\/coolcation\/","og_site_name":"Polonia Travel (IT)","article_modified_time":"2025-04-07T14:20:23+00:00","og_image":[{"url":"https:\/\/www.polonia.travel\/it\/wp-content\/uploads\/sites\/20\/2025\/02\/AdobeStock_314639903_kajak.jpeg","width":1200,"height":799,"type":"image\/jpeg"}],"twitter_card":"summary_large_image","twitter_misc":{"Szacowany czas czytania":"3 minuty"},"schema":{"@context":"https:\/\/schema.org","@graph":[{"@type":"WebPage","@id":"https:\/\/www.polonia.travel\/it\/coolcation\/","url":"https:\/\/www.polonia.travel\/it\/coolcation\/","name":"Coolcation - Polonia Travel (IT)","isPartOf":{"@id":"https:\/\/www.polonia.travel\/it\/#website"},"primaryImageOfPage":{"@id":"https:\/\/www.polonia.travel\/it\/coolcation\/#primaryimage"},"image":{"@id":"https:\/\/www.polonia.travel\/it\/coolcation\/#primaryimage"},"thumbnailUrl":"https:\/\/www.polonia.travel\/it\/wp-content\/uploads\/sites\/20\/2025\/02\/AdobeStock_314639903_kajak.jpeg","datePublished":"2024-09-10T10:44:27+00:00","dateModified":"2025-04-07T14:20:23+00:00","breadcrumb":{"@id":"https:\/\/www.polonia.travel\/it\/coolcation\/#breadcrumb"},"inLanguage":"pl-PL","potentialAction":[{"@type":"ReadAction","target":["https:\/\/www.polonia.travel\/it\/coolcation\/"]}]},{"@type":"ImageObject","inLanguage":"pl-PL","@id":"https:\/\/www.polonia.travel\/it\/coolcation\/#primaryimage","url":"https:\/\/www.polonia.travel\/it\/wp-content\/uploads\/sites\/20\/2025\/02\/AdobeStock_314639903_kajak.jpeg","contentUrl":"https:\/\/www.polonia.travel\/it\/wp-content\/uploads\/sites\/20\/2025\/02\/AdobeStock_314639903_kajak.jpeg","width":5434,"height":3620,"caption":"Kayaking on river near autumn forest, view from above"},{"@type":"BreadcrumbList","@id":"https:\/\/www.polonia.travel\/it\/coolcation\/#breadcrumb","itemListElement":[{"@type":"ListItem","position":1,"name":"Home page","item":"https:\/\/www.polonia.travel\/it\/"},{"@type":"ListItem","position":2,"name":"Coolcation"}]},{"@type":"WebSite","@id":"https:\/\/www.polonia.travel\/it\/#website","url":"https:\/\/www.polonia.travel\/it\/","name":"Polonia Travel (IT)","description":"...","publisher":{"@id":"https:\/\/www.polonia.travel\/it\/#organization"},"potentialAction":[{"@type":"SearchAction","target":{"@type":"EntryPoint","urlTemplate":"https:\/\/www.polonia.travel\/it\/?s={search_term_string}"},"query-input":{"@type":"PropertyValueSpecification","valueRequired":true,"valueName":"search_term_string"}}],"inLanguage":"pl-PL"},{"@type":"Organization","@id":"https:\/\/www.polonia.travel\/it\/#organization","name":"Polonia Travel (IT)","url":"https:\/\/www.polonia.travel\/it\/","logo":{"@type":"ImageObject","inLanguage":"pl-PL","@id":"https:\/\/www.polonia.travel\/it\/#\/schema\/logo\/image\/","url":"","contentUrl":"","caption":"Polonia Travel (IT)"},"image":{"@id":"https:\/\/www.polonia.travel\/it\/#\/schema\/logo\/image\/"}}]}},"_links":{"self":[{"href":"https:\/\/www.polonia.travel\/it\/wp-json\/wp\/v2\/pages\/39756","targetHints":{"allow":["GET"]}}],"collection":[{"href":"https:\/\/www.polonia.travel\/it\/wp-json\/wp\/v2\/pages"}],"about":[{"href":"https:\/\/www.polonia.travel\/it\/wp-json\/wp\/v2\/types\/page"}],"author":[{"embeddable":true,"href":"https:\/\/www.polonia.travel\/it\/wp-json\/wp\/v2\/users\/4"}],"replies":[{"embeddable":true,"href":"https:\/\/www.polonia.travel\/it\/wp-json\/wp\/v2\/comments?post=39756"}],"version-history":[{"count":41,"href":"https:\/\/www.polonia.travel\/it\/wp-json\/wp\/v2\/pages\/39756\/revisions"}],"predecessor-version":[{"id":41151,"href":"https:\/\/www.polonia.travel\/it\/wp-json\/wp\/v2\/pages\/39756\/revisions\/41151"}],"wp:featuredmedia":[{"embeddable":true,"href":"https:\/\/www.polonia.travel\/it\/wp-json\/wp\/v2\/media\/40465"}],"wp:attachment":[{"href":"https:\/\/www.polonia.travel\/it\/wp-json\/wp\/v2\/media?parent=39756"}],"curies":[{"name":"wp","href":"https:\/\/api.w.org\/{rel}","templated":true}]}}