{"id":607,"date":"2022-11-12T14:41:48","date_gmt":"2022-11-12T13:41:48","guid":{"rendered":"https:\/\/en-en.polska.travel\/?page_id=607"},"modified":"2024-05-22T11:48:48","modified_gmt":"2024-05-22T09:48:48","slug":"contacte","status":"publish","type":"page","link":"https:\/\/www.polonia.travel\/es\/contacte\/","title":{"rendered":"Contacte con nosotros"},"content":{"rendered":"\n<div class=\"wp-block-group is-style-container-medium\"><div class=\"wp-block-group__inner-container is-layout-constrained wp-block-group-is-layout-constrained\">\n<h1 class=\"wp-block-heading is-style-heading-48\"><a href=\"https:\/\/www.polonia.travel\/es\/contacte-con-nosotros\">Contacte con nosotros<\/a><\/h1>\n\n\n\n<p><\/p>\n<\/div><\/div>\n\n\n\n<div style=\"height:100px\" aria-hidden=\"true\" class=\"wp-block-spacer is-style-spacer-medium\"><\/div>\n\n\n\n<div class=\"wp-block-group is-style-container-small\"><div class=\"wp-block-group__inner-container is-layout-constrained wp-block-group-is-layout-constrained\">\n<h2 class=\"wp-block-heading is-style-heading-38\">Rellene el formulario<\/h2>\n\n\n\n<div style=\"height:100px\" aria-hidden=\"true\" class=\"wp-block-spacer is-style-spacer-small\"><\/div>\n\n\n\n<div class=\"contact\">\n    <div class=\"contact__form contact__form--no-bg\">\n    \n<div class=\"wpcf7 no-js\" id=\"wpcf7-f307-o1\" lang=\"pl-PL\" dir=\"ltr\" data-wpcf7-id=\"307\">\n<div class=\"screen-reader-response\"><p role=\"status\" aria-live=\"polite\" aria-atomic=\"true\"><\/p> <ul><\/ul><\/div>\n<form action=\"\/es\/wp-json\/wp\/v2\/pages\/607#wpcf7-f307-o1\" method=\"post\" class=\"wpcf7-form init wpcf7-acceptance-as-validation\" aria-label=\"Formularz kontaktowy\" novalidate=\"novalidate\" data-status=\"init\">\n<fieldset class=\"hidden-fields-container\"><input type=\"hidden\" name=\"_wpcf7\" value=\"307\" \/><input type=\"hidden\" name=\"_wpcf7_version\" value=\"6.1.5\" \/><input type=\"hidden\" name=\"_wpcf7_locale\" value=\"pl_PL\" \/><input type=\"hidden\" name=\"_wpcf7_unit_tag\" value=\"wpcf7-f307-o1\" \/><input type=\"hidden\" name=\"_wpcf7_container_post\" value=\"0\" \/><input type=\"hidden\" name=\"_wpcf7_posted_data_hash\" value=\"\" \/><input type=\"hidden\" name=\"_wpcf7_recaptcha_response\" value=\"\" \/>\n<\/fieldset>\n<label class=\"field\"> \n<div class=\"field__label\">Nombre y apellido<\/div>\n<div class=\"field__field\"><span class=\"wpcf7-form-control-wrap\" data-name=\"your-name\"><input size=\"40\" maxlength=\"400\" class=\"wpcf7-form-control wpcf7-text wpcf7-validates-as-required\" aria-required=\"true\" aria-invalid=\"false\" placeholder=\"Nombre y apellido\" value=\"\" type=\"text\" name=\"your-name\" \/><\/span><\/div>\n<\/label>\n\n<label class=\"field\"> \n<div class=\"field__label\">Tu email*<\/div>\n<div class=\"field__field\"><span class=\"wpcf7-form-control-wrap\" data-name=\"your-email\"><input size=\"40\" maxlength=\"400\" class=\"wpcf7-form-control wpcf7-email wpcf7-validates-as-required wpcf7-text wpcf7-validates-as-email\" aria-required=\"true\" aria-invalid=\"false\" placeholder=\"Tu email*\" value=\"\" type=\"email\" name=\"your-email\" \/><\/span><\/div>\n<\/label>\n\n<label class=\"field\"> \n<div class=\"field__label\">Tema<\/div>\n<div class=\"field__field\"><span class=\"wpcf7-form-control-wrap\" data-name=\"subject\"><select class=\"wpcf7-form-control wpcf7-select\" aria-invalid=\"false\" name=\"subject\"><option value=\"Seleccionar tema\">Seleccionar tema<\/option><option value=\"Solicitud de Informaci\u00f3n\">Solicitud de Informaci\u00f3n<\/option><option value=\"He encontrado informaci\u00f3n incorrecta\">He encontrado informaci\u00f3n incorrecta<\/option><option value=\"Comparte la noticia\">Comparte la noticia<\/option><\/select><\/span><\/div>\n<\/label>\n\n<label class=\"field\"> \n<div class=\"field__label\">Contenido<\/div>\n<div class=\"field__field\"><span class=\"wpcf7-form-control-wrap\" data-name=\"your-message\"><textarea cols=\"40\" rows=\"10\" maxlength=\"2000\" class=\"wpcf7-form-control wpcf7-textarea\" aria-invalid=\"false\" placeholder=\"Contenido\" name=\"your-message\"><\/textarea><\/span><\/div>\n<\/label>\n\n<label class=\"field\">\n<div class=\"field__field\"><span class=\"wpcf7-form-control-wrap\" data-name=\"honeypot\"><input size=\"40\" maxlength=\"400\" class=\"wpcf7-form-control wpcf7-text honeypot\" aria-invalid=\"false\" value=\"\" type=\"text\" name=\"honeypot\" \/><\/span><\/div>\n<\/label>\n\n<label class=\"field\">\n<div class=\"field__label\">\u00bfCu\u00e1nto es 2 + 3?<\/div>\n<div class=\"field__field\"><span class=\"wpcf7-form-control-wrap\" data-name=\"math-question\"><input size=\"40\" maxlength=\"400\" class=\"wpcf7-form-control wpcf7-text wpcf7-validates-as-required\" aria-required=\"true\" aria-invalid=\"false\" value=\"\" type=\"text\" name=\"math-question\" \/><\/span><\/div>\n<\/label>\n\n<div class=\"checkbox-wrapper\">\n<span class=\"wpcf7-form-control-wrap\" data-name=\"agree-2\"><span class=\"wpcf7-form-control wpcf7-acceptance\"><span class=\"wpcf7-list-item\"><label><input type=\"checkbox\" name=\"agree-2\" value=\"1\" aria-invalid=\"false\" \/><span class=\"wpcf7-list-item-label\"><span class=\"required-info\">*<\/span> <strong>He le\u00eddo la informaci\u00f3n sobre el administrador de mis datos y su tratamiento<\/strong><\/span><\/label><\/span><\/span><\/span>\n<\/div>\n\n\n\n<div class=\"checkbox-wrapper\">\n<span class=\"wpcf7-form-control-wrap\" data-name=\"agree-2\"><span class=\"wpcf7-form-control wpcf7-acceptance\"><span class=\"wpcf7-list-item\"><label><input type=\"checkbox\" name=\"agree-2\" value=\"1\" aria-invalid=\"false\" \/><span class=\"wpcf7-list-item-label\"><span class=\"required-info\">*<\/span> <strong>De  acuerdo con el  art\u00edculo 6, apartado 1, letra a) de la normativa general sobre protecci\u00f3n de datos de 27 de abril de 2016, doy mi consentimiento para que la Organizaci\u00f3n de Turismo  de Polonia, con sede en Varsovia, calle M\u0142ynarska 42, procese mis datos personales incluidos en este formulario con objeto de responder al mensaje enviado. El consentimiento es voluntario y se puede retirar en cualquier momento enviando un mensaje a la direcci\u00f3n de correo electr\u00f3nico (dpo@pot.gov.pl) de nuestro inspector en seguridad de datos, siempre desde la direcci\u00f3n asociada a dicho consentimiento. Si no da su consentimiento para el tratamiento de datos, no podremos responder al mensaje que haya enviado.\n\nEl consentimiento es voluntario y se puede retirar en cualquier momento enviando un mensaje a la direcci\u00f3n de correo electr\u00f3nico (dpo@pot.gov.pl) de nuestro inspector en seguridad de datos, siempre desde la direcci\u00f3n asociada a dicho consentimiento. Si no da su consentimiento para el tratamiento de datos, no podremos responder al mensaje que haya enviado.\n<p><a href=\"https:\/\/www.polonia.travel\/es\/la-informacion-sobre-el-administrador-de-datos-y-su-tratamiento-contacto\/\">La informaci\u00f3n sobre el administrador de datos y su tratamiento<\/a><\/p>\n\n<\/strong><\/span><\/label><\/span><\/span><\/span>\n<\/div>\n\n<div class=\"text-right relative\">\n\n<button type=\"submit\" class=\"wpcf7-form-control has-spinner wpcf7-submit btn btn--blue btn--send\">Send a message<\/button>\n<div class=\"wpcf7-response-output\" aria-hidden=\"true\"><\/div>\n\n<\/div>\n<\/form>\n<\/div>\n  <\/div>\n<\/div>\n<\/div><\/div>\n","protected":false},"excerpt":{"rendered":"<p>Contacte con nosotros Rellene el formulario<\/p>\n","protected":false},"author":1,"featured_media":0,"parent":0,"menu_order":0,"comment_status":"closed","ping_status":"closed","template":"","meta":{"_acf_changed":false,"footnotes":""},"class_list":["post-607","page","type-page","status-publish","hentry"],"acf":[],"yoast_head":"<!-- This site is optimized with the Yoast SEO plugin v27.4 - https:\/\/yoast.com\/product\/yoast-seo-wordpress\/ -->\n<title>Contacte con nosotros - Polonia Travel (ES)<\/title>\n<meta name=\"robots\" content=\"index, follow, max-snippet:-1, max-image-preview:large, max-video-preview:-1\" \/>\n<link rel=\"canonical\" href=\"https:\/\/www.polonia.travel\/es\/contacte\/\" \/>\n<meta property=\"og:locale\" content=\"pl_PL\" \/>\n<meta property=\"og:type\" content=\"article\" \/>\n<meta property=\"og:title\" content=\"Contacte con nosotros - Polonia Travel (ES)\" \/>\n<meta property=\"og:description\" content=\"Contacte con nosotros Rellene el formulario\" \/>\n<meta property=\"og:url\" content=\"https:\/\/www.polonia.travel\/es\/contacte\/\" \/>\n<meta property=\"og:site_name\" content=\"Polonia Travel (ES)\" \/>\n<meta property=\"article:modified_time\" content=\"2024-05-22T09:48:48+00:00\" \/>\n<meta name=\"twitter:card\" content=\"summary_large_image\" \/>\n<meta name=\"twitter:label1\" content=\"Szacowany czas czytania\" \/>\n\t<meta name=\"twitter:data1\" content=\"1 minuta\" \/>\n<script type=\"application\/ld+json\" class=\"yoast-schema-graph\">{\"@context\":\"https:\\\/\\\/schema.org\",\"@graph\":[{\"@type\":\"WebPage\",\"@id\":\"https:\\\/\\\/www.polonia.travel\\\/es\\\/contacte\\\/\",\"url\":\"https:\\\/\\\/www.polonia.travel\\\/es\\\/contacte\\\/\",\"name\":\"Contacte con nosotros - Polonia Travel (ES)\",\"isPartOf\":{\"@id\":\"https:\\\/\\\/www.polonia.travel\\\/es\\\/#website\"},\"datePublished\":\"2022-11-12T13:41:48+00:00\",\"dateModified\":\"2024-05-22T09:48:48+00:00\",\"breadcrumb\":{\"@id\":\"https:\\\/\\\/www.polonia.travel\\\/es\\\/contacte\\\/#breadcrumb\"},\"inLanguage\":\"pl-PL\",\"potentialAction\":[{\"@type\":\"ReadAction\",\"target\":[\"https:\\\/\\\/www.polonia.travel\\\/es\\\/contacte\\\/\"]}]},{\"@type\":\"BreadcrumbList\",\"@id\":\"https:\\\/\\\/www.polonia.travel\\\/es\\\/contacte\\\/#breadcrumb\",\"itemListElement\":[{\"@type\":\"ListItem\",\"position\":1,\"name\":\"Home page\",\"item\":\"https:\\\/\\\/www.polonia.travel\\\/es\\\/\"},{\"@type\":\"ListItem\",\"position\":2,\"name\":\"Contacte con nosotros\"}]},{\"@type\":\"WebSite\",\"@id\":\"https:\\\/\\\/www.polonia.travel\\\/es\\\/#website\",\"url\":\"https:\\\/\\\/www.polonia.travel\\\/es\\\/\",\"name\":\"Polonia Travel (ES)\",\"description\":\"...\",\"publisher\":{\"@id\":\"https:\\\/\\\/www.polonia.travel\\\/es\\\/#organization\"},\"potentialAction\":[{\"@type\":\"SearchAction\",\"target\":{\"@type\":\"EntryPoint\",\"urlTemplate\":\"https:\\\/\\\/www.polonia.travel\\\/es\\\/?s={search_term_string}\"},\"query-input\":{\"@type\":\"PropertyValueSpecification\",\"valueRequired\":true,\"valueName\":\"search_term_string\"}}],\"inLanguage\":\"pl-PL\"},{\"@type\":\"Organization\",\"@id\":\"https:\\\/\\\/www.polonia.travel\\\/es\\\/#organization\",\"name\":\"Polonia Travel (ES)\",\"url\":\"https:\\\/\\\/www.polonia.travel\\\/es\\\/\",\"logo\":{\"@type\":\"ImageObject\",\"inLanguage\":\"pl-PL\",\"@id\":\"https:\\\/\\\/www.polonia.travel\\\/es\\\/#\\\/schema\\\/logo\\\/image\\\/\",\"url\":\"\",\"contentUrl\":\"\",\"caption\":\"Polonia Travel (ES)\"},\"image\":{\"@id\":\"https:\\\/\\\/www.polonia.travel\\\/es\\\/#\\\/schema\\\/logo\\\/image\\\/\"}}]}<\/script>\n<!-- \/ Yoast SEO plugin. -->","yoast_head_json":{"title":"Contacte con nosotros - Polonia Travel (ES)","robots":{"index":"index","follow":"follow","max-snippet":"max-snippet:-1","max-image-preview":"max-image-preview:large","max-video-preview":"max-video-preview:-1"},"canonical":"https:\/\/www.polonia.travel\/es\/contacte\/","og_locale":"pl_PL","og_type":"article","og_title":"Contacte con nosotros - Polonia Travel (ES)","og_description":"Contacte con nosotros Rellene el formulario","og_url":"https:\/\/www.polonia.travel\/es\/contacte\/","og_site_name":"Polonia Travel (ES)","article_modified_time":"2024-05-22T09:48:48+00:00","twitter_card":"summary_large_image","twitter_misc":{"Szacowany czas czytania":"1 minuta"},"schema":{"@context":"https:\/\/schema.org","@graph":[{"@type":"WebPage","@id":"https:\/\/www.polonia.travel\/es\/contacte\/","url":"https:\/\/www.polonia.travel\/es\/contacte\/","name":"Contacte con nosotros - Polonia Travel (ES)","isPartOf":{"@id":"https:\/\/www.polonia.travel\/es\/#website"},"datePublished":"2022-11-12T13:41:48+00:00","dateModified":"2024-05-22T09:48:48+00:00","breadcrumb":{"@id":"https:\/\/www.polonia.travel\/es\/contacte\/#breadcrumb"},"inLanguage":"pl-PL","potentialAction":[{"@type":"ReadAction","target":["https:\/\/www.polonia.travel\/es\/contacte\/"]}]},{"@type":"BreadcrumbList","@id":"https:\/\/www.polonia.travel\/es\/contacte\/#breadcrumb","itemListElement":[{"@type":"ListItem","position":1,"name":"Home page","item":"https:\/\/www.polonia.travel\/es\/"},{"@type":"ListItem","position":2,"name":"Contacte con nosotros"}]},{"@type":"WebSite","@id":"https:\/\/www.polonia.travel\/es\/#website","url":"https:\/\/www.polonia.travel\/es\/","name":"Polonia Travel (ES)","description":"...","publisher":{"@id":"https:\/\/www.polonia.travel\/es\/#organization"},"potentialAction":[{"@type":"SearchAction","target":{"@type":"EntryPoint","urlTemplate":"https:\/\/www.polonia.travel\/es\/?s={search_term_string}"},"query-input":{"@type":"PropertyValueSpecification","valueRequired":true,"valueName":"search_term_string"}}],"inLanguage":"pl-PL"},{"@type":"Organization","@id":"https:\/\/www.polonia.travel\/es\/#organization","name":"Polonia Travel (ES)","url":"https:\/\/www.polonia.travel\/es\/","logo":{"@type":"ImageObject","inLanguage":"pl-PL","@id":"https:\/\/www.polonia.travel\/es\/#\/schema\/logo\/image\/","url":"","contentUrl":"","caption":"Polonia Travel (ES)"},"image":{"@id":"https:\/\/www.polonia.travel\/es\/#\/schema\/logo\/image\/"}}]}},"_links":{"self":[{"href":"https:\/\/www.polonia.travel\/es\/wp-json\/wp\/v2\/pages\/607","targetHints":{"allow":["GET"]}}],"collection":[{"href":"https:\/\/www.polonia.travel\/es\/wp-json\/wp\/v2\/pages"}],"about":[{"href":"https:\/\/www.polonia.travel\/es\/wp-json\/wp\/v2\/types\/page"}],"author":[{"embeddable":true,"href":"https:\/\/www.polonia.travel\/es\/wp-json\/wp\/v2\/users\/1"}],"replies":[{"embeddable":true,"href":"https:\/\/www.polonia.travel\/es\/wp-json\/wp\/v2\/comments?post=607"}],"version-history":[{"count":15,"href":"https:\/\/www.polonia.travel\/es\/wp-json\/wp\/v2\/pages\/607\/revisions"}],"predecessor-version":[{"id":33975,"href":"https:\/\/www.polonia.travel\/es\/wp-json\/wp\/v2\/pages\/607\/revisions\/33975"}],"wp:attachment":[{"href":"https:\/\/www.polonia.travel\/es\/wp-json\/wp\/v2\/media?parent=607"}],"curies":[{"name":"wp","href":"https:\/\/api.w.org\/{rel}","templated":true}]}}