{"id":38854,"date":"2026-03-09T16:40:14","date_gmt":"2026-03-09T15:40:14","guid":{"rendered":"https:\/\/www.polonia.travel\/es\/?page_id=38854"},"modified":"2026-03-09T16:42:25","modified_gmt":"2026-03-09T15:42:25","slug":"agenda-cultural","status":"publish","type":"page","link":"https:\/\/www.polonia.travel\/es\/agenda-cultural\/","title":{"rendered":"Agenda cultural"},"content":{"rendered":"\n<div class=\"wp-block-group is-style-container-medium\"><div class=\"wp-block-group__inner-container is-layout-constrained wp-block-group-is-layout-constrained\">\n<h2 class=\"wp-block-heading\">Agenda Cultural<\/h2>\n\n\n\n<p>Polonia cuenta con una agenda cultural muy rica y din\u00e1mica a lo largo de todo el a\u00f1o. En ciudades como Varsovia, Cracovia o Gdansk se organizan numerosos festivales de m\u00fasica, teatro, cine y arte contempor\u00e1neo que atraen tanto a p\u00fablico local como internacional. Descubre nuestra agenda de actividades de ocio y cultura.<\/p>\n<\/div><\/div>\n\n\n\n<div class=\"wp-block-group is-style-container-medium\"><div class=\"wp-block-group__inner-container is-layout-constrained wp-block-group-is-layout-constrained\">\n  <div class=\"links-tiles links-tiles--rows-2-3\" id=\"listing\">\n            <div class=\"links-tiles__item\">\n                      <a href=\"https:\/\/www.polonia.travel\/es\/entre-vikingos-y-los-festivales-de-luz\/\" class=\"link-box\" style=\" background-image: url(https:\/\/www.polonia.travel\/es\/wp-content\/uploads\/sites\/18\/2022\/12\/centrum_slowian_i_wikingow_w_wolinie_2_1170.jpg);\">\n              <div class=\"link-box__hover\" style=\"background-image: url(https:\/\/www.polonia.travel\/es\/wp-content\/uploads\/sites\/18\/2024\/07\/Feria-de-Santo-Domingo-foto-cedida-por-Oficina-de-Promocion-de-GdanskJD01_050-1200x800.jpg);\"><\/div>\n        <div class=\"link-box__info\">\n      <div class=\"link-box__title\">Entre vikingos y los festivales de luz<\/div>\n      <div class=\"link-box__more\">Leer m\u00e1s<\/div>\n    <\/div>\n  <\/a>\n\n          <\/div>\n                  <div class=\"links-tiles__item\">\n                      <a href=\"https:\/\/www.polonia.travel\/es\/festivales-estrellas-y-mucho-mas-conciertos-en-2026\/\" class=\"link-box\" style=\" background-image: url(https:\/\/www.polonia.travel\/es\/wp-content\/uploads\/sites\/18\/2024\/05\/45471132_Fotolia_Koncert_dlonie_P.jpg);\">\n              <div class=\"link-box__hover\" style=\"background-image: url(https:\/\/www.polonia.travel\/es\/wp-content\/uploads\/sites\/18\/2024\/04\/Koncert-przed-PKiN_1170.jpg);\"><\/div>\n        <div class=\"link-box__info\">\n      <div class=\"link-box__title\">Festivales, estrellas y mucho m\u00e1s: conciertos en 2026<\/div>\n      <div class=\"link-box__more\">Leer m\u00e1s<\/div>\n    <\/div>\n  <\/a>\n\n          <\/div>\n                  <div class=\"links-tiles__item\">\n                      <a href=\"https:\/\/www.polonia.travel\/es\/en-clave-de-jazz\/\" class=\"link-box\" style=\" background-image: url(https:\/\/www.polonia.travel\/es\/wp-content\/uploads\/sites\/18\/2024\/07\/Jazz-na-Starym-Mieycie_fot.-m.st_.Warszawa-1200x800.jpg);\">\n              <div class=\"link-box__hover\" style=\"background-image: url(https:\/\/www.polonia.travel\/es\/wp-content\/uploads\/sites\/18\/2024\/04\/Festival20Nuevos20Horizontes20en20Wroclaw20fot.MiC582osz20Poloch20540x360.jpg);\"><\/div>\n        <div class=\"link-box__info\">\n      <div class=\"link-box__title\">En clave de Jazz<\/div>\n      <div class=\"link-box__more\">Leer m\u00e1s<\/div>\n    <\/div>\n  <\/a>\n\n          <\/div>\n                  <div class=\"links-tiles__item\">\n                      <a href=\"https:\/\/www.polonia.travel\/es\/si-te-gusta-la-musica-clasica\/\" class=\"link-box\" style=\" background-image: url(https:\/\/www.polonia.travel\/es\/wp-content\/uploads\/sites\/18\/2024\/07\/POT_Wybrane-016_Wroclaw_koncert-1200x899.jpg);\">\n              <div class=\"link-box__hover\" style=\"background-image: url(https:\/\/www.polonia.travel\/es\/wp-content\/uploads\/sites\/18\/2024\/04\/Siedziba20NOSPR20220fot.20UM20Katowice20540x360.jpg);\"><\/div>\n        <div class=\"link-box__info\">\n      <div class=\"link-box__title\">Si te gusta la m\u00fasica cl\u00e1sica<\/div>\n      <div class=\"link-box__more\">Leer m\u00e1s<\/div>\n    <\/div>\n  <\/a>\n\n          <\/div>\n                  <div class=\"links-tiles__item\">\n                      <a href=\"https:\/\/www.polonia.travel\/es\/chopin-bajo-el-sauce\/\" class=\"link-box\" style=\" background-image: url(https:\/\/www.polonia.travel\/es\/wp-content\/uploads\/sites\/18\/2024\/04\/0047_C398aweczka20Chopina_fot.20m.st_.20Warszawa_licencja20nieograniczona_SBT_HR20540x360.jpg);\">\n              <div class=\"link-box__hover\" style=\"background-image: url(https:\/\/www.polonia.travel\/es\/wp-content\/uploads\/sites\/18\/2023\/07\/warszawa_pomnik_chopina_lazienki_kroleskie_jesien_1_1170-e1724159084455.jpg);\"><\/div>\n        <div class=\"link-box__info\">\n      <div class=\"link-box__title\">Chopin bajo el sauce<\/div>\n      <div class=\"link-box__more\">Leer m\u00e1s<\/div>\n    <\/div>\n  <\/a>\n\n          <\/div>\n            <\/div>\n  \n<\/div><\/div>\n\n\n\n<div style=\"height:100px\" aria-hidden=\"true\" class=\"wp-block-spacer\"><\/div>\n","protected":false},"excerpt":{"rendered":"<p>Agenda Cultural Polonia cuenta con una agenda cultural muy rica y din\u00e1mica a lo largo de todo el a\u00f1o. En ciudades como Varsovia, Cracovia o Gdansk se organizan numerosos festivales de m\u00fasica, teatro, cine y arte contempor\u00e1neo que atraen tanto a p\u00fablico local como internacional. Descubre nuestra agenda de actividades de ocio y cultura.<\/p>\n","protected":false},"author":22,"featured_media":28301,"parent":0,"menu_order":0,"comment_status":"closed","ping_status":"closed","template":"","meta":{"_acf_changed":false,"footnotes":""},"class_list":["post-38854","page","type-page","status-publish","has-post-thumbnail","hentry"],"acf":[],"yoast_head":"<!-- This site is optimized with the Yoast SEO plugin v27.5 - https:\/\/yoast.com\/product\/yoast-seo-wordpress\/ -->\n<title>Agenda cultural - Polonia Travel (ES)<\/title>\n<meta name=\"robots\" content=\"index, follow, max-snippet:-1, max-image-preview:large, max-video-preview:-1\" \/>\n<link rel=\"canonical\" href=\"https:\/\/www.polonia.travel\/es\/agenda-cultural\/\" \/>\n<meta property=\"og:locale\" content=\"pl_PL\" \/>\n<meta property=\"og:type\" content=\"article\" \/>\n<meta property=\"og:title\" content=\"Agenda cultural - Polonia Travel (ES)\" \/>\n<meta property=\"og:description\" content=\"Agenda Cultural Polonia cuenta con una agenda cultural muy rica y din\u00e1mica a lo largo de todo el a\u00f1o. En ciudades como Varsovia, Cracovia o Gdansk se organizan numerosos festivales de m\u00fasica, teatro, cine y arte contempor\u00e1neo que atraen tanto a p\u00fablico local como internacional. Descubre nuestra agenda de actividades de ocio y cultura.\" \/>\n<meta property=\"og:url\" content=\"https:\/\/www.polonia.travel\/es\/agenda-cultural\/\" \/>\n<meta property=\"og:site_name\" content=\"Polonia Travel (ES)\" \/>\n<meta property=\"article:modified_time\" content=\"2026-03-09T15:42:25+00:00\" \/>\n<meta property=\"og:image\" content=\"https:\/\/www.polonia.travel\/es\/wp-content\/uploads\/sites\/18\/2023\/07\/warszawa_festiwal_singera_1170_1.jpg\" \/>\n\t<meta property=\"og:image:width\" content=\"1170\" \/>\n\t<meta property=\"og:image:height\" content=\"780\" \/>\n\t<meta property=\"og:image:type\" content=\"image\/jpeg\" \/>\n<meta name=\"twitter:card\" content=\"summary_large_image\" \/>\n<meta name=\"twitter:label1\" content=\"Szacowany czas czytania\" \/>\n\t<meta name=\"twitter:data1\" content=\"1 minuta\" \/>\n<script type=\"application\/ld+json\" class=\"yoast-schema-graph\">{\"@context\":\"https:\\\/\\\/schema.org\",\"@graph\":[{\"@type\":\"WebPage\",\"@id\":\"https:\\\/\\\/www.polonia.travel\\\/es\\\/agenda-cultural\\\/\",\"url\":\"https:\\\/\\\/www.polonia.travel\\\/es\\\/agenda-cultural\\\/\",\"name\":\"Agenda cultural - Polonia Travel (ES)\",\"isPartOf\":{\"@id\":\"https:\\\/\\\/www.polonia.travel\\\/es\\\/#website\"},\"primaryImageOfPage\":{\"@id\":\"https:\\\/\\\/www.polonia.travel\\\/es\\\/agenda-cultural\\\/#primaryimage\"},\"image\":{\"@id\":\"https:\\\/\\\/www.polonia.travel\\\/es\\\/agenda-cultural\\\/#primaryimage\"},\"thumbnailUrl\":\"https:\\\/\\\/www.polonia.travel\\\/es\\\/wp-content\\\/uploads\\\/sites\\\/18\\\/2023\\\/07\\\/warszawa_festiwal_singera_1170_1.jpg\",\"datePublished\":\"2026-03-09T15:40:14+00:00\",\"dateModified\":\"2026-03-09T15:42:25+00:00\",\"breadcrumb\":{\"@id\":\"https:\\\/\\\/www.polonia.travel\\\/es\\\/agenda-cultural\\\/#breadcrumb\"},\"inLanguage\":\"pl-PL\",\"potentialAction\":[{\"@type\":\"ReadAction\",\"target\":[\"https:\\\/\\\/www.polonia.travel\\\/es\\\/agenda-cultural\\\/\"]}]},{\"@type\":\"ImageObject\",\"inLanguage\":\"pl-PL\",\"@id\":\"https:\\\/\\\/www.polonia.travel\\\/es\\\/agenda-cultural\\\/#primaryimage\",\"url\":\"https:\\\/\\\/www.polonia.travel\\\/es\\\/wp-content\\\/uploads\\\/sites\\\/18\\\/2023\\\/07\\\/warszawa_festiwal_singera_1170_1.jpg\",\"contentUrl\":\"https:\\\/\\\/www.polonia.travel\\\/es\\\/wp-content\\\/uploads\\\/sites\\\/18\\\/2023\\\/07\\\/warszawa_festiwal_singera_1170_1.jpg\",\"width\":1170,\"height\":780},{\"@type\":\"BreadcrumbList\",\"@id\":\"https:\\\/\\\/www.polonia.travel\\\/es\\\/agenda-cultural\\\/#breadcrumb\",\"itemListElement\":[{\"@type\":\"ListItem\",\"position\":1,\"name\":\"Home page\",\"item\":\"https:\\\/\\\/www.polonia.travel\\\/es\\\/\"},{\"@type\":\"ListItem\",\"position\":2,\"name\":\"Agenda cultural\"}]},{\"@type\":\"WebSite\",\"@id\":\"https:\\\/\\\/www.polonia.travel\\\/es\\\/#website\",\"url\":\"https:\\\/\\\/www.polonia.travel\\\/es\\\/\",\"name\":\"Polonia Travel (ES)\",\"description\":\"...\",\"publisher\":{\"@id\":\"https:\\\/\\\/www.polonia.travel\\\/es\\\/#organization\"},\"potentialAction\":[{\"@type\":\"SearchAction\",\"target\":{\"@type\":\"EntryPoint\",\"urlTemplate\":\"https:\\\/\\\/www.polonia.travel\\\/es\\\/?s={search_term_string}\"},\"query-input\":{\"@type\":\"PropertyValueSpecification\",\"valueRequired\":true,\"valueName\":\"search_term_string\"}}],\"inLanguage\":\"pl-PL\"},{\"@type\":\"Organization\",\"@id\":\"https:\\\/\\\/www.polonia.travel\\\/es\\\/#organization\",\"name\":\"Polonia Travel (ES)\",\"url\":\"https:\\\/\\\/www.polonia.travel\\\/es\\\/\",\"logo\":{\"@type\":\"ImageObject\",\"inLanguage\":\"pl-PL\",\"@id\":\"https:\\\/\\\/www.polonia.travel\\\/es\\\/#\\\/schema\\\/logo\\\/image\\\/\",\"url\":\"\",\"contentUrl\":\"\",\"caption\":\"Polonia Travel (ES)\"},\"image\":{\"@id\":\"https:\\\/\\\/www.polonia.travel\\\/es\\\/#\\\/schema\\\/logo\\\/image\\\/\"}}]}<\/script>\n<!-- \/ Yoast SEO plugin. -->","yoast_head_json":{"title":"Agenda cultural - Polonia Travel (ES)","robots":{"index":"index","follow":"follow","max-snippet":"max-snippet:-1","max-image-preview":"max-image-preview:large","max-video-preview":"max-video-preview:-1"},"canonical":"https:\/\/www.polonia.travel\/es\/agenda-cultural\/","og_locale":"pl_PL","og_type":"article","og_title":"Agenda cultural - Polonia Travel (ES)","og_description":"Agenda Cultural Polonia cuenta con una agenda cultural muy rica y din\u00e1mica a lo largo de todo el a\u00f1o. En ciudades como Varsovia, Cracovia o Gdansk se organizan numerosos festivales de m\u00fasica, teatro, cine y arte contempor\u00e1neo que atraen tanto a p\u00fablico local como internacional. Descubre nuestra agenda de actividades de ocio y cultura.","og_url":"https:\/\/www.polonia.travel\/es\/agenda-cultural\/","og_site_name":"Polonia Travel (ES)","article_modified_time":"2026-03-09T15:42:25+00:00","og_image":[{"width":1170,"height":780,"url":"https:\/\/www.polonia.travel\/es\/wp-content\/uploads\/sites\/18\/2023\/07\/warszawa_festiwal_singera_1170_1.jpg","type":"image\/jpeg"}],"twitter_card":"summary_large_image","twitter_misc":{"Szacowany czas czytania":"1 minuta"},"schema":{"@context":"https:\/\/schema.org","@graph":[{"@type":"WebPage","@id":"https:\/\/www.polonia.travel\/es\/agenda-cultural\/","url":"https:\/\/www.polonia.travel\/es\/agenda-cultural\/","name":"Agenda cultural - Polonia Travel (ES)","isPartOf":{"@id":"https:\/\/www.polonia.travel\/es\/#website"},"primaryImageOfPage":{"@id":"https:\/\/www.polonia.travel\/es\/agenda-cultural\/#primaryimage"},"image":{"@id":"https:\/\/www.polonia.travel\/es\/agenda-cultural\/#primaryimage"},"thumbnailUrl":"https:\/\/www.polonia.travel\/es\/wp-content\/uploads\/sites\/18\/2023\/07\/warszawa_festiwal_singera_1170_1.jpg","datePublished":"2026-03-09T15:40:14+00:00","dateModified":"2026-03-09T15:42:25+00:00","breadcrumb":{"@id":"https:\/\/www.polonia.travel\/es\/agenda-cultural\/#breadcrumb"},"inLanguage":"pl-PL","potentialAction":[{"@type":"ReadAction","target":["https:\/\/www.polonia.travel\/es\/agenda-cultural\/"]}]},{"@type":"ImageObject","inLanguage":"pl-PL","@id":"https:\/\/www.polonia.travel\/es\/agenda-cultural\/#primaryimage","url":"https:\/\/www.polonia.travel\/es\/wp-content\/uploads\/sites\/18\/2023\/07\/warszawa_festiwal_singera_1170_1.jpg","contentUrl":"https:\/\/www.polonia.travel\/es\/wp-content\/uploads\/sites\/18\/2023\/07\/warszawa_festiwal_singera_1170_1.jpg","width":1170,"height":780},{"@type":"BreadcrumbList","@id":"https:\/\/www.polonia.travel\/es\/agenda-cultural\/#breadcrumb","itemListElement":[{"@type":"ListItem","position":1,"name":"Home page","item":"https:\/\/www.polonia.travel\/es\/"},{"@type":"ListItem","position":2,"name":"Agenda cultural"}]},{"@type":"WebSite","@id":"https:\/\/www.polonia.travel\/es\/#website","url":"https:\/\/www.polonia.travel\/es\/","name":"Polonia Travel (ES)","description":"...","publisher":{"@id":"https:\/\/www.polonia.travel\/es\/#organization"},"potentialAction":[{"@type":"SearchAction","target":{"@type":"EntryPoint","urlTemplate":"https:\/\/www.polonia.travel\/es\/?s={search_term_string}"},"query-input":{"@type":"PropertyValueSpecification","valueRequired":true,"valueName":"search_term_string"}}],"inLanguage":"pl-PL"},{"@type":"Organization","@id":"https:\/\/www.polonia.travel\/es\/#organization","name":"Polonia Travel (ES)","url":"https:\/\/www.polonia.travel\/es\/","logo":{"@type":"ImageObject","inLanguage":"pl-PL","@id":"https:\/\/www.polonia.travel\/es\/#\/schema\/logo\/image\/","url":"","contentUrl":"","caption":"Polonia Travel (ES)"},"image":{"@id":"https:\/\/www.polonia.travel\/es\/#\/schema\/logo\/image\/"}}]}},"_links":{"self":[{"href":"https:\/\/www.polonia.travel\/es\/wp-json\/wp\/v2\/pages\/38854","targetHints":{"allow":["GET"]}}],"collection":[{"href":"https:\/\/www.polonia.travel\/es\/wp-json\/wp\/v2\/pages"}],"about":[{"href":"https:\/\/www.polonia.travel\/es\/wp-json\/wp\/v2\/types\/page"}],"author":[{"embeddable":true,"href":"https:\/\/www.polonia.travel\/es\/wp-json\/wp\/v2\/users\/22"}],"replies":[{"embeddable":true,"href":"https:\/\/www.polonia.travel\/es\/wp-json\/wp\/v2\/comments?post=38854"}],"version-history":[{"count":5,"href":"https:\/\/www.polonia.travel\/es\/wp-json\/wp\/v2\/pages\/38854\/revisions"}],"predecessor-version":[{"id":38859,"href":"https:\/\/www.polonia.travel\/es\/wp-json\/wp\/v2\/pages\/38854\/revisions\/38859"}],"wp:featuredmedia":[{"embeddable":true,"href":"https:\/\/www.polonia.travel\/es\/wp-json\/wp\/v2\/media\/28301"}],"wp:attachment":[{"href":"https:\/\/www.polonia.travel\/es\/wp-json\/wp\/v2\/media?parent=38854"}],"curies":[{"name":"wp","href":"https:\/\/api.w.org\/{rel}","templated":true}]}}