{"id":38761,"date":"2026-02-13T11:12:39","date_gmt":"2026-02-13T10:12:39","guid":{"rendered":"https:\/\/www.polonia.travel\/es\/?page_id=38761"},"modified":"2026-02-13T12:52:54","modified_gmt":"2026-02-13T11:52:54","slug":"newsletter","status":"publish","type":"page","link":"https:\/\/www.polonia.travel\/es\/newsletter\/","title":{"rendered":"Newsletter"},"content":{"rendered":"\n<div class=\"wp-block-group is-style-container-medium\"><div class=\"wp-block-group__inner-container is-layout-constrained wp-block-group-is-layout-constrained\">\n<h2 class=\"wp-block-heading\">Newsletter<\/h2>\n\n\n\n<div style=\"height:100px\" aria-hidden=\"true\" class=\"wp-block-spacer is-style-spacer-small\"><\/div>\n\n\n\n<form id=\"newsletter-form\" method=\"post\" action=\"\/\/s.enewsletter.pl\/acq\/6397\/\">\n    <div style=\"display: none;\">\n        <input type=\"hidden\" name=\"s_uid\" value=\"6397\">\n        <input type=\"hidden\" name=\"s_key\" value=\"*5EFB716E479787AC2D97FF15E68DAE254233CFDC\">\n        <input type=\"hidden\" name=\"s_interface\" value=\"6\">\n        <input type=\"hidden\" name=\"s_type\" value=\"HTML\">\n        <input type=\"hidden\" name=\"s_encoded\" value=\"ISO-8859-2\">\n        <input type=\"hidden\" name=\"s_group_40\" value=\"1\">\n    <\/div>\n    <div>\n        <div>\n            <div>\n                <span class=\"dsc\">\nIntroduce tu direcci\u00f3n si deseas recibir nuestra newsletter con informaci\u00f3n tur\u00edstica de Polonia.\n<\/span>\n            <\/div>\n        <\/div>\n        <div>\n            <div>\n                <label  for=\"SAREforms_email\">\nE-Mail\n<\/label>\n            <\/div>\n            <div>\n                <input id=\"SAREforms_email\" type=\"email\" name=\"s_email\" placeholder=\"\" value=\"\" required=\"required\">\n            <\/div>\n        <\/div>\n        <div>\n            <div>\n                <label for=\"SAREforms_property1\">\nNombre y apellido\n<\/label>\n            <\/div>\n            <div>\n                <input id=\"SAREforms_property1\" type=\"text\" name=\"s_property1\" placeholder=\"\" value=\"\">\n            <\/div>\n        <\/div>\n        <div>\n            <div>\n                <label   for=\"SAREforms_property2\">\nCiudad\n<\/label>\n            <\/div>\n            <div>\n                <input id=\"SAREforms_property2\" type=\"text\" name=\"s_property2\" placeholder=\"\" value=\"\">\n            <\/div>\n        <\/div>\n                \n\n        <!-- Dodany checkbox -->\n        <div>\n<div style=\"display: flex; align-items: center; gap: 8px; margin-top: 10px;\">\n    <input type=\"checkbox\" id=\"privacy-info\" name=\"privacy_info\" required>\n    <label for=\"privacy-info\" style=\"margin: 0;\">\n        <a href=\"https:\/\/www.polonia.travel\/es\/la-informacion-sobre-el-administrador-de-datos-y-su-tratamiento-newsletter\/\" target=\"_blank\" style=\"text-decoration: none; color: inherit;\">\n            La informaci\u00f3n sobre el administrador de datos y su tratamiento&#8230;\n        <\/a>\n    <\/label>\n<\/div>\n        <\/div>\n\n        <div>\n            <div>\n                <input type=\"submit\"  class=\"btn btn--blue-border send-newsletter\" name=\"submit\" value=\"Enviar\">\n            <\/div>\n        <\/div>\n    <\/div>\n<\/form>\n\n\n\n<div style=\"height:100px\" aria-hidden=\"true\" class=\"wp-block-spacer\"><\/div>\n<\/div><\/div>\n\n\n\n<p><\/p>\n","protected":false},"excerpt":{"rendered":"<p>Newsletter Introduce tu direcci\u00f3n si deseas recibir nuestra newsletter con informaci\u00f3n tur\u00edstica de Polonia. E-Mail Nombre y apellido Ciudad La informaci\u00f3n sobre el administrador de datos y su tratamiento&#8230;<\/p>\n","protected":false},"author":4,"featured_media":37583,"parent":0,"menu_order":0,"comment_status":"closed","ping_status":"closed","template":"","meta":{"_acf_changed":false,"footnotes":""},"class_list":["post-38761","page","type-page","status-publish","has-post-thumbnail","hentry"],"acf":[],"yoast_head":"<!-- This site is optimized with the Yoast SEO plugin v27.0 - https:\/\/yoast.com\/product\/yoast-seo-wordpress\/ -->\n<title>Newsletter - Polonia Travel (ES)<\/title>\n<meta name=\"robots\" content=\"index, follow, max-snippet:-1, max-image-preview:large, max-video-preview:-1\" \/>\n<link rel=\"canonical\" href=\"https:\/\/www.polonia.travel\/es\/newsletter\/\" \/>\n<meta property=\"og:locale\" content=\"pl_PL\" \/>\n<meta property=\"og:type\" content=\"article\" \/>\n<meta property=\"og:title\" content=\"Newsletter - Polonia Travel (ES)\" \/>\n<meta property=\"og:description\" content=\"Newsletter Introduce tu direcci\u00f3n si deseas recibir nuestra newsletter con informaci\u00f3n tur\u00edstica de Polonia. E-Mail Nombre y apellido Ciudad La informaci\u00f3n sobre el administrador de datos y su tratamiento&#8230;\" \/>\n<meta property=\"og:url\" content=\"https:\/\/www.polonia.travel\/es\/newsletter\/\" \/>\n<meta property=\"og:site_name\" content=\"Polonia Travel (ES)\" \/>\n<meta property=\"article:modified_time\" content=\"2026-02-13T11:52:54+00:00\" \/>\n<meta property=\"og:image\" content=\"https:\/\/www.polonia.travel\/es\/wp-content\/uploads\/sites\/18\/2024\/04\/371818462_Orle_Gniazda-scaled.jpg\" \/>\n\t<meta property=\"og:image:width\" content=\"2560\" \/>\n\t<meta property=\"og:image:height\" content=\"648\" \/>\n\t<meta property=\"og:image:type\" content=\"image\/jpeg\" \/>\n<meta name=\"twitter:card\" content=\"summary_large_image\" \/>\n<meta name=\"twitter:label1\" content=\"Szacowany czas czytania\" \/>\n\t<meta name=\"twitter:data1\" content=\"1 minuta\" \/>\n<script type=\"application\/ld+json\" class=\"yoast-schema-graph\">{\"@context\":\"https:\/\/schema.org\",\"@graph\":[{\"@type\":\"WebPage\",\"@id\":\"https:\/\/www.polonia.travel\/es\/newsletter\/\",\"url\":\"https:\/\/www.polonia.travel\/es\/newsletter\/\",\"name\":\"Newsletter - Polonia Travel (ES)\",\"isPartOf\":{\"@id\":\"https:\/\/www.polonia.travel\/es\/#website\"},\"primaryImageOfPage\":{\"@id\":\"https:\/\/www.polonia.travel\/es\/newsletter\/#primaryimage\"},\"image\":{\"@id\":\"https:\/\/www.polonia.travel\/es\/newsletter\/#primaryimage\"},\"thumbnailUrl\":\"https:\/\/www.polonia.travel\/es\/wp-content\/uploads\/sites\/18\/2024\/04\/371818462_Orle_Gniazda-scaled.jpg\",\"datePublished\":\"2026-02-13T10:12:39+00:00\",\"dateModified\":\"2026-02-13T11:52:54+00:00\",\"breadcrumb\":{\"@id\":\"https:\/\/www.polonia.travel\/es\/newsletter\/#breadcrumb\"},\"inLanguage\":\"pl-PL\",\"potentialAction\":[{\"@type\":\"ReadAction\",\"target\":[\"https:\/\/www.polonia.travel\/es\/newsletter\/\"]}]},{\"@type\":\"ImageObject\",\"inLanguage\":\"pl-PL\",\"@id\":\"https:\/\/www.polonia.travel\/es\/newsletter\/#primaryimage\",\"url\":\"https:\/\/www.polonia.travel\/es\/wp-content\/uploads\/sites\/18\/2024\/04\/371818462_Orle_Gniazda-scaled.jpg\",\"contentUrl\":\"https:\/\/www.polonia.travel\/es\/wp-content\/uploads\/sites\/18\/2024\/04\/371818462_Orle_Gniazda-scaled.jpg\",\"width\":2560,\"height\":648,\"caption\":\"castle ruins on the mountain in Olsztyn\"},{\"@type\":\"BreadcrumbList\",\"@id\":\"https:\/\/www.polonia.travel\/es\/newsletter\/#breadcrumb\",\"itemListElement\":[{\"@type\":\"ListItem\",\"position\":1,\"name\":\"Home page\",\"item\":\"https:\/\/www.polonia.travel\/es\/\"},{\"@type\":\"ListItem\",\"position\":2,\"name\":\"Newsletter\"}]},{\"@type\":\"WebSite\",\"@id\":\"https:\/\/www.polonia.travel\/es\/#website\",\"url\":\"https:\/\/www.polonia.travel\/es\/\",\"name\":\"Polonia Travel (ES)\",\"description\":\"...\",\"publisher\":{\"@id\":\"https:\/\/www.polonia.travel\/es\/#organization\"},\"potentialAction\":[{\"@type\":\"SearchAction\",\"target\":{\"@type\":\"EntryPoint\",\"urlTemplate\":\"https:\/\/www.polonia.travel\/es\/?s={search_term_string}\"},\"query-input\":{\"@type\":\"PropertyValueSpecification\",\"valueRequired\":true,\"valueName\":\"search_term_string\"}}],\"inLanguage\":\"pl-PL\"},{\"@type\":\"Organization\",\"@id\":\"https:\/\/www.polonia.travel\/es\/#organization\",\"name\":\"Polonia Travel (ES)\",\"url\":\"https:\/\/www.polonia.travel\/es\/\",\"logo\":{\"@type\":\"ImageObject\",\"inLanguage\":\"pl-PL\",\"@id\":\"https:\/\/www.polonia.travel\/es\/#\/schema\/logo\/image\/\",\"url\":\"\",\"contentUrl\":\"\",\"caption\":\"Polonia Travel (ES)\"},\"image\":{\"@id\":\"https:\/\/www.polonia.travel\/es\/#\/schema\/logo\/image\/\"}}]}<\/script>\n<!-- \/ Yoast SEO plugin. -->","yoast_head_json":{"title":"Newsletter - Polonia Travel (ES)","robots":{"index":"index","follow":"follow","max-snippet":"max-snippet:-1","max-image-preview":"max-image-preview:large","max-video-preview":"max-video-preview:-1"},"canonical":"https:\/\/www.polonia.travel\/es\/newsletter\/","og_locale":"pl_PL","og_type":"article","og_title":"Newsletter - Polonia Travel (ES)","og_description":"Newsletter Introduce tu direcci\u00f3n si deseas recibir nuestra newsletter con informaci\u00f3n tur\u00edstica de Polonia. E-Mail Nombre y apellido Ciudad La informaci\u00f3n sobre el administrador de datos y su tratamiento&#8230;","og_url":"https:\/\/www.polonia.travel\/es\/newsletter\/","og_site_name":"Polonia Travel (ES)","article_modified_time":"2026-02-13T11:52:54+00:00","og_image":[{"width":2560,"height":648,"url":"https:\/\/www.polonia.travel\/es\/wp-content\/uploads\/sites\/18\/2024\/04\/371818462_Orle_Gniazda-scaled.jpg","type":"image\/jpeg"}],"twitter_card":"summary_large_image","twitter_misc":{"Szacowany czas czytania":"1 minuta"},"schema":{"@context":"https:\/\/schema.org","@graph":[{"@type":"WebPage","@id":"https:\/\/www.polonia.travel\/es\/newsletter\/","url":"https:\/\/www.polonia.travel\/es\/newsletter\/","name":"Newsletter - Polonia Travel (ES)","isPartOf":{"@id":"https:\/\/www.polonia.travel\/es\/#website"},"primaryImageOfPage":{"@id":"https:\/\/www.polonia.travel\/es\/newsletter\/#primaryimage"},"image":{"@id":"https:\/\/www.polonia.travel\/es\/newsletter\/#primaryimage"},"thumbnailUrl":"https:\/\/www.polonia.travel\/es\/wp-content\/uploads\/sites\/18\/2024\/04\/371818462_Orle_Gniazda-scaled.jpg","datePublished":"2026-02-13T10:12:39+00:00","dateModified":"2026-02-13T11:52:54+00:00","breadcrumb":{"@id":"https:\/\/www.polonia.travel\/es\/newsletter\/#breadcrumb"},"inLanguage":"pl-PL","potentialAction":[{"@type":"ReadAction","target":["https:\/\/www.polonia.travel\/es\/newsletter\/"]}]},{"@type":"ImageObject","inLanguage":"pl-PL","@id":"https:\/\/www.polonia.travel\/es\/newsletter\/#primaryimage","url":"https:\/\/www.polonia.travel\/es\/wp-content\/uploads\/sites\/18\/2024\/04\/371818462_Orle_Gniazda-scaled.jpg","contentUrl":"https:\/\/www.polonia.travel\/es\/wp-content\/uploads\/sites\/18\/2024\/04\/371818462_Orle_Gniazda-scaled.jpg","width":2560,"height":648,"caption":"castle ruins on the mountain in Olsztyn"},{"@type":"BreadcrumbList","@id":"https:\/\/www.polonia.travel\/es\/newsletter\/#breadcrumb","itemListElement":[{"@type":"ListItem","position":1,"name":"Home page","item":"https:\/\/www.polonia.travel\/es\/"},{"@type":"ListItem","position":2,"name":"Newsletter"}]},{"@type":"WebSite","@id":"https:\/\/www.polonia.travel\/es\/#website","url":"https:\/\/www.polonia.travel\/es\/","name":"Polonia Travel (ES)","description":"...","publisher":{"@id":"https:\/\/www.polonia.travel\/es\/#organization"},"potentialAction":[{"@type":"SearchAction","target":{"@type":"EntryPoint","urlTemplate":"https:\/\/www.polonia.travel\/es\/?s={search_term_string}"},"query-input":{"@type":"PropertyValueSpecification","valueRequired":true,"valueName":"search_term_string"}}],"inLanguage":"pl-PL"},{"@type":"Organization","@id":"https:\/\/www.polonia.travel\/es\/#organization","name":"Polonia Travel (ES)","url":"https:\/\/www.polonia.travel\/es\/","logo":{"@type":"ImageObject","inLanguage":"pl-PL","@id":"https:\/\/www.polonia.travel\/es\/#\/schema\/logo\/image\/","url":"","contentUrl":"","caption":"Polonia Travel (ES)"},"image":{"@id":"https:\/\/www.polonia.travel\/es\/#\/schema\/logo\/image\/"}}]}},"_links":{"self":[{"href":"https:\/\/www.polonia.travel\/es\/wp-json\/wp\/v2\/pages\/38761","targetHints":{"allow":["GET"]}}],"collection":[{"href":"https:\/\/www.polonia.travel\/es\/wp-json\/wp\/v2\/pages"}],"about":[{"href":"https:\/\/www.polonia.travel\/es\/wp-json\/wp\/v2\/types\/page"}],"author":[{"embeddable":true,"href":"https:\/\/www.polonia.travel\/es\/wp-json\/wp\/v2\/users\/4"}],"replies":[{"embeddable":true,"href":"https:\/\/www.polonia.travel\/es\/wp-json\/wp\/v2\/comments?post=38761"}],"version-history":[{"count":10,"href":"https:\/\/www.polonia.travel\/es\/wp-json\/wp\/v2\/pages\/38761\/revisions"}],"predecessor-version":[{"id":38771,"href":"https:\/\/www.polonia.travel\/es\/wp-json\/wp\/v2\/pages\/38761\/revisions\/38771"}],"wp:featuredmedia":[{"embeddable":true,"href":"https:\/\/www.polonia.travel\/es\/wp-json\/wp\/v2\/media\/37583"}],"wp:attachment":[{"href":"https:\/\/www.polonia.travel\/es\/wp-json\/wp\/v2\/media?parent=38761"}],"curies":[{"name":"wp","href":"https:\/\/api.w.org\/{rel}","templated":true}]}}