{"id":34853,"date":"2024-08-01T12:59:21","date_gmt":"2024-08-01T10:59:21","guid":{"rendered":"https:\/\/wp-es.poland.travel\/?page_id=34853"},"modified":"2024-08-01T14:01:18","modified_gmt":"2024-08-01T12:01:18","slug":"alojamiento","status":"publish","type":"page","link":"https:\/\/www.polonia.travel\/es\/alojamiento\/","title":{"rendered":"Alojamiento"},"content":{"rendered":"\n<div class=\"wp-block-group is-style-container\"><div class=\"wp-block-group__inner-container is-layout-constrained wp-block-group-is-layout-constrained\">\n<h2 class=\"wp-block-heading\">Alojamiento<\/h2>\n\n\n\n<div style=\"height:100px\" aria-hidden=\"true\" class=\"wp-block-spacer is-style-spacer-small\"><\/div>\n\n\n\n<p>La categorizaci\u00f3n de los hoteles en Polonia es la misma que en el resto de la Uni\u00f3n Europea y la calidad de los servicios ofrecidos en ocasiones supera la categor\u00eda adjudicada. En grandes ciudades prevalecen hoteles entre 3 y 5*. No obstante, teniendo en cuenta las nuevas tendencias, la oferta de apartamentos tur\u00edsticos es tambi\u00e9n amplia, con buenas referencias por parte de los clientes. Los apartamentos tur\u00edsticos, junto con hoteles categorizados, proliferan tambi\u00e9n en las populares zonas vacacionales (Zakopane y alrededores en el sur del pa\u00eds; costa b\u00e1ltica en el norte; el Pa\u00eds de los Mil Lagos en la parte noreste).&nbsp;Tienen tambi\u00e9n buena fama los <strong>hostales<\/strong>, red de alojamiento econ\u00f3mico cada vez m\u00e1s extensa en el pa\u00eds.<\/p>\n\n\n\n<p>Predominan los establecimientos de conocidas marcas internacionales&nbsp; (Marriott, Radisson, Accor, Holiday Inn, Westin, Sheraton, Hyatt) y van apareciendo marcas que se est\u00e1n abriendo el camino, por ejemplo Nobu, todav\u00eda poco frecuente en Europa. La presencia de las cadenas espa\u00f1olas es todav\u00eda t\u00edmida: NH tiene un hotel en la ciudad de Pozna\u0144 y en breve se inaugurar\u00e1 un hotel en Varsovia de otra marca espa\u00f1ola.<\/p>\n\n\n\n<p>La antigua red de hoteles nacionales, Orbis, desde hace a\u00f1os es propiedad de Accor, con sus habituales establecimientos y categor\u00edas presentes en todo el mundo (Ibis, Novotel, Mercure, Sofitel). Sin embargo, tambi\u00e9n hay propuestas de firmas polacas: la cadena de hoteles urbanos PURO, de alta gama; hoteles del grupo Gromada, m\u00e1s econ\u00f3micos, principalmente fuera de grandes n\u00facleos urbanos; los hoteles del grupo Likus, dado su car\u00e1cter \u00fanico pertenecen al prestigioso club de establecimientos Relais et Ch\u00e2teaux. Despu\u00e9s de los cambios pol\u00edticos y econ\u00f3micos en los a\u00f1os 90 del s. pasado, los emprendedores polacos empezaron a renovar antiguos palacios, castillos y mansiones, convirti\u00e9ndolos en hoteles con encanto cuya filosof\u00eda se asemeja a la de los paradores nacionales en Espa\u00f1a.&nbsp;&nbsp;<\/p>\n\n\n\n<p>Esta variada oferta permite adaptarse a las exigencias del cliente tanto desde el punto de vista econ\u00f3mico, como intereses y gustos personales.&nbsp;<\/p>\n<\/div><\/div>\n\n\n\n<div style=\"height:100px\" aria-hidden=\"true\" class=\"wp-block-spacer is-style-spacer-small\"><\/div>\n\n\n\n<div class=\"wp-block-group is-style-container\"><div class=\"wp-block-group__inner-container is-layout-constrained wp-block-group-is-layout-constrained\">\n  <div class=\"links-tiles links-tiles--rows-2-3\" id=\"listing\">\n            <div class=\"links-tiles__item\">\n                      <a href=\"https:\/\/www.polonia.travel\/es\/sugerencias-y-novedades\/\" class=\"link-box\" style=\" background-image: url(https:\/\/www.polonia.travel\/es\/wp-content\/uploads\/sites\/18\/2023\/08\/Walizka_GettyImages-505640207.jpg);\">\n              <div class=\"link-box__hover\" style=\"background-image: url(https:\/\/www.polonia.travel\/es\/wp-content\/uploads\/sites\/18\/2024\/08\/Room_Family-1200x800.jpg);\"><\/div>\n        <div class=\"link-box__info\">\n      <div class=\"link-box__title\">Hoteles de cadena<\/div>\n      <div class=\"link-box__more\">Leer m\u00e1s<\/div>\n    <\/div>\n  <\/a>\n\n          <\/div>\n                  <div class=\"links-tiles__item\">\n                      <a href=\"https:\/\/www.polonia.travel\/es\/hoteles-historicos-y-con-encanto\/\" class=\"link-box\" style=\" background-image: url(https:\/\/www.polonia.travel\/es\/wp-content\/uploads\/sites\/18\/2024\/08\/pokoj_3-540x360-1.jpg);\">\n              <div class=\"link-box__hover\" style=\"background-image: url(https:\/\/www.polonia.travel\/es\/wp-content\/uploads\/sites\/18\/2024\/08\/DSC_9884-1200x801.jpg);\"><\/div>\n        <div class=\"link-box__info\">\n      <div class=\"link-box__title\">Hoteles hist\u00f3ricos y con encanto<\/div>\n      <div class=\"link-box__more\">Leer m\u00e1s<\/div>\n    <\/div>\n  <\/a>\n\n          <\/div>\n            <\/div>\n  \n<\/div><\/div>\n\n\n\n<div style=\"height:100px\" aria-hidden=\"true\" class=\"wp-block-spacer is-style-spacer-small\"><\/div>\n","protected":false},"excerpt":{"rendered":"<p>Alojamiento La categorizaci\u00f3n de los hoteles en Polonia es la misma que en el resto de la Uni\u00f3n Europea y la calidad de los servicios ofrecidos en ocasiones supera la categor\u00eda adjudicada. En grandes ciudades prevalecen hoteles entre 3 y 5*. No obstante, teniendo en cuenta las nuevas tendencias, la oferta de apartamentos tur\u00edsticos es [&hellip;]<\/p>\n","protected":false},"author":4,"featured_media":34862,"parent":0,"menu_order":0,"comment_status":"closed","ping_status":"closed","template":"","meta":{"_acf_changed":false,"footnotes":""},"class_list":["post-34853","page","type-page","status-publish","has-post-thumbnail","hentry"],"acf":[],"yoast_head":"<!-- This site is optimized with the Yoast SEO plugin v27.4 - https:\/\/yoast.com\/product\/yoast-seo-wordpress\/ -->\n<title>Alojamiento - Polonia Travel (ES)<\/title>\n<meta name=\"robots\" content=\"index, follow, max-snippet:-1, max-image-preview:large, max-video-preview:-1\" \/>\n<link rel=\"canonical\" href=\"https:\/\/www.polonia.travel\/es\/alojamiento\/\" \/>\n<meta property=\"og:locale\" content=\"pl_PL\" \/>\n<meta property=\"og:type\" content=\"article\" \/>\n<meta property=\"og:title\" content=\"Alojamiento - Polonia Travel (ES)\" \/>\n<meta property=\"og:description\" content=\"Alojamiento La categorizaci\u00f3n de los hoteles en Polonia es la misma que en el resto de la Uni\u00f3n Europea y la calidad de los servicios ofrecidos en ocasiones supera la categor\u00eda adjudicada. En grandes ciudades prevalecen hoteles entre 3 y 5*. No obstante, teniendo en cuenta las nuevas tendencias, la oferta de apartamentos tur\u00edsticos es [&hellip;]\" \/>\n<meta property=\"og:url\" content=\"https:\/\/www.polonia.travel\/es\/alojamiento\/\" \/>\n<meta property=\"og:site_name\" content=\"Polonia Travel (ES)\" \/>\n<meta property=\"article:modified_time\" content=\"2024-08-01T12:01:18+00:00\" \/>\n<meta property=\"og:image\" content=\"https:\/\/www.polonia.travel\/es\/wp-content\/uploads\/sites\/18\/2024\/08\/Recepcja_Rodzina_GettyImages-73075535.jpg\" \/>\n\t<meta property=\"og:image:width\" content=\"2000\" \/>\n\t<meta property=\"og:image:height\" content=\"540\" \/>\n\t<meta property=\"og:image:type\" content=\"image\/jpeg\" \/>\n<meta name=\"twitter:card\" content=\"summary_large_image\" \/>\n<meta name=\"twitter:label1\" content=\"Szacowany czas czytania\" \/>\n\t<meta name=\"twitter:data1\" content=\"2 minuty\" \/>\n<script type=\"application\/ld+json\" class=\"yoast-schema-graph\">{\"@context\":\"https:\\\/\\\/schema.org\",\"@graph\":[{\"@type\":\"WebPage\",\"@id\":\"https:\\\/\\\/www.polonia.travel\\\/es\\\/alojamiento\\\/\",\"url\":\"https:\\\/\\\/www.polonia.travel\\\/es\\\/alojamiento\\\/\",\"name\":\"Alojamiento - Polonia Travel (ES)\",\"isPartOf\":{\"@id\":\"https:\\\/\\\/www.polonia.travel\\\/es\\\/#website\"},\"primaryImageOfPage\":{\"@id\":\"https:\\\/\\\/www.polonia.travel\\\/es\\\/alojamiento\\\/#primaryimage\"},\"image\":{\"@id\":\"https:\\\/\\\/www.polonia.travel\\\/es\\\/alojamiento\\\/#primaryimage\"},\"thumbnailUrl\":\"https:\\\/\\\/www.polonia.travel\\\/es\\\/wp-content\\\/uploads\\\/sites\\\/18\\\/2024\\\/08\\\/Recepcja_Rodzina_GettyImages-73075535.jpg\",\"datePublished\":\"2024-08-01T10:59:21+00:00\",\"dateModified\":\"2024-08-01T12:01:18+00:00\",\"breadcrumb\":{\"@id\":\"https:\\\/\\\/www.polonia.travel\\\/es\\\/alojamiento\\\/#breadcrumb\"},\"inLanguage\":\"pl-PL\",\"potentialAction\":[{\"@type\":\"ReadAction\",\"target\":[\"https:\\\/\\\/www.polonia.travel\\\/es\\\/alojamiento\\\/\"]}]},{\"@type\":\"ImageObject\",\"inLanguage\":\"pl-PL\",\"@id\":\"https:\\\/\\\/www.polonia.travel\\\/es\\\/alojamiento\\\/#primaryimage\",\"url\":\"https:\\\/\\\/www.polonia.travel\\\/es\\\/wp-content\\\/uploads\\\/sites\\\/18\\\/2024\\\/08\\\/Recepcja_Rodzina_GettyImages-73075535.jpg\",\"contentUrl\":\"https:\\\/\\\/www.polonia.travel\\\/es\\\/wp-content\\\/uploads\\\/sites\\\/18\\\/2024\\\/08\\\/Recepcja_Rodzina_GettyImages-73075535.jpg\",\"width\":2000,\"height\":540},{\"@type\":\"BreadcrumbList\",\"@id\":\"https:\\\/\\\/www.polonia.travel\\\/es\\\/alojamiento\\\/#breadcrumb\",\"itemListElement\":[{\"@type\":\"ListItem\",\"position\":1,\"name\":\"Home page\",\"item\":\"https:\\\/\\\/www.polonia.travel\\\/es\\\/\"},{\"@type\":\"ListItem\",\"position\":2,\"name\":\"Alojamiento\"}]},{\"@type\":\"WebSite\",\"@id\":\"https:\\\/\\\/www.polonia.travel\\\/es\\\/#website\",\"url\":\"https:\\\/\\\/www.polonia.travel\\\/es\\\/\",\"name\":\"Polonia Travel (ES)\",\"description\":\"...\",\"publisher\":{\"@id\":\"https:\\\/\\\/www.polonia.travel\\\/es\\\/#organization\"},\"potentialAction\":[{\"@type\":\"SearchAction\",\"target\":{\"@type\":\"EntryPoint\",\"urlTemplate\":\"https:\\\/\\\/www.polonia.travel\\\/es\\\/?s={search_term_string}\"},\"query-input\":{\"@type\":\"PropertyValueSpecification\",\"valueRequired\":true,\"valueName\":\"search_term_string\"}}],\"inLanguage\":\"pl-PL\"},{\"@type\":\"Organization\",\"@id\":\"https:\\\/\\\/www.polonia.travel\\\/es\\\/#organization\",\"name\":\"Polonia Travel (ES)\",\"url\":\"https:\\\/\\\/www.polonia.travel\\\/es\\\/\",\"logo\":{\"@type\":\"ImageObject\",\"inLanguage\":\"pl-PL\",\"@id\":\"https:\\\/\\\/www.polonia.travel\\\/es\\\/#\\\/schema\\\/logo\\\/image\\\/\",\"url\":\"\",\"contentUrl\":\"\",\"caption\":\"Polonia Travel (ES)\"},\"image\":{\"@id\":\"https:\\\/\\\/www.polonia.travel\\\/es\\\/#\\\/schema\\\/logo\\\/image\\\/\"}}]}<\/script>\n<!-- \/ Yoast SEO plugin. -->","yoast_head_json":{"title":"Alojamiento - Polonia Travel (ES)","robots":{"index":"index","follow":"follow","max-snippet":"max-snippet:-1","max-image-preview":"max-image-preview:large","max-video-preview":"max-video-preview:-1"},"canonical":"https:\/\/www.polonia.travel\/es\/alojamiento\/","og_locale":"pl_PL","og_type":"article","og_title":"Alojamiento - Polonia Travel (ES)","og_description":"Alojamiento La categorizaci\u00f3n de los hoteles en Polonia es la misma que en el resto de la Uni\u00f3n Europea y la calidad de los servicios ofrecidos en ocasiones supera la categor\u00eda adjudicada. En grandes ciudades prevalecen hoteles entre 3 y 5*. No obstante, teniendo en cuenta las nuevas tendencias, la oferta de apartamentos tur\u00edsticos es [&hellip;]","og_url":"https:\/\/www.polonia.travel\/es\/alojamiento\/","og_site_name":"Polonia Travel (ES)","article_modified_time":"2024-08-01T12:01:18+00:00","og_image":[{"width":2000,"height":540,"url":"https:\/\/www.polonia.travel\/es\/wp-content\/uploads\/sites\/18\/2024\/08\/Recepcja_Rodzina_GettyImages-73075535.jpg","type":"image\/jpeg"}],"twitter_card":"summary_large_image","twitter_misc":{"Szacowany czas czytania":"2 minuty"},"schema":{"@context":"https:\/\/schema.org","@graph":[{"@type":"WebPage","@id":"https:\/\/www.polonia.travel\/es\/alojamiento\/","url":"https:\/\/www.polonia.travel\/es\/alojamiento\/","name":"Alojamiento - Polonia Travel (ES)","isPartOf":{"@id":"https:\/\/www.polonia.travel\/es\/#website"},"primaryImageOfPage":{"@id":"https:\/\/www.polonia.travel\/es\/alojamiento\/#primaryimage"},"image":{"@id":"https:\/\/www.polonia.travel\/es\/alojamiento\/#primaryimage"},"thumbnailUrl":"https:\/\/www.polonia.travel\/es\/wp-content\/uploads\/sites\/18\/2024\/08\/Recepcja_Rodzina_GettyImages-73075535.jpg","datePublished":"2024-08-01T10:59:21+00:00","dateModified":"2024-08-01T12:01:18+00:00","breadcrumb":{"@id":"https:\/\/www.polonia.travel\/es\/alojamiento\/#breadcrumb"},"inLanguage":"pl-PL","potentialAction":[{"@type":"ReadAction","target":["https:\/\/www.polonia.travel\/es\/alojamiento\/"]}]},{"@type":"ImageObject","inLanguage":"pl-PL","@id":"https:\/\/www.polonia.travel\/es\/alojamiento\/#primaryimage","url":"https:\/\/www.polonia.travel\/es\/wp-content\/uploads\/sites\/18\/2024\/08\/Recepcja_Rodzina_GettyImages-73075535.jpg","contentUrl":"https:\/\/www.polonia.travel\/es\/wp-content\/uploads\/sites\/18\/2024\/08\/Recepcja_Rodzina_GettyImages-73075535.jpg","width":2000,"height":540},{"@type":"BreadcrumbList","@id":"https:\/\/www.polonia.travel\/es\/alojamiento\/#breadcrumb","itemListElement":[{"@type":"ListItem","position":1,"name":"Home page","item":"https:\/\/www.polonia.travel\/es\/"},{"@type":"ListItem","position":2,"name":"Alojamiento"}]},{"@type":"WebSite","@id":"https:\/\/www.polonia.travel\/es\/#website","url":"https:\/\/www.polonia.travel\/es\/","name":"Polonia Travel (ES)","description":"...","publisher":{"@id":"https:\/\/www.polonia.travel\/es\/#organization"},"potentialAction":[{"@type":"SearchAction","target":{"@type":"EntryPoint","urlTemplate":"https:\/\/www.polonia.travel\/es\/?s={search_term_string}"},"query-input":{"@type":"PropertyValueSpecification","valueRequired":true,"valueName":"search_term_string"}}],"inLanguage":"pl-PL"},{"@type":"Organization","@id":"https:\/\/www.polonia.travel\/es\/#organization","name":"Polonia Travel (ES)","url":"https:\/\/www.polonia.travel\/es\/","logo":{"@type":"ImageObject","inLanguage":"pl-PL","@id":"https:\/\/www.polonia.travel\/es\/#\/schema\/logo\/image\/","url":"","contentUrl":"","caption":"Polonia Travel (ES)"},"image":{"@id":"https:\/\/www.polonia.travel\/es\/#\/schema\/logo\/image\/"}}]}},"_links":{"self":[{"href":"https:\/\/www.polonia.travel\/es\/wp-json\/wp\/v2\/pages\/34853","targetHints":{"allow":["GET"]}}],"collection":[{"href":"https:\/\/www.polonia.travel\/es\/wp-json\/wp\/v2\/pages"}],"about":[{"href":"https:\/\/www.polonia.travel\/es\/wp-json\/wp\/v2\/types\/page"}],"author":[{"embeddable":true,"href":"https:\/\/www.polonia.travel\/es\/wp-json\/wp\/v2\/users\/4"}],"replies":[{"embeddable":true,"href":"https:\/\/www.polonia.travel\/es\/wp-json\/wp\/v2\/comments?post=34853"}],"version-history":[{"count":12,"href":"https:\/\/www.polonia.travel\/es\/wp-json\/wp\/v2\/pages\/34853\/revisions"}],"predecessor-version":[{"id":34897,"href":"https:\/\/www.polonia.travel\/es\/wp-json\/wp\/v2\/pages\/34853\/revisions\/34897"}],"wp:featuredmedia":[{"embeddable":true,"href":"https:\/\/www.polonia.travel\/es\/wp-json\/wp\/v2\/media\/34862"}],"wp:attachment":[{"href":"https:\/\/www.polonia.travel\/es\/wp-json\/wp\/v2\/media?parent=34853"}],"curies":[{"name":"wp","href":"https:\/\/api.w.org\/{rel}","templated":true}]}}