{"id":34833,"date":"2024-08-01T10:31:04","date_gmt":"2024-08-01T08:31:04","guid":{"rendered":"https:\/\/wp-es.poland.travel\/?page_id=34833"},"modified":"2024-08-01T12:18:39","modified_gmt":"2024-08-01T10:18:39","slug":"historia-idioma-y-mas","status":"publish","type":"page","link":"https:\/\/www.polonia.travel\/es\/historia-idioma-y-mas\/","title":{"rendered":"Historia, idioma y m\u00e1s"},"content":{"rendered":"\n<div class=\"wp-block-group is-style-container\"><div class=\"wp-block-group__inner-container is-layout-constrained wp-block-group-is-layout-constrained\">\n<h2 class=\"wp-block-heading\">Historia, idioma y m\u00e1s<\/h2>\n\n\n\n<div style=\"height:100px\" aria-hidden=\"true\" class=\"wp-block-spacer is-style-spacer-small\"><\/div>\n\n\n\n<p><strong>Bienvenidos a Polonia, un pa\u00eds que depara emociones inolvidables, sean cuales sean tus gustos.<\/strong><\/p>\n\n\n\n<p>La Rep\u00fablica de Polonia est\u00e1 situada en Europa central; al oeste es fronteriza&nbsp;con Alemania, al sur con la Rep\u00fablica Checa y Eslovaquia, y al este con Lituania, Bielorrusia y Ucrania, mientras que su frontera septentrional est\u00e1 delimitada por el mar B\u00e1ltico y Rusia (el enclave de Kaliningrado). Polonia se ubica en el coraz\u00f3n del continente europeo:&nbsp;precisamente aqu\u00ed se encuentra el&nbsp;<strong>primer centro geom\u00e9trico<\/strong>&nbsp;calculado de Europa.<\/p>\n\n\n\n<p>El escudo de Polonia est\u00e1 formado por un \u00e1guila blanca con una corona dorada sobre un fondo rojo, mientras que la bandera nacional es bicolor: blanca y roja.&nbsp;El polaco es su lengua oficial.<\/p>\n\n\n\n<p>Polonia est\u00e1 habitada por 38 millones de personas en una superficie de 312.700 km<sup>2<\/sup>.&nbsp;La capital es&nbsp;<em><strong>Varsovia<\/strong>&nbsp;<\/em>(con cerca de 1.700.000 habitantes), que se halla a orillas del V\u00edstula, el mayor r\u00edo polaco. Otras ciudades grandes del pa\u00eds:&nbsp;<\/p>\n\n\n\n<p>Cracovia,&nbsp;Wroc\u0142aw,&nbsp;Pozna\u0144, Szczecin,&nbsp;Gda\u0144sk,&nbsp;\u0141\u00f3d\u017a, Katowice, Bia\u0142ystok,&nbsp; Lublin y Rzesz\u00f3w.<\/p>\n\n\n\n<p>Administrativamente, Polonia est\u00e1 dividida en&nbsp;<em><strong>voivod\u00edas<\/strong><\/em>&nbsp;(provincias), municipios y distritos. Las <em>voivod\u00edas<\/em>, que a veces coinciden con regiones de identidad hist\u00f3rica, son las siguientes:<\/p>\n\n\n\n<p>Franja occidental de Polonia<\/p>\n\n\n\n<p>Lubuskie&nbsp;(Regi\u00f3n de Lubusz, capital en Zielona G\u00f3ra); la hist\u00f3rica&nbsp;Wielkopolskie&nbsp;(Polonia Mayor);&nbsp;<a href=\"https:\/\/www.polonia.travel\/es\/regiones\/pomerania-occidental\">Zachodniopomorskie<\/a><a href=\"https:\/\/polonia.travel\/es\/regiones\/la-costa-brava-polaca-zachodniopomorskie\">&nbsp;<\/a>(Pomerania Occidental).<\/p>\n\n\n\n<p>Centro de Polonia<\/p>\n\n\n\n<p>La hist\u00f3rica regi\u00f3n de&nbsp;Mazowieckie<a href=\"https:\/\/polonia.travel\/es\/regiones\/mazovia-la-inspiracion-chopiniana\">&nbsp;<\/a>(Mazovia);&nbsp;\u0141\u00f3dzkie&nbsp;(\u0141\u00f3d\u017a);&nbsp;\u015awi\u0119tokrzyskie&nbsp;(La Regi\u00f3n de Santa Cruz) y&nbsp;Kujawsko-pomorskie&nbsp;(Kuyavia-Pomerania).<\/p>\n\n\n\n<p>Norte de Polonia<\/p>\n\n\n\n<p>Las hist\u00f3ricas regiones de&nbsp;Pomorskie&nbsp;(Pomerania) y&nbsp;Warmi\u0144sko-mazurskie&nbsp;(Warmia-Masuria).<\/p>\n\n\n\n<p>Franja oriental<\/p>\n\n\n\n<p>Podlaskie&nbsp;(Podlasie);&nbsp;Lubelskie<a href=\"https:\/\/polonia.travel\/es\/regiones\/lubelskie-en-el-cruce-de-caminos\">&nbsp;<\/a>(Lublin) y&nbsp;Podkarpackie&nbsp;(Subc\u00e1rpatos).&nbsp;&nbsp;<\/p>\n\n\n\n<p>Sur de Polonia<\/p>\n\n\n\n<p>Dolno\u015bl\u0105skie&nbsp;(Baja Silesia),&nbsp;\u015al\u0105skie&nbsp;(Silesia) y&nbsp;Opolskie&nbsp;(Opole) corresponden a la antigua regi\u00f3n hist\u00f3rica de <strong>Silesia<\/strong>; la hist\u00f3rica regi\u00f3n de&nbsp;<a href=\"https:\/\/polonia.travel\/es\/regiones\/polonia-menor-malopolska\">Ma\u0142opolskie&nbsp;<\/a>(Polonia Menor).<\/p>\n\n\n\n<p>Desde el a\u00f1o 1999 Polonia pertenece a la OTAN, y desde 2004 a la Uni\u00f3n Europea.<\/p>\n\n\n\n<p>Polonia es un pa\u00eds con una orograf\u00eda muy diversa. Al sur se extienden las cordilleras monta\u00f1osas de los&nbsp;<strong>Sudetes<\/strong>&nbsp;y los&nbsp;<strong>C\u00e1rpatos<\/strong>, as\u00ed como zonas mesetarias. Los Sudetes son&nbsp;uno de los&nbsp;macizos monta\u00f1osos m\u00e1s antiguos de Europa. Por el contrario, los C\u00e1rpatos son monta\u00f1as m\u00e1s j\u00f3venes,&nbsp;en cuya&nbsp;parte central se encuentran los montes&nbsp;<strong>Tatra<\/strong>, el \u00fanico macizo de car\u00e1cter alpino en todo el territorio nacional. La parte central de Polonia la conforman grandes llanuras. Al norte del pa\u00eds, en las cuencas lacustres de Pomerania y Masuria, entre pintorescas colinas y bellos bosques, se esconden cientos de lagos, mientras que m\u00e1s al norte aparecen las arenosas playas del mar B\u00e1ltico.<\/p>\n<\/div><\/div>\n\n\n\n<div style=\"height:100px\" aria-hidden=\"true\" class=\"wp-block-spacer is-style-spacer-small\"><\/div>\n\n\n\n<div class=\"wp-block-group is-style-container\"><div class=\"wp-block-group__inner-container is-layout-constrained wp-block-group-is-layout-constrained\">\n  <div class=\"links-tiles links-tiles--rows-2-3\" id=\"listing\">\n            <div class=\"links-tiles__item\">\n                      <a href=\"https:\/\/www.polonia.travel\/es\/vocabulario-basico\/\" class=\"link-box\" style=\" background-image: url(https:\/\/www.polonia.travel\/es\/wp-content\/uploads\/sites\/18\/2024\/04\/Ludzie2_1170.jpg);\">\n              <div class=\"link-box__hover\" style=\"background-image: url(https:\/\/www.polonia.travel\/es\/wp-content\/uploads\/sites\/18\/2023\/07\/mlodzi-ludzie.jpg);\"><\/div>\n        <div class=\"link-box__info\">\n      <div class=\"link-box__title\">Vocabulario b\u00e1sico<\/div>\n      <div class=\"link-box__more\">Leer m\u00e1s<\/div>\n    <\/div>\n  <\/a>\n\n          <\/div>\n                  <div class=\"links-tiles__item\">\n                      <a href=\"https:\/\/www.polonia.travel\/es\/el-polaco-un-idioma-por-descubrir\/\" class=\"link-box\" style=\" background-image: url(https:\/\/www.polonia.travel\/es\/wp-content\/uploads\/sites\/18\/2024\/08\/177429831_Kotylion_Polska-1200x803.jpg);\">\n            <div class=\"link-box__info\">\n      <div class=\"link-box__title\">El polaco, un idioma por descubrir<\/div>\n      <div class=\"link-box__more\">Leer m\u00e1s<\/div>\n    <\/div>\n  <\/a>\n\n          <\/div>\n                  <div class=\"links-tiles__item\">\n                      <a href=\"https:\/\/www.polonia.travel\/es\/la-belleza-natural-de-polonia\/\" class=\"link-box\" style=\" background-image: url(https:\/\/www.polonia.travel\/es\/wp-content\/uploads\/sites\/18\/2024\/04\/bialowieza-las1170x780.jpg);\">\n              <div class=\"link-box__hover\" style=\"background-image: url(https:\/\/www.polonia.travel\/es\/wp-content\/uploads\/sites\/18\/2024\/04\/AdobeStock_398429625_Tatry-kadr-1200x800.jpeg);\"><\/div>\n        <div class=\"link-box__info\">\n      <div class=\"link-box__title\">La belleza natural de Polonia<\/div>\n      <div class=\"link-box__more\">Leer m\u00e1s<\/div>\n    <\/div>\n  <\/a>\n\n          <\/div>\n                  <div class=\"links-tiles__item\">\n                      <a href=\"https:\/\/www.polonia.travel\/es\/polonia-historia-milenaria\/\" class=\"link-box\" style=\" background-image: url(https:\/\/www.polonia.travel\/es\/wp-content\/uploads\/sites\/18\/2023\/07\/zamek_malbork_1170.jpg);\">\n              <div class=\"link-box__hover\" style=\"background-image: url(https:\/\/www.polonia.travel\/es\/wp-content\/uploads\/sites\/18\/2022\/12\/warszawa_wilanow_palac_1170.jpg);\"><\/div>\n        <div class=\"link-box__info\">\n      <div class=\"link-box__title\">Polonia, historia milenaria<\/div>\n      <div class=\"link-box__more\">Leer m\u00e1s<\/div>\n    <\/div>\n  <\/a>\n\n          <\/div>\n                  <div class=\"links-tiles__item\">\n                      <a href=\"https:\/\/www.polonia.travel\/es\/polonia-a-traves-de-la-cultura-y-el-arte\/\" class=\"link-box\" style=\" background-image: url(https:\/\/www.polonia.travel\/es\/wp-content\/uploads\/sites\/18\/2022\/12\/warszawa_muzeum_chopina_wnetrze_1_1170-1.jpg);\">\n              <div class=\"link-box__hover\" style=\"background-image: url(https:\/\/www.polonia.travel\/es\/wp-content\/uploads\/sites\/18\/2023\/07\/muzeum_powstania_warszawskiego__1170.jpg);\"><\/div>\n        <div class=\"link-box__info\">\n      <div class=\"link-box__title\">Polonia a trav\u00e9s de la cultura y el arte<\/div>\n      <div class=\"link-box__more\">Leer m\u00e1s<\/div>\n    <\/div>\n  <\/a>\n\n          <\/div>\n                  <div class=\"links-tiles__item\">\n                      <a href=\"https:\/\/www.polonia.travel\/es\/personajes-celebres\/\" class=\"link-box\" style=\" background-image: url(https:\/\/www.polonia.travel\/es\/wp-content\/uploads\/sites\/18\/2024\/04\/Maria-Sklodowska-Curie_540.jpg);\">\n              <div class=\"link-box__hover\" style=\"background-image: url(https:\/\/www.polonia.travel\/es\/wp-content\/uploads\/sites\/18\/2024\/04\/5_ToruC584_MikoC582aj_Kopernik_MH-fotopolska-pot-pl_recorte-1200x946.jpg);\"><\/div>\n        <div class=\"link-box__info\">\n      <div class=\"link-box__title\">Personajes c\u00e9lebres<\/div>\n      <div class=\"link-box__more\">Leer m\u00e1s<\/div>\n    <\/div>\n  <\/a>\n\n          <\/div>\n                  <div class=\"links-tiles__item\">\n                      <a href=\"https:\/\/www.polonia.travel\/es\/ciudades-cuyos-nombres-parecen-trabalenguas\/\" class=\"link-box\" style=\" background-image: url(https:\/\/www.polonia.travel\/es\/wp-content\/uploads\/sites\/18\/2023\/07\/Lodz-mural-NGT20Custom-1.png);\">\n              <div class=\"link-box__hover\" style=\"background-image: url(https:\/\/www.polonia.travel\/es\/wp-content\/uploads\/sites\/18\/2022\/12\/szczecin_waly_chrobrego_odra_zachodnia_1170.jpg);\"><\/div>\n        <div class=\"link-box__info\">\n      <div class=\"link-box__title\">Ciudades cuyos nombres parecen trabalenguas<\/div>\n      <div class=\"link-box__more\">Leer m\u00e1s<\/div>\n    <\/div>\n  <\/a>\n\n          <\/div>\n                  <div class=\"links-tiles__item\">\n                      <a href=\"https:\/\/www.polonia.travel\/es\/polonia-en-europa\/\" class=\"link-box\" style=\" background-image: url(https:\/\/www.polonia.travel\/es\/wp-content\/uploads\/sites\/18\/2023\/08\/1_Lato23.jpg);\">\n              <div class=\"link-box__hover\" style=\"background-image: url(https:\/\/www.polonia.travel\/es\/wp-content\/uploads\/sites\/18\/2024\/04\/KRAKOW_4.jpg);\"><\/div>\n        <div class=\"link-box__info\">\n      <div class=\"link-box__title\">Polonia en Europa<\/div>\n      <div class=\"link-box__more\">Leer m\u00e1s<\/div>\n    <\/div>\n  <\/a>\n\n          <\/div>\n            <\/div>\n  \n<\/div><\/div>\n\n\n\n<div style=\"height:100px\" aria-hidden=\"true\" class=\"wp-block-spacer is-style-spacer-small\"><\/div>\n","protected":false},"excerpt":{"rendered":"<p>Historia, idioma y m\u00e1s Bienvenidos a Polonia, un pa\u00eds que depara emociones inolvidables, sean cuales sean tus gustos. La Rep\u00fablica de Polonia est\u00e1 situada en Europa central; al oeste es fronteriza&nbsp;con Alemania, al sur con la Rep\u00fablica Checa y Eslovaquia, y al este con Lituania, Bielorrusia y Ucrania, mientras que su frontera septentrional est\u00e1 delimitada [&hellip;]<\/p>\n","protected":false},"author":4,"featured_media":34617,"parent":0,"menu_order":0,"comment_status":"closed","ping_status":"closed","template":"","meta":{"_acf_changed":false,"footnotes":""},"class_list":["post-34833","page","type-page","status-publish","has-post-thumbnail","hentry"],"acf":[],"yoast_head":"<!-- This site is optimized with the Yoast SEO plugin v27.4 - https:\/\/yoast.com\/product\/yoast-seo-wordpress\/ -->\n<title>Historia, idioma y m\u00e1s - Polonia Travel (ES)<\/title>\n<meta name=\"robots\" content=\"index, follow, max-snippet:-1, max-image-preview:large, max-video-preview:-1\" \/>\n<link rel=\"canonical\" href=\"https:\/\/www.polonia.travel\/es\/historia-idioma-y-mas\/\" \/>\n<meta property=\"og:locale\" content=\"pl_PL\" \/>\n<meta property=\"og:type\" content=\"article\" \/>\n<meta property=\"og:title\" content=\"Historia, idioma y m\u00e1s - Polonia Travel (ES)\" \/>\n<meta property=\"og:description\" content=\"Historia, idioma y m\u00e1s Bienvenidos a Polonia, un pa\u00eds que depara emociones inolvidables, sean cuales sean tus gustos. La Rep\u00fablica de Polonia est\u00e1 situada en Europa central; al oeste es fronteriza&nbsp;con Alemania, al sur con la Rep\u00fablica Checa y Eslovaquia, y al este con Lituania, Bielorrusia y Ucrania, mientras que su frontera septentrional est\u00e1 delimitada [&hellip;]\" \/>\n<meta property=\"og:url\" content=\"https:\/\/www.polonia.travel\/es\/historia-idioma-y-mas\/\" \/>\n<meta property=\"og:site_name\" content=\"Polonia Travel (ES)\" \/>\n<meta property=\"article:modified_time\" content=\"2024-08-01T10:18:39+00:00\" \/>\n<meta property=\"og:image\" content=\"https:\/\/www.polonia.travel\/es\/wp-content\/uploads\/sites\/18\/2024\/07\/Poznan_Zamek_Cesarski2000.jpg\" \/>\n\t<meta property=\"og:image:width\" content=\"2000\" \/>\n\t<meta property=\"og:image:height\" content=\"560\" \/>\n\t<meta property=\"og:image:type\" content=\"image\/jpeg\" \/>\n<meta name=\"twitter:card\" content=\"summary_large_image\" \/>\n<meta name=\"twitter:label1\" content=\"Szacowany czas czytania\" \/>\n\t<meta name=\"twitter:data1\" content=\"3 minuty\" \/>\n<script type=\"application\/ld+json\" class=\"yoast-schema-graph\">{\"@context\":\"https:\\\/\\\/schema.org\",\"@graph\":[{\"@type\":\"WebPage\",\"@id\":\"https:\\\/\\\/www.polonia.travel\\\/es\\\/historia-idioma-y-mas\\\/\",\"url\":\"https:\\\/\\\/www.polonia.travel\\\/es\\\/historia-idioma-y-mas\\\/\",\"name\":\"Historia, idioma y m\u00e1s - Polonia Travel (ES)\",\"isPartOf\":{\"@id\":\"https:\\\/\\\/www.polonia.travel\\\/es\\\/#website\"},\"primaryImageOfPage\":{\"@id\":\"https:\\\/\\\/www.polonia.travel\\\/es\\\/historia-idioma-y-mas\\\/#primaryimage\"},\"image\":{\"@id\":\"https:\\\/\\\/www.polonia.travel\\\/es\\\/historia-idioma-y-mas\\\/#primaryimage\"},\"thumbnailUrl\":\"https:\\\/\\\/www.polonia.travel\\\/es\\\/wp-content\\\/uploads\\\/sites\\\/18\\\/2024\\\/07\\\/Poznan_Zamek_Cesarski2000.jpg\",\"datePublished\":\"2024-08-01T08:31:04+00:00\",\"dateModified\":\"2024-08-01T10:18:39+00:00\",\"breadcrumb\":{\"@id\":\"https:\\\/\\\/www.polonia.travel\\\/es\\\/historia-idioma-y-mas\\\/#breadcrumb\"},\"inLanguage\":\"pl-PL\",\"potentialAction\":[{\"@type\":\"ReadAction\",\"target\":[\"https:\\\/\\\/www.polonia.travel\\\/es\\\/historia-idioma-y-mas\\\/\"]}]},{\"@type\":\"ImageObject\",\"inLanguage\":\"pl-PL\",\"@id\":\"https:\\\/\\\/www.polonia.travel\\\/es\\\/historia-idioma-y-mas\\\/#primaryimage\",\"url\":\"https:\\\/\\\/www.polonia.travel\\\/es\\\/wp-content\\\/uploads\\\/sites\\\/18\\\/2024\\\/07\\\/Poznan_Zamek_Cesarski2000.jpg\",\"contentUrl\":\"https:\\\/\\\/www.polonia.travel\\\/es\\\/wp-content\\\/uploads\\\/sites\\\/18\\\/2024\\\/07\\\/Poznan_Zamek_Cesarski2000.jpg\",\"width\":2000,\"height\":560},{\"@type\":\"BreadcrumbList\",\"@id\":\"https:\\\/\\\/www.polonia.travel\\\/es\\\/historia-idioma-y-mas\\\/#breadcrumb\",\"itemListElement\":[{\"@type\":\"ListItem\",\"position\":1,\"name\":\"Home page\",\"item\":\"https:\\\/\\\/www.polonia.travel\\\/es\\\/\"},{\"@type\":\"ListItem\",\"position\":2,\"name\":\"Historia, idioma y m\u00e1s\"}]},{\"@type\":\"WebSite\",\"@id\":\"https:\\\/\\\/www.polonia.travel\\\/es\\\/#website\",\"url\":\"https:\\\/\\\/www.polonia.travel\\\/es\\\/\",\"name\":\"Polonia Travel (ES)\",\"description\":\"...\",\"publisher\":{\"@id\":\"https:\\\/\\\/www.polonia.travel\\\/es\\\/#organization\"},\"potentialAction\":[{\"@type\":\"SearchAction\",\"target\":{\"@type\":\"EntryPoint\",\"urlTemplate\":\"https:\\\/\\\/www.polonia.travel\\\/es\\\/?s={search_term_string}\"},\"query-input\":{\"@type\":\"PropertyValueSpecification\",\"valueRequired\":true,\"valueName\":\"search_term_string\"}}],\"inLanguage\":\"pl-PL\"},{\"@type\":\"Organization\",\"@id\":\"https:\\\/\\\/www.polonia.travel\\\/es\\\/#organization\",\"name\":\"Polonia Travel (ES)\",\"url\":\"https:\\\/\\\/www.polonia.travel\\\/es\\\/\",\"logo\":{\"@type\":\"ImageObject\",\"inLanguage\":\"pl-PL\",\"@id\":\"https:\\\/\\\/www.polonia.travel\\\/es\\\/#\\\/schema\\\/logo\\\/image\\\/\",\"url\":\"\",\"contentUrl\":\"\",\"caption\":\"Polonia Travel (ES)\"},\"image\":{\"@id\":\"https:\\\/\\\/www.polonia.travel\\\/es\\\/#\\\/schema\\\/logo\\\/image\\\/\"}}]}<\/script>\n<!-- \/ Yoast SEO plugin. -->","yoast_head_json":{"title":"Historia, idioma y m\u00e1s - Polonia Travel (ES)","robots":{"index":"index","follow":"follow","max-snippet":"max-snippet:-1","max-image-preview":"max-image-preview:large","max-video-preview":"max-video-preview:-1"},"canonical":"https:\/\/www.polonia.travel\/es\/historia-idioma-y-mas\/","og_locale":"pl_PL","og_type":"article","og_title":"Historia, idioma y m\u00e1s - Polonia Travel (ES)","og_description":"Historia, idioma y m\u00e1s Bienvenidos a Polonia, un pa\u00eds que depara emociones inolvidables, sean cuales sean tus gustos. La Rep\u00fablica de Polonia est\u00e1 situada en Europa central; al oeste es fronteriza&nbsp;con Alemania, al sur con la Rep\u00fablica Checa y Eslovaquia, y al este con Lituania, Bielorrusia y Ucrania, mientras que su frontera septentrional est\u00e1 delimitada [&hellip;]","og_url":"https:\/\/www.polonia.travel\/es\/historia-idioma-y-mas\/","og_site_name":"Polonia Travel (ES)","article_modified_time":"2024-08-01T10:18:39+00:00","og_image":[{"width":2000,"height":560,"url":"https:\/\/www.polonia.travel\/es\/wp-content\/uploads\/sites\/18\/2024\/07\/Poznan_Zamek_Cesarski2000.jpg","type":"image\/jpeg"}],"twitter_card":"summary_large_image","twitter_misc":{"Szacowany czas czytania":"3 minuty"},"schema":{"@context":"https:\/\/schema.org","@graph":[{"@type":"WebPage","@id":"https:\/\/www.polonia.travel\/es\/historia-idioma-y-mas\/","url":"https:\/\/www.polonia.travel\/es\/historia-idioma-y-mas\/","name":"Historia, idioma y m\u00e1s - Polonia Travel (ES)","isPartOf":{"@id":"https:\/\/www.polonia.travel\/es\/#website"},"primaryImageOfPage":{"@id":"https:\/\/www.polonia.travel\/es\/historia-idioma-y-mas\/#primaryimage"},"image":{"@id":"https:\/\/www.polonia.travel\/es\/historia-idioma-y-mas\/#primaryimage"},"thumbnailUrl":"https:\/\/www.polonia.travel\/es\/wp-content\/uploads\/sites\/18\/2024\/07\/Poznan_Zamek_Cesarski2000.jpg","datePublished":"2024-08-01T08:31:04+00:00","dateModified":"2024-08-01T10:18:39+00:00","breadcrumb":{"@id":"https:\/\/www.polonia.travel\/es\/historia-idioma-y-mas\/#breadcrumb"},"inLanguage":"pl-PL","potentialAction":[{"@type":"ReadAction","target":["https:\/\/www.polonia.travel\/es\/historia-idioma-y-mas\/"]}]},{"@type":"ImageObject","inLanguage":"pl-PL","@id":"https:\/\/www.polonia.travel\/es\/historia-idioma-y-mas\/#primaryimage","url":"https:\/\/www.polonia.travel\/es\/wp-content\/uploads\/sites\/18\/2024\/07\/Poznan_Zamek_Cesarski2000.jpg","contentUrl":"https:\/\/www.polonia.travel\/es\/wp-content\/uploads\/sites\/18\/2024\/07\/Poznan_Zamek_Cesarski2000.jpg","width":2000,"height":560},{"@type":"BreadcrumbList","@id":"https:\/\/www.polonia.travel\/es\/historia-idioma-y-mas\/#breadcrumb","itemListElement":[{"@type":"ListItem","position":1,"name":"Home page","item":"https:\/\/www.polonia.travel\/es\/"},{"@type":"ListItem","position":2,"name":"Historia, idioma y m\u00e1s"}]},{"@type":"WebSite","@id":"https:\/\/www.polonia.travel\/es\/#website","url":"https:\/\/www.polonia.travel\/es\/","name":"Polonia Travel (ES)","description":"...","publisher":{"@id":"https:\/\/www.polonia.travel\/es\/#organization"},"potentialAction":[{"@type":"SearchAction","target":{"@type":"EntryPoint","urlTemplate":"https:\/\/www.polonia.travel\/es\/?s={search_term_string}"},"query-input":{"@type":"PropertyValueSpecification","valueRequired":true,"valueName":"search_term_string"}}],"inLanguage":"pl-PL"},{"@type":"Organization","@id":"https:\/\/www.polonia.travel\/es\/#organization","name":"Polonia Travel (ES)","url":"https:\/\/www.polonia.travel\/es\/","logo":{"@type":"ImageObject","inLanguage":"pl-PL","@id":"https:\/\/www.polonia.travel\/es\/#\/schema\/logo\/image\/","url":"","contentUrl":"","caption":"Polonia Travel (ES)"},"image":{"@id":"https:\/\/www.polonia.travel\/es\/#\/schema\/logo\/image\/"}}]}},"_links":{"self":[{"href":"https:\/\/www.polonia.travel\/es\/wp-json\/wp\/v2\/pages\/34833","targetHints":{"allow":["GET"]}}],"collection":[{"href":"https:\/\/www.polonia.travel\/es\/wp-json\/wp\/v2\/pages"}],"about":[{"href":"https:\/\/www.polonia.travel\/es\/wp-json\/wp\/v2\/types\/page"}],"author":[{"embeddable":true,"href":"https:\/\/www.polonia.travel\/es\/wp-json\/wp\/v2\/users\/4"}],"replies":[{"embeddable":true,"href":"https:\/\/www.polonia.travel\/es\/wp-json\/wp\/v2\/comments?post=34833"}],"version-history":[{"count":4,"href":"https:\/\/www.polonia.travel\/es\/wp-json\/wp\/v2\/pages\/34833\/revisions"}],"predecessor-version":[{"id":34850,"href":"https:\/\/www.polonia.travel\/es\/wp-json\/wp\/v2\/pages\/34833\/revisions\/34850"}],"wp:featuredmedia":[{"embeddable":true,"href":"https:\/\/www.polonia.travel\/es\/wp-json\/wp\/v2\/media\/34617"}],"wp:attachment":[{"href":"https:\/\/www.polonia.travel\/es\/wp-json\/wp\/v2\/media?parent=34833"}],"curies":[{"name":"wp","href":"https:\/\/api.w.org\/{rel}","templated":true}]}}