{"id":34821,"date":"2024-07-31T13:56:14","date_gmt":"2024-07-31T11:56:14","guid":{"rendered":"https:\/\/wp-es.poland.travel\/?page_id=34821"},"modified":"2025-06-19T10:59:40","modified_gmt":"2025-06-19T08:59:40","slug":"rutas","status":"publish","type":"page","link":"https:\/\/www.polonia.travel\/es\/rutas\/","title":{"rendered":"Rutas"},"content":{"rendered":"\n<div class=\"wp-block-group is-style-container\"><div class=\"wp-block-group__inner-container is-layout-constrained wp-block-group-is-layout-constrained\">\n<h2 class=\"wp-block-heading\">Rutas tem\u00e1ticas<\/h2>\n<\/div><\/div>\n\n\n\n<div style=\"height:100px\" aria-hidden=\"true\" class=\"wp-block-spacer is-style-spacer-small\"><\/div>\n\n\n\n<div class=\"wp-block-group is-style-container\"><div class=\"wp-block-group__inner-container is-layout-constrained wp-block-group-is-layout-constrained\">\n  <div class=\"links-tiles links-tiles--rows-2-3\" id=\"listing\">\n            <div class=\"links-tiles__item\">\n                      <a href=\"https:\/\/www.polonia.travel\/es\/mas-alla-de-san-valentin\/\" class=\"link-box\" style=\" background-image: url(https:\/\/www.polonia.travel\/es\/wp-content\/uploads\/sites\/18\/2024\/10\/Lazienki-Krolewskie-Palace-on-the-Water_fot.-m.st_.-Warszawa.jpg);\">\n              <div class=\"link-box__hover\" style=\"background-image: url(https:\/\/www.polonia.travel\/es\/wp-content\/uploads\/sites\/18\/2024\/10\/Chelmno-serca-w-parku-podswietlone-fot-e-pawelecIMG_1824-1200x800.jpg);\"><\/div>\n        <div class=\"link-box__info\">\n      <div class=\"link-box__title\">M\u00e1s all\u00e1 de San Valent\u00edn &#8211; viajes en pareja<\/div>\n      <div class=\"link-box__more\">Leer m\u00e1s<\/div>\n    <\/div>\n  <\/a>\n\n          <\/div>\n                  <div class=\"links-tiles__item\">\n                      <a href=\"https:\/\/www.polonia.travel\/es\/viaje-musical-por-la-ruta-de-chopin\/\" class=\"link-box\" style=\" background-image: url(https:\/\/www.polonia.travel\/es\/wp-content\/uploads\/sites\/18\/2024\/04\/Wieliczka1_540_360-1.jpg);\">\n              <div class=\"link-box__hover\" style=\"background-image: url(https:\/\/www.polonia.travel\/es\/wp-content\/uploads\/sites\/18\/2022\/12\/kopalnia_soli_wieliczka_1170-1.jpg);\"><\/div>\n        <div class=\"link-box__info\">\n      <div class=\"link-box__title\">Viaje musical por la ruta de Chopin<\/div>\n      <div class=\"link-box__more\">Leer m\u00e1s<\/div>\n    <\/div>\n  <\/a>\n\n          <\/div>\n                  <div class=\"links-tiles__item\">\n                      <a href=\"https:\/\/www.polonia.travel\/es\/el-viaje-astral-de-copernico-por-tierras-de-polonia\/\" class=\"link-box\" style=\" background-image: url(https:\/\/www.polonia.travel\/es\/wp-content\/uploads\/sites\/18\/2024\/04\/7_Warszawa_starowka_MH_HD-1.jpg);\">\n              <div class=\"link-box__hover\" style=\"background-image: url(https:\/\/www.polonia.travel\/es\/wp-content\/uploads\/sites\/18\/2023\/07\/Warszawa_C581azienki-1.jpg);\"><\/div>\n        <div class=\"link-box__info\">\n      <div class=\"link-box__title\">El viaje astral de Cop\u00e9rnico, por tierras de Polonia<\/div>\n      <div class=\"link-box__more\">Leer m\u00e1s<\/div>\n    <\/div>\n  <\/a>\n\n          <\/div>\n                  <div class=\"links-tiles__item\">\n                      <a href=\"https:\/\/www.polonia.travel\/es\/por-la-ruta-de-los-nidos-de-aguila\/\" class=\"link-box\" style=\" background-image: url(https:\/\/www.polonia.travel\/es\/wp-content\/uploads\/sites\/18\/2022\/12\/jura_krakowsko_czestochowska_zachod_slonca_540.jpg);\">\n              <div class=\"link-box__hover\" style=\"background-image: url(https:\/\/www.polonia.travel\/es\/wp-content\/uploads\/sites\/18\/2022\/12\/jura_krakowsko_czestochowska_zamek_ogrodzieniec_1170.jpg);\"><\/div>\n        <div class=\"link-box__info\">\n      <div class=\"link-box__title\">Por la Ruta de los Nidos de \u00c1guila<\/div>\n      <div class=\"link-box__more\">Leer m\u00e1s<\/div>\n    <\/div>\n  <\/a>\n\n          <\/div>\n                  <div class=\"links-tiles__item\">\n                      <a href=\"https:\/\/www.polonia.travel\/es\/podlasie-y-la-ruta-del-esperanto\/\" class=\"link-box\" style=\" background-image: url(https:\/\/www.polonia.travel\/es\/wp-content\/uploads\/sites\/18\/2025\/06\/2280_BIALYSTOK_Dom_Zamenhofa_KK_HR-800x1200.jpg);\">\n            <div class=\"link-box__info\">\n      <div class=\"link-box__title\">Podlasie y la ruta del Esperanto<\/div>\n      <div class=\"link-box__more\">Leer m\u00e1s<\/div>\n    <\/div>\n  <\/a>\n\n          <\/div>\n                  <div class=\"links-tiles__item\">\n                      <a href=\"https:\/\/www.polonia.travel\/es\/ruta-de-juan-pablo-ii-en-los-sudety\/\" class=\"link-box\" style=\" background-image: url(https:\/\/www.polonia.travel\/es\/wp-content\/uploads\/sites\/18\/2022\/12\/Sudety-1200x553.png);\">\n              <div class=\"link-box__hover\" style=\"background-image: url(https:\/\/www.polonia.travel\/es\/wp-content\/uploads\/sites\/18\/2023\/07\/sudety-540-7.jpg);\"><\/div>\n        <div class=\"link-box__info\">\n      <div class=\"link-box__title\">Ruta de Juan Pablo II en los Sudety<\/div>\n      <div class=\"link-box__more\">Leer m\u00e1s<\/div>\n    <\/div>\n  <\/a>\n\n          <\/div>\n                  <div class=\"links-tiles__item\">\n                      <a href=\"https:\/\/www.polonia.travel\/es\/rutas-subterraneas\/\" class=\"link-box\" style=\" background-image: url(https:\/\/www.polonia.travel\/es\/wp-content\/uploads\/sites\/18\/2023\/07\/kopalnia_srebra_tarnowskie_gory_5_1170.jpg);\">\n              <div class=\"link-box__hover\" style=\"background-image: url(https:\/\/www.polonia.travel\/es\/wp-content\/uploads\/sites\/18\/2023\/03\/Zabytkowa-Kopalnia-Srebra-Tarnowskie-Gory-1200x800.jpg);\"><\/div>\n        <div class=\"link-box__info\">\n      <div class=\"link-box__title\">Rutas subterr\u00e1neas<\/div>\n      <div class=\"link-box__more\">Leer m\u00e1s<\/div>\n    <\/div>\n  <\/a>\n\n          <\/div>\n                  <div class=\"links-tiles__item\">\n                      <a href=\"https:\/\/www.polonia.travel\/es\/ruta-de-la-ii-guerra-mundial\/\" class=\"link-box\" style=\" background-image: url(https:\/\/www.polonia.travel\/es\/wp-content\/uploads\/sites\/18\/2024\/04\/zakonczenie20wojny2002_75_lat_IIWSCC81_TT_post_ENG_720x360201.png);\">\n            <div class=\"link-box__info\">\n      <div class=\"link-box__title\">Ruta de la II Guerra Mundial<\/div>\n      <div class=\"link-box__more\">Leer m\u00e1s<\/div>\n    <\/div>\n  <\/a>\n\n          <\/div>\n            <\/div>\n  \n<\/div><\/div>\n\n\n\n<div style=\"height:100px\" aria-hidden=\"true\" class=\"wp-block-spacer is-style-spacer-small\"><\/div>\n","protected":false},"excerpt":{"rendered":"<p>Rutas tem\u00e1ticas<\/p>\n","protected":false},"author":4,"featured_media":34530,"parent":0,"menu_order":0,"comment_status":"closed","ping_status":"closed","template":"","meta":{"_acf_changed":false,"footnotes":""},"class_list":["post-34821","page","type-page","status-publish","has-post-thumbnail","hentry"],"acf":[],"yoast_head":"<!-- This site is optimized with the Yoast SEO plugin v27.4 - https:\/\/yoast.com\/product\/yoast-seo-wordpress\/ -->\n<title>Rutas - Polonia Travel (ES)<\/title>\n<meta name=\"robots\" content=\"index, follow, max-snippet:-1, max-image-preview:large, max-video-preview:-1\" \/>\n<link rel=\"canonical\" href=\"https:\/\/www.polonia.travel\/es\/rutas\/\" \/>\n<meta property=\"og:locale\" content=\"pl_PL\" \/>\n<meta property=\"og:type\" content=\"article\" \/>\n<meta property=\"og:title\" content=\"Rutas - Polonia Travel (ES)\" \/>\n<meta property=\"og:description\" content=\"Rutas tem\u00e1ticas\" \/>\n<meta property=\"og:url\" content=\"https:\/\/www.polonia.travel\/es\/rutas\/\" \/>\n<meta property=\"og:site_name\" content=\"Polonia Travel (ES)\" \/>\n<meta property=\"article:modified_time\" content=\"2025-06-19T08:59:40+00:00\" \/>\n<meta property=\"og:image\" content=\"https:\/\/www.polonia.travel\/es\/wp-content\/uploads\/sites\/18\/2024\/07\/Lodz_Pasaz_Rozy.jpg\" \/>\n\t<meta property=\"og:image:width\" content=\"2000\" \/>\n\t<meta property=\"og:image:height\" content=\"462\" \/>\n\t<meta property=\"og:image:type\" content=\"image\/jpeg\" \/>\n<meta name=\"twitter:card\" content=\"summary_large_image\" \/>\n<meta name=\"twitter:label1\" content=\"Szacowany czas czytania\" \/>\n\t<meta name=\"twitter:data1\" content=\"1 minuta\" \/>\n<script type=\"application\/ld+json\" class=\"yoast-schema-graph\">{\"@context\":\"https:\\\/\\\/schema.org\",\"@graph\":[{\"@type\":\"WebPage\",\"@id\":\"https:\\\/\\\/www.polonia.travel\\\/es\\\/rutas\\\/\",\"url\":\"https:\\\/\\\/www.polonia.travel\\\/es\\\/rutas\\\/\",\"name\":\"Rutas - Polonia Travel (ES)\",\"isPartOf\":{\"@id\":\"https:\\\/\\\/www.polonia.travel\\\/es\\\/#website\"},\"primaryImageOfPage\":{\"@id\":\"https:\\\/\\\/www.polonia.travel\\\/es\\\/rutas\\\/#primaryimage\"},\"image\":{\"@id\":\"https:\\\/\\\/www.polonia.travel\\\/es\\\/rutas\\\/#primaryimage\"},\"thumbnailUrl\":\"https:\\\/\\\/www.polonia.travel\\\/es\\\/wp-content\\\/uploads\\\/sites\\\/18\\\/2024\\\/07\\\/Lodz_Pasaz_Rozy.jpg\",\"datePublished\":\"2024-07-31T11:56:14+00:00\",\"dateModified\":\"2025-06-19T08:59:40+00:00\",\"breadcrumb\":{\"@id\":\"https:\\\/\\\/www.polonia.travel\\\/es\\\/rutas\\\/#breadcrumb\"},\"inLanguage\":\"pl-PL\",\"potentialAction\":[{\"@type\":\"ReadAction\",\"target\":[\"https:\\\/\\\/www.polonia.travel\\\/es\\\/rutas\\\/\"]}]},{\"@type\":\"ImageObject\",\"inLanguage\":\"pl-PL\",\"@id\":\"https:\\\/\\\/www.polonia.travel\\\/es\\\/rutas\\\/#primaryimage\",\"url\":\"https:\\\/\\\/www.polonia.travel\\\/es\\\/wp-content\\\/uploads\\\/sites\\\/18\\\/2024\\\/07\\\/Lodz_Pasaz_Rozy.jpg\",\"contentUrl\":\"https:\\\/\\\/www.polonia.travel\\\/es\\\/wp-content\\\/uploads\\\/sites\\\/18\\\/2024\\\/07\\\/Lodz_Pasaz_Rozy.jpg\",\"width\":2000,\"height\":462},{\"@type\":\"BreadcrumbList\",\"@id\":\"https:\\\/\\\/www.polonia.travel\\\/es\\\/rutas\\\/#breadcrumb\",\"itemListElement\":[{\"@type\":\"ListItem\",\"position\":1,\"name\":\"Home page\",\"item\":\"https:\\\/\\\/www.polonia.travel\\\/es\\\/\"},{\"@type\":\"ListItem\",\"position\":2,\"name\":\"Rutas\"}]},{\"@type\":\"WebSite\",\"@id\":\"https:\\\/\\\/www.polonia.travel\\\/es\\\/#website\",\"url\":\"https:\\\/\\\/www.polonia.travel\\\/es\\\/\",\"name\":\"Polonia Travel (ES)\",\"description\":\"...\",\"publisher\":{\"@id\":\"https:\\\/\\\/www.polonia.travel\\\/es\\\/#organization\"},\"potentialAction\":[{\"@type\":\"SearchAction\",\"target\":{\"@type\":\"EntryPoint\",\"urlTemplate\":\"https:\\\/\\\/www.polonia.travel\\\/es\\\/?s={search_term_string}\"},\"query-input\":{\"@type\":\"PropertyValueSpecification\",\"valueRequired\":true,\"valueName\":\"search_term_string\"}}],\"inLanguage\":\"pl-PL\"},{\"@type\":\"Organization\",\"@id\":\"https:\\\/\\\/www.polonia.travel\\\/es\\\/#organization\",\"name\":\"Polonia Travel (ES)\",\"url\":\"https:\\\/\\\/www.polonia.travel\\\/es\\\/\",\"logo\":{\"@type\":\"ImageObject\",\"inLanguage\":\"pl-PL\",\"@id\":\"https:\\\/\\\/www.polonia.travel\\\/es\\\/#\\\/schema\\\/logo\\\/image\\\/\",\"url\":\"\",\"contentUrl\":\"\",\"caption\":\"Polonia Travel (ES)\"},\"image\":{\"@id\":\"https:\\\/\\\/www.polonia.travel\\\/es\\\/#\\\/schema\\\/logo\\\/image\\\/\"}}]}<\/script>\n<!-- \/ Yoast SEO plugin. -->","yoast_head_json":{"title":"Rutas - Polonia Travel (ES)","robots":{"index":"index","follow":"follow","max-snippet":"max-snippet:-1","max-image-preview":"max-image-preview:large","max-video-preview":"max-video-preview:-1"},"canonical":"https:\/\/www.polonia.travel\/es\/rutas\/","og_locale":"pl_PL","og_type":"article","og_title":"Rutas - Polonia Travel (ES)","og_description":"Rutas tem\u00e1ticas","og_url":"https:\/\/www.polonia.travel\/es\/rutas\/","og_site_name":"Polonia Travel (ES)","article_modified_time":"2025-06-19T08:59:40+00:00","og_image":[{"width":2000,"height":462,"url":"https:\/\/www.polonia.travel\/es\/wp-content\/uploads\/sites\/18\/2024\/07\/Lodz_Pasaz_Rozy.jpg","type":"image\/jpeg"}],"twitter_card":"summary_large_image","twitter_misc":{"Szacowany czas czytania":"1 minuta"},"schema":{"@context":"https:\/\/schema.org","@graph":[{"@type":"WebPage","@id":"https:\/\/www.polonia.travel\/es\/rutas\/","url":"https:\/\/www.polonia.travel\/es\/rutas\/","name":"Rutas - Polonia Travel (ES)","isPartOf":{"@id":"https:\/\/www.polonia.travel\/es\/#website"},"primaryImageOfPage":{"@id":"https:\/\/www.polonia.travel\/es\/rutas\/#primaryimage"},"image":{"@id":"https:\/\/www.polonia.travel\/es\/rutas\/#primaryimage"},"thumbnailUrl":"https:\/\/www.polonia.travel\/es\/wp-content\/uploads\/sites\/18\/2024\/07\/Lodz_Pasaz_Rozy.jpg","datePublished":"2024-07-31T11:56:14+00:00","dateModified":"2025-06-19T08:59:40+00:00","breadcrumb":{"@id":"https:\/\/www.polonia.travel\/es\/rutas\/#breadcrumb"},"inLanguage":"pl-PL","potentialAction":[{"@type":"ReadAction","target":["https:\/\/www.polonia.travel\/es\/rutas\/"]}]},{"@type":"ImageObject","inLanguage":"pl-PL","@id":"https:\/\/www.polonia.travel\/es\/rutas\/#primaryimage","url":"https:\/\/www.polonia.travel\/es\/wp-content\/uploads\/sites\/18\/2024\/07\/Lodz_Pasaz_Rozy.jpg","contentUrl":"https:\/\/www.polonia.travel\/es\/wp-content\/uploads\/sites\/18\/2024\/07\/Lodz_Pasaz_Rozy.jpg","width":2000,"height":462},{"@type":"BreadcrumbList","@id":"https:\/\/www.polonia.travel\/es\/rutas\/#breadcrumb","itemListElement":[{"@type":"ListItem","position":1,"name":"Home page","item":"https:\/\/www.polonia.travel\/es\/"},{"@type":"ListItem","position":2,"name":"Rutas"}]},{"@type":"WebSite","@id":"https:\/\/www.polonia.travel\/es\/#website","url":"https:\/\/www.polonia.travel\/es\/","name":"Polonia Travel (ES)","description":"...","publisher":{"@id":"https:\/\/www.polonia.travel\/es\/#organization"},"potentialAction":[{"@type":"SearchAction","target":{"@type":"EntryPoint","urlTemplate":"https:\/\/www.polonia.travel\/es\/?s={search_term_string}"},"query-input":{"@type":"PropertyValueSpecification","valueRequired":true,"valueName":"search_term_string"}}],"inLanguage":"pl-PL"},{"@type":"Organization","@id":"https:\/\/www.polonia.travel\/es\/#organization","name":"Polonia Travel (ES)","url":"https:\/\/www.polonia.travel\/es\/","logo":{"@type":"ImageObject","inLanguage":"pl-PL","@id":"https:\/\/www.polonia.travel\/es\/#\/schema\/logo\/image\/","url":"","contentUrl":"","caption":"Polonia Travel (ES)"},"image":{"@id":"https:\/\/www.polonia.travel\/es\/#\/schema\/logo\/image\/"}}]}},"_links":{"self":[{"href":"https:\/\/www.polonia.travel\/es\/wp-json\/wp\/v2\/pages\/34821","targetHints":{"allow":["GET"]}}],"collection":[{"href":"https:\/\/www.polonia.travel\/es\/wp-json\/wp\/v2\/pages"}],"about":[{"href":"https:\/\/www.polonia.travel\/es\/wp-json\/wp\/v2\/types\/page"}],"author":[{"embeddable":true,"href":"https:\/\/www.polonia.travel\/es\/wp-json\/wp\/v2\/users\/4"}],"replies":[{"embeddable":true,"href":"https:\/\/www.polonia.travel\/es\/wp-json\/wp\/v2\/comments?post=34821"}],"version-history":[{"count":10,"href":"https:\/\/www.polonia.travel\/es\/wp-json\/wp\/v2\/pages\/34821\/revisions"}],"predecessor-version":[{"id":37806,"href":"https:\/\/www.polonia.travel\/es\/wp-json\/wp\/v2\/pages\/34821\/revisions\/37806"}],"wp:featuredmedia":[{"embeddable":true,"href":"https:\/\/www.polonia.travel\/es\/wp-json\/wp\/v2\/media\/34530"}],"wp:attachment":[{"href":"https:\/\/www.polonia.travel\/es\/wp-json\/wp\/v2\/media?parent=34821"}],"curies":[{"name":"wp","href":"https:\/\/api.w.org\/{rel}","templated":true}]}}