{"id":34739,"date":"2024-07-31T10:04:57","date_gmt":"2024-07-31T08:04:57","guid":{"rendered":"https:\/\/wp-es.poland.travel\/?page_id=34739"},"modified":"2024-07-31T10:08:26","modified_gmt":"2024-07-31T08:08:26","slug":"sabores","status":"publish","type":"page","link":"https:\/\/www.polonia.travel\/es\/sabores\/","title":{"rendered":"Sabores"},"content":{"rendered":"\n<div class=\"wp-block-group is-style-container\"><div class=\"wp-block-group__inner-container is-layout-constrained wp-block-group-is-layout-constrained\">\n<h2 class=\"wp-block-heading\">Sabores<\/h2>\n<\/div><\/div>\n\n\n\n<div style=\"height:100px\" aria-hidden=\"true\" class=\"wp-block-spacer is-style-spacer-small\"><\/div>\n\n\n\n<div class=\"wp-block-group is-style-container\"><div class=\"wp-block-group__inner-container is-layout-constrained wp-block-group-is-layout-constrained\">\n  <div class=\"links-tiles links-tiles--row-1\" id=\"listing\">\n                      <div class=\"link-row\">\n    <a href=\"https:\/\/www.polonia.travel\/es\/5-platos-que-deberias-probar-en-polonia\/\" class=\"link-row__photo\">\n      <img loading=\"lazy\" decoding=\"async\" width=\"1020\" height=\"680\" src=\"https:\/\/www.polonia.travel\/es\/wp-content\/uploads\/sites\/18\/2023\/07\/329545613_Krakow_Adobe.jpg\" class=\"attachment-large size-large\" alt=\"\" srcset=\"https:\/\/www.polonia.travel\/es\/wp-content\/uploads\/sites\/18\/2023\/07\/329545613_Krakow_Adobe.jpg 1020w, https:\/\/www.polonia.travel\/es\/wp-content\/uploads\/sites\/18\/2023\/07\/329545613_Krakow_Adobe-600x400.jpg 600w, https:\/\/www.polonia.travel\/es\/wp-content\/uploads\/sites\/18\/2023\/07\/329545613_Krakow_Adobe-768x512.jpg 768w\" sizes=\"auto, (max-width: 1020px) 100vw, 1020px\" \/>    <\/a>\n    <div class=\"link-row__info\">\n            <div class=\"link-row__title\">\n        <a href=\"https:\/\/www.polonia.travel\/es\/5-platos-que-deberias-probar-en-polonia\/\">5 platos que deber\u00edas probar en Polonia<\/a>\n      <\/div>\n      <div class=\"link-row__excerpt\">\n         La gastronom\u00eda polaca es un fest\u00edn de sabores intensos, recetas tradicionales y platos reconfortantes que reflejan siglos de historia y la influencia de Europa Central y del Este. Si visitas Polonia, hay especialidades que no solo debes probar\u2026 \u00a1sino repetir! Pierogi \u2013 El s\u00edmbolo nacional Los pierogi son [&hellip;]      <\/div>\n      <a href=\"https:\/\/www.polonia.travel\/es\/5-platos-que-deberias-probar-en-polonia\/\" class=\"link-row__more\">Leer m\u00e1s<\/a>\n    <\/div>\n  <\/div>\n\n                              <div class=\"link-row\">\n    <a href=\"https:\/\/www.polonia.travel\/es\/planes-gastronomicos-en-cracovia\/\" class=\"link-row__photo\">\n      <img loading=\"lazy\" decoding=\"async\" width=\"1170\" height=\"398\" src=\"https:\/\/www.polonia.travel\/es\/wp-content\/uploads\/sites\/18\/2022\/12\/zywe_muzeum_obwarzanka_1170-e1771584486934.jpg\" class=\"attachment-large size-large\" alt=\"\" srcset=\"https:\/\/www.polonia.travel\/es\/wp-content\/uploads\/sites\/18\/2022\/12\/zywe_muzeum_obwarzanka_1170-e1771584486934.jpg 1170w, https:\/\/www.polonia.travel\/es\/wp-content\/uploads\/sites\/18\/2022\/12\/zywe_muzeum_obwarzanka_1170-e1771584486934-600x204.jpg 600w, https:\/\/www.polonia.travel\/es\/wp-content\/uploads\/sites\/18\/2022\/12\/zywe_muzeum_obwarzanka_1170-e1771584486934-768x261.jpg 768w\" sizes=\"auto, (max-width: 1170px) 100vw, 1170px\" \/>    <\/a>\n    <div class=\"link-row__info\">\n            <div class=\"link-row__title\">\n        <a href=\"https:\/\/www.polonia.travel\/es\/planes-gastronomicos-en-cracovia\/\">Planes gastron\u00f3micos en Cracovia<\/a>\n      <\/div>\n      <div class=\"link-row__excerpt\">\n         El tentempi\u00e9 de Cracovia Es imposible no topar en alg\u00fan momento del d\u00eda con los peque\u00f1os puestos callejeros llenos de rosquillas. Pero no se trata de una rosquilla cualquiera: el obwarzanek, cuya receta era un secreto (o eso dicen), tiene sus or\u00edgenes en la Edad Media cuando era comida principal durante [&hellip;]      <\/div>\n      <a href=\"https:\/\/www.polonia.travel\/es\/planes-gastronomicos-en-cracovia\/\" class=\"link-row__more\">Leer m\u00e1s<\/a>\n    <\/div>\n  <\/div>\n\n                              <div class=\"link-row\">\n    <a href=\"https:\/\/www.polonia.travel\/es\/aprender-y-degustar\/\" class=\"link-row__photo\">\n      <img loading=\"lazy\" decoding=\"async\" width=\"1200\" height=\"586\" src=\"https:\/\/www.polonia.travel\/es\/wp-content\/uploads\/sites\/18\/2024\/04\/81_Fotolia_kulinarne_Pierniki_Swiateczne_HR-e1771585215769-1200x586.jpg\" class=\"attachment-large size-large\" alt=\"\" srcset=\"https:\/\/www.polonia.travel\/es\/wp-content\/uploads\/sites\/18\/2024\/04\/81_Fotolia_kulinarne_Pierniki_Swiateczne_HR-e1771585215769-1200x586.jpg 1200w, https:\/\/www.polonia.travel\/es\/wp-content\/uploads\/sites\/18\/2024\/04\/81_Fotolia_kulinarne_Pierniki_Swiateczne_HR-e1771585215769-600x293.jpg 600w, https:\/\/www.polonia.travel\/es\/wp-content\/uploads\/sites\/18\/2024\/04\/81_Fotolia_kulinarne_Pierniki_Swiateczne_HR-e1771585215769-768x375.jpg 768w, https:\/\/www.polonia.travel\/es\/wp-content\/uploads\/sites\/18\/2024\/04\/81_Fotolia_kulinarne_Pierniki_Swiateczne_HR-e1771585215769.jpg 1536w\" sizes=\"auto, (max-width: 1200px) 100vw, 1200px\" \/>    <\/a>\n    <div class=\"link-row__info\">\n            <div class=\"link-row__title\">\n        <a href=\"https:\/\/www.polonia.travel\/es\/aprender-y-degustar\/\">Aprender y degustar<\/a>\n      <\/div>\n      <div class=\"link-row__excerpt\">\n         El viaje por diferentes ciudades y regiones de Polonia permite tambi\u00e9n descubrir sabores locales o relacionados con la gastronom\u00eda polaca. Por ejemplo, paseando por el casco antiguo de Cracovia, a cada paso veremos peque\u00f1os puestecitos donde se venden las rosquillas de Cracovia (obwarzanek). En Pozna\u0144, habr\u00eda que probar los Cruasanes de San [&hellip;]      <\/div>\n      <a href=\"https:\/\/www.polonia.travel\/es\/aprender-y-degustar\/\" class=\"link-row__more\">Leer m\u00e1s<\/a>\n    <\/div>\n  <\/div>\n\n                              <div class=\"link-row\">\n    <a href=\"https:\/\/www.polonia.travel\/es\/recetas\/\" class=\"link-row__photo\">\n      <img loading=\"lazy\" decoding=\"async\" width=\"1170\" height=\"443\" src=\"https:\/\/www.polonia.travel\/es\/wp-content\/uploads\/sites\/18\/2023\/09\/AdobeStock_302531393_pierogi-Custom-e1771584774843.jpeg\" class=\"attachment-large size-large\" alt=\"\" srcset=\"https:\/\/www.polonia.travel\/es\/wp-content\/uploads\/sites\/18\/2023\/09\/AdobeStock_302531393_pierogi-Custom-e1771584774843.jpeg 1170w, https:\/\/www.polonia.travel\/es\/wp-content\/uploads\/sites\/18\/2023\/09\/AdobeStock_302531393_pierogi-Custom-e1771584774843-600x227.jpeg 600w, https:\/\/www.polonia.travel\/es\/wp-content\/uploads\/sites\/18\/2023\/09\/AdobeStock_302531393_pierogi-Custom-e1771584774843-768x291.jpeg 768w\" sizes=\"auto, (max-width: 1170px) 100vw, 1170px\" \/>    <\/a>\n    <div class=\"link-row__info\">\n            <div class=\"link-row__title\">\n        <a href=\"https:\/\/www.polonia.travel\/es\/recetas\/\">Recetas<\/a>\n      <\/div>\n      <div class=\"link-row__excerpt\">\n         Viajar es tambi\u00e9n hacerlo a trav\u00e9s del paladar.&nbsp;Muchos viajeros, al volver a casa, quieren compartir&nbsp;sus&nbsp;experiencias organizando comidas tem\u00e1ticas. Por esta raz\u00f3n, para facilitarles las cosas, iremos introduciendo recetas de algunos platos polacos, empezando por las m\u00e1s f\u00e1ciles e indicando, dado el caso, de qu\u00e9 regi\u00f3n polaca vienen. Primavera Es la \u00e9poca del a\u00f1o donde [&hellip;]      <\/div>\n      <a href=\"https:\/\/www.polonia.travel\/es\/recetas\/\" class=\"link-row__more\">Leer m\u00e1s<\/a>\n    <\/div>\n  <\/div>\n\n                              <div class=\"link-row\">\n    <a href=\"https:\/\/www.polonia.travel\/es\/saboreando-gastronomia-regional\/\" class=\"link-row__photo\">\n      <img loading=\"lazy\" decoding=\"async\" width=\"1200\" height=\"461\" src=\"https:\/\/www.polonia.travel\/es\/wp-content\/uploads\/sites\/18\/2024\/04\/Poznan_rogal-1200x461.jpg\" class=\"attachment-large size-large\" alt=\"\" srcset=\"https:\/\/www.polonia.travel\/es\/wp-content\/uploads\/sites\/18\/2024\/04\/Poznan_rogal-1200x461.jpg 1200w, https:\/\/www.polonia.travel\/es\/wp-content\/uploads\/sites\/18\/2024\/04\/Poznan_rogal-600x230.jpg 600w, https:\/\/www.polonia.travel\/es\/wp-content\/uploads\/sites\/18\/2024\/04\/Poznan_rogal-768x295.jpg 768w, https:\/\/www.polonia.travel\/es\/wp-content\/uploads\/sites\/18\/2024\/04\/Poznan_rogal-1536x590.jpg 1536w, https:\/\/www.polonia.travel\/es\/wp-content\/uploads\/sites\/18\/2024\/04\/Poznan_rogal-1920x737.jpg 1920w, https:\/\/www.polonia.travel\/es\/wp-content\/uploads\/sites\/18\/2024\/04\/Poznan_rogal.jpg 2000w\" sizes=\"auto, (max-width: 1200px) 100vw, 1200px\" \/>    <\/a>\n    <div class=\"link-row__info\">\n            <div class=\"link-row__title\">\n        <a href=\"https:\/\/www.polonia.travel\/es\/saboreando-gastronomia-regional\/\">Saboreando gastronom\u00eda regional<\/a>\n      <\/div>\n      <div class=\"link-row__excerpt\">\n         Seg\u00fan un proverbio polaco&nbsp;no conoces bien a nadie hasta que hay\u00e1is compartido un barril de sal; de la misma manera, podemos decir que no conoces un pa\u00eds hasta que hayas probado su aut\u00e9ntica gastronom\u00eda regional.&nbsp; Muchas regiones polacas seducen con sus platos t\u00edpicos, fruto de su historia y costumbres locales o, incluso, [&hellip;]      <\/div>\n      <a href=\"https:\/\/www.polonia.travel\/es\/saboreando-gastronomia-regional\/\" class=\"link-row__more\">Leer m\u00e1s<\/a>\n    <\/div>\n  <\/div>\n\n                              <div class=\"link-row\">\n    <a href=\"https:\/\/www.polonia.travel\/es\/viaje-con-mas-sabor-a-polonia-michelin-2025\/\" class=\"link-row__photo\">\n      <img loading=\"lazy\" decoding=\"async\" width=\"1200\" height=\"506\" src=\"https:\/\/www.polonia.travel\/es\/wp-content\/uploads\/sites\/18\/2024\/07\/01_23_0685_MICHELIN_Wroclaw_1920x1080-e1771585074501-1200x506.jpg\" class=\"attachment-large size-large\" alt=\"\" srcset=\"https:\/\/www.polonia.travel\/es\/wp-content\/uploads\/sites\/18\/2024\/07\/01_23_0685_MICHELIN_Wroclaw_1920x1080-e1771585074501-1200x506.jpg 1200w, https:\/\/www.polonia.travel\/es\/wp-content\/uploads\/sites\/18\/2024\/07\/01_23_0685_MICHELIN_Wroclaw_1920x1080-e1771585074501-600x253.jpg 600w, https:\/\/www.polonia.travel\/es\/wp-content\/uploads\/sites\/18\/2024\/07\/01_23_0685_MICHELIN_Wroclaw_1920x1080-e1771585074501-768x324.jpg 768w, https:\/\/www.polonia.travel\/es\/wp-content\/uploads\/sites\/18\/2024\/07\/01_23_0685_MICHELIN_Wroclaw_1920x1080-e1771585074501-1536x648.jpg 1536w, https:\/\/www.polonia.travel\/es\/wp-content\/uploads\/sites\/18\/2024\/07\/01_23_0685_MICHELIN_Wroclaw_1920x1080-e1771585074501.jpg 1920w\" sizes=\"auto, (max-width: 1200px) 100vw, 1200px\" \/>    <\/a>\n    <div class=\"link-row__info\">\n            <div class=\"link-row__title\">\n        <a href=\"https:\/\/www.polonia.travel\/es\/viaje-con-mas-sabor-a-polonia-michelin-2025\/\">Viaje con m\u00e1s sabor a Polonia (Michelin 2025)<\/a>\n      <\/div>\n      <div class=\"link-row__excerpt\">\n         En 2019&nbsp;Cracovia, en lo alto de la lista de top destinos que visitar, fue la PRIMERA que consigui\u00f3 el t\u00edtulo de la Capital Europea de la Cultura Gastron\u00f3mica y en 2025 el t\u00edtulo ha sido otorgado a Gda\u0144sk. El patrimonio gastron\u00f3mico en Polonia en general es tambi\u00e9n [&hellip;]      <\/div>\n      <a href=\"https:\/\/www.polonia.travel\/es\/viaje-con-mas-sabor-a-polonia-michelin-2025\/\" class=\"link-row__more\">Leer m\u00e1s<\/a>\n    <\/div>\n  <\/div>\n\n                              <div class=\"link-row\">\n    <a href=\"https:\/\/www.polonia.travel\/es\/pierogi-el-plato-estrella-que-debes-probar-en-polonia\/\" class=\"link-row__photo\">\n      <img loading=\"lazy\" decoding=\"async\" width=\"1200\" height=\"404\" src=\"https:\/\/www.polonia.travel\/es\/wp-content\/uploads\/sites\/18\/2024\/04\/77_Fotolia_kulinarne_Pierogi_HR-1200x404.jpg\" class=\"attachment-large size-large\" alt=\"\" srcset=\"https:\/\/www.polonia.travel\/es\/wp-content\/uploads\/sites\/18\/2024\/04\/77_Fotolia_kulinarne_Pierogi_HR-1200x404.jpg 1200w, https:\/\/www.polonia.travel\/es\/wp-content\/uploads\/sites\/18\/2024\/04\/77_Fotolia_kulinarne_Pierogi_HR-600x202.jpg 600w, https:\/\/www.polonia.travel\/es\/wp-content\/uploads\/sites\/18\/2024\/04\/77_Fotolia_kulinarne_Pierogi_HR-768x259.jpg 768w, https:\/\/www.polonia.travel\/es\/wp-content\/uploads\/sites\/18\/2024\/04\/77_Fotolia_kulinarne_Pierogi_HR-1536x518.jpg 1536w, https:\/\/www.polonia.travel\/es\/wp-content\/uploads\/sites\/18\/2024\/04\/77_Fotolia_kulinarne_Pierogi_HR-1920x647.jpg 1920w, https:\/\/www.polonia.travel\/es\/wp-content\/uploads\/sites\/18\/2024\/04\/77_Fotolia_kulinarne_Pierogi_HR.jpg 2000w\" sizes=\"auto, (max-width: 1200px) 100vw, 1200px\" \/>    <\/a>\n    <div class=\"link-row__info\">\n            <div class=\"link-row__title\">\n        <a href=\"https:\/\/www.polonia.travel\/es\/pierogi-el-plato-estrella-que-debes-probar-en-polonia\/\">Pierogi, el plato estrella que debes probar en Polonia<\/a>\n      <\/div>\n      <div class=\"link-row__excerpt\">\n         Se trata de un plato de tradici\u00f3n popular que, sin embargo, tambi\u00e9n ha conquistado las cocinas m\u00e1s refinadas del pa\u00eds. Eso significa que los pierogi&nbsp;se encuentran en las cartas de casi todos los restaurantes del pa\u00eds, pero \u00a1no todos son iguales! Existe gran variedad de rellenos, [&hellip;]      <\/div>\n      <a href=\"https:\/\/www.polonia.travel\/es\/pierogi-el-plato-estrella-que-debes-probar-en-polonia\/\" class=\"link-row__more\">Leer m\u00e1s<\/a>\n    <\/div>\n  <\/div>\n\n                              <div class=\"link-row\">\n    <a href=\"https:\/\/www.polonia.travel\/es\/viajar-y-comer-en-polonia-si-eres-vegetariano\/\" class=\"link-row__photo\">\n      <img loading=\"lazy\" decoding=\"async\" width=\"1200\" height=\"478\" src=\"https:\/\/www.polonia.travel\/es\/wp-content\/uploads\/sites\/18\/2024\/04\/0494_DSC_Placki_HR-1-e1771585156386-1200x478.jpg\" class=\"attachment-large size-large\" alt=\"\" srcset=\"https:\/\/www.polonia.travel\/es\/wp-content\/uploads\/sites\/18\/2024\/04\/0494_DSC_Placki_HR-1-e1771585156386-1200x478.jpg 1200w, https:\/\/www.polonia.travel\/es\/wp-content\/uploads\/sites\/18\/2024\/04\/0494_DSC_Placki_HR-1-e1771585156386-600x239.jpg 600w, https:\/\/www.polonia.travel\/es\/wp-content\/uploads\/sites\/18\/2024\/04\/0494_DSC_Placki_HR-1-e1771585156386-768x306.jpg 768w, https:\/\/www.polonia.travel\/es\/wp-content\/uploads\/sites\/18\/2024\/04\/0494_DSC_Placki_HR-1-e1771585156386-1536x612.jpg 1536w, https:\/\/www.polonia.travel\/es\/wp-content\/uploads\/sites\/18\/2024\/04\/0494_DSC_Placki_HR-1-e1771585156386-1920x765.jpg 1920w, https:\/\/www.polonia.travel\/es\/wp-content\/uploads\/sites\/18\/2024\/04\/0494_DSC_Placki_HR-1-e1771585156386.jpg 2000w\" sizes=\"auto, (max-width: 1200px) 100vw, 1200px\" \/>    <\/a>\n    <div class=\"link-row__info\">\n            <div class=\"link-row__title\">\n        <a href=\"https:\/\/www.polonia.travel\/es\/viajar-y-comer-en-polonia-si-eres-vegetariano\/\">Viajar y comer en Polonia si eres vegetariano<\/a>\n      <\/div>\n      <div class=\"link-row__excerpt\">\n         Si te gusta viajar pero no quieres perder tiempo buscando locales&nbsp;vegetarianos o veganos, no tienes de qu\u00e9 preocuparte. Polonia est\u00e1 bastante avanzada en este sentido. Los restaurantes tradicionales suelen marcar en la carta platos vegetarianos. Por otro&nbsp;lado, los populares bares de leche (algo as\u00ed como el fast [&hellip;]      <\/div>\n      <a href=\"https:\/\/www.polonia.travel\/es\/viajar-y-comer-en-polonia-si-eres-vegetariano\/\" class=\"link-row__more\">Leer m\u00e1s<\/a>\n    <\/div>\n  <\/div>\n\n                              <div class=\"link-row\">\n    <a href=\"https:\/\/www.polonia.travel\/es\/mas-sugerencias-sabrosas\/\" class=\"link-row__photo\">\n      <img loading=\"lazy\" decoding=\"async\" width=\"1200\" height=\"380\" src=\"https:\/\/www.polonia.travel\/es\/wp-content\/uploads\/sites\/18\/2024\/04\/5193_Szarlotka_Ciasto_ZP_HD-1200x380.jpg\" class=\"attachment-large size-large\" alt=\"\" srcset=\"https:\/\/www.polonia.travel\/es\/wp-content\/uploads\/sites\/18\/2024\/04\/5193_Szarlotka_Ciasto_ZP_HD-1200x380.jpg 1200w, https:\/\/www.polonia.travel\/es\/wp-content\/uploads\/sites\/18\/2024\/04\/5193_Szarlotka_Ciasto_ZP_HD-600x190.jpg 600w, https:\/\/www.polonia.travel\/es\/wp-content\/uploads\/sites\/18\/2024\/04\/5193_Szarlotka_Ciasto_ZP_HD-768x243.jpg 768w, https:\/\/www.polonia.travel\/es\/wp-content\/uploads\/sites\/18\/2024\/04\/5193_Szarlotka_Ciasto_ZP_HD-1536x487.jpg 1536w, https:\/\/www.polonia.travel\/es\/wp-content\/uploads\/sites\/18\/2024\/04\/5193_Szarlotka_Ciasto_ZP_HD-1920x609.jpg 1920w, https:\/\/www.polonia.travel\/es\/wp-content\/uploads\/sites\/18\/2024\/04\/5193_Szarlotka_Ciasto_ZP_HD.jpg 2000w\" sizes=\"auto, (max-width: 1200px) 100vw, 1200px\" \/>    <\/a>\n    <div class=\"link-row__info\">\n            <div class=\"link-row__title\">\n        <a href=\"https:\/\/www.polonia.travel\/es\/mas-sugerencias-sabrosas\/\">M\u00e1s sugerencias (sabrosas)<\/a>\n      <\/div>\n      <div class=\"link-row__excerpt\">\n         No te preocupes si eres vegano o vegetariana; o si quieres saber qu\u00e9 plato probar s\u00ed o s\u00ed. Descubre m\u00e1s temas en clave del sabor.      <\/div>\n      <a href=\"https:\/\/www.polonia.travel\/es\/mas-sugerencias-sabrosas\/\" class=\"link-row__more\">Leer m\u00e1s<\/a>\n    <\/div>\n  <\/div>\n\n              <\/div>\n  \n<\/div><\/div>\n\n\n\n<div style=\"height:100px\" aria-hidden=\"true\" class=\"wp-block-spacer is-style-spacer-small\"><\/div>\n","protected":false},"excerpt":{"rendered":"<p>Sabores<\/p>\n","protected":false},"author":4,"featured_media":0,"parent":0,"menu_order":0,"comment_status":"closed","ping_status":"closed","template":"","meta":{"_acf_changed":false,"footnotes":""},"class_list":["post-34739","page","type-page","status-publish","hentry"],"acf":[],"yoast_head":"<!-- This site is optimized with the Yoast SEO plugin v27.4 - https:\/\/yoast.com\/product\/yoast-seo-wordpress\/ -->\n<title>Sabores - Polonia Travel (ES)<\/title>\n<meta name=\"robots\" content=\"index, follow, max-snippet:-1, max-image-preview:large, max-video-preview:-1\" \/>\n<link rel=\"canonical\" href=\"https:\/\/www.polonia.travel\/es\/sabores\/\" \/>\n<meta property=\"og:locale\" content=\"pl_PL\" \/>\n<meta property=\"og:type\" content=\"article\" \/>\n<meta property=\"og:title\" content=\"Sabores - Polonia Travel (ES)\" \/>\n<meta property=\"og:description\" content=\"Sabores\" \/>\n<meta property=\"og:url\" content=\"https:\/\/www.polonia.travel\/es\/sabores\/\" \/>\n<meta property=\"og:site_name\" content=\"Polonia Travel (ES)\" \/>\n<meta property=\"article:modified_time\" content=\"2024-07-31T08:08:26+00:00\" \/>\n<meta name=\"twitter:card\" content=\"summary_large_image\" \/>\n<meta name=\"twitter:label1\" content=\"Szacowany czas czytania\" \/>\n\t<meta name=\"twitter:data1\" content=\"1 minuta\" \/>\n<script type=\"application\/ld+json\" class=\"yoast-schema-graph\">{\"@context\":\"https:\\\/\\\/schema.org\",\"@graph\":[{\"@type\":\"WebPage\",\"@id\":\"https:\\\/\\\/www.polonia.travel\\\/es\\\/sabores\\\/\",\"url\":\"https:\\\/\\\/www.polonia.travel\\\/es\\\/sabores\\\/\",\"name\":\"Sabores - Polonia Travel (ES)\",\"isPartOf\":{\"@id\":\"https:\\\/\\\/www.polonia.travel\\\/es\\\/#website\"},\"datePublished\":\"2024-07-31T08:04:57+00:00\",\"dateModified\":\"2024-07-31T08:08:26+00:00\",\"breadcrumb\":{\"@id\":\"https:\\\/\\\/www.polonia.travel\\\/es\\\/sabores\\\/#breadcrumb\"},\"inLanguage\":\"pl-PL\",\"potentialAction\":[{\"@type\":\"ReadAction\",\"target\":[\"https:\\\/\\\/www.polonia.travel\\\/es\\\/sabores\\\/\"]}]},{\"@type\":\"BreadcrumbList\",\"@id\":\"https:\\\/\\\/www.polonia.travel\\\/es\\\/sabores\\\/#breadcrumb\",\"itemListElement\":[{\"@type\":\"ListItem\",\"position\":1,\"name\":\"Home page\",\"item\":\"https:\\\/\\\/www.polonia.travel\\\/es\\\/\"},{\"@type\":\"ListItem\",\"position\":2,\"name\":\"Sabores\"}]},{\"@type\":\"WebSite\",\"@id\":\"https:\\\/\\\/www.polonia.travel\\\/es\\\/#website\",\"url\":\"https:\\\/\\\/www.polonia.travel\\\/es\\\/\",\"name\":\"Polonia Travel (ES)\",\"description\":\"...\",\"publisher\":{\"@id\":\"https:\\\/\\\/www.polonia.travel\\\/es\\\/#organization\"},\"potentialAction\":[{\"@type\":\"SearchAction\",\"target\":{\"@type\":\"EntryPoint\",\"urlTemplate\":\"https:\\\/\\\/www.polonia.travel\\\/es\\\/?s={search_term_string}\"},\"query-input\":{\"@type\":\"PropertyValueSpecification\",\"valueRequired\":true,\"valueName\":\"search_term_string\"}}],\"inLanguage\":\"pl-PL\"},{\"@type\":\"Organization\",\"@id\":\"https:\\\/\\\/www.polonia.travel\\\/es\\\/#organization\",\"name\":\"Polonia Travel (ES)\",\"url\":\"https:\\\/\\\/www.polonia.travel\\\/es\\\/\",\"logo\":{\"@type\":\"ImageObject\",\"inLanguage\":\"pl-PL\",\"@id\":\"https:\\\/\\\/www.polonia.travel\\\/es\\\/#\\\/schema\\\/logo\\\/image\\\/\",\"url\":\"\",\"contentUrl\":\"\",\"caption\":\"Polonia Travel (ES)\"},\"image\":{\"@id\":\"https:\\\/\\\/www.polonia.travel\\\/es\\\/#\\\/schema\\\/logo\\\/image\\\/\"}}]}<\/script>\n<!-- \/ Yoast SEO plugin. -->","yoast_head_json":{"title":"Sabores - Polonia Travel (ES)","robots":{"index":"index","follow":"follow","max-snippet":"max-snippet:-1","max-image-preview":"max-image-preview:large","max-video-preview":"max-video-preview:-1"},"canonical":"https:\/\/www.polonia.travel\/es\/sabores\/","og_locale":"pl_PL","og_type":"article","og_title":"Sabores - Polonia Travel (ES)","og_description":"Sabores","og_url":"https:\/\/www.polonia.travel\/es\/sabores\/","og_site_name":"Polonia Travel (ES)","article_modified_time":"2024-07-31T08:08:26+00:00","twitter_card":"summary_large_image","twitter_misc":{"Szacowany czas czytania":"1 minuta"},"schema":{"@context":"https:\/\/schema.org","@graph":[{"@type":"WebPage","@id":"https:\/\/www.polonia.travel\/es\/sabores\/","url":"https:\/\/www.polonia.travel\/es\/sabores\/","name":"Sabores - Polonia Travel (ES)","isPartOf":{"@id":"https:\/\/www.polonia.travel\/es\/#website"},"datePublished":"2024-07-31T08:04:57+00:00","dateModified":"2024-07-31T08:08:26+00:00","breadcrumb":{"@id":"https:\/\/www.polonia.travel\/es\/sabores\/#breadcrumb"},"inLanguage":"pl-PL","potentialAction":[{"@type":"ReadAction","target":["https:\/\/www.polonia.travel\/es\/sabores\/"]}]},{"@type":"BreadcrumbList","@id":"https:\/\/www.polonia.travel\/es\/sabores\/#breadcrumb","itemListElement":[{"@type":"ListItem","position":1,"name":"Home page","item":"https:\/\/www.polonia.travel\/es\/"},{"@type":"ListItem","position":2,"name":"Sabores"}]},{"@type":"WebSite","@id":"https:\/\/www.polonia.travel\/es\/#website","url":"https:\/\/www.polonia.travel\/es\/","name":"Polonia Travel (ES)","description":"...","publisher":{"@id":"https:\/\/www.polonia.travel\/es\/#organization"},"potentialAction":[{"@type":"SearchAction","target":{"@type":"EntryPoint","urlTemplate":"https:\/\/www.polonia.travel\/es\/?s={search_term_string}"},"query-input":{"@type":"PropertyValueSpecification","valueRequired":true,"valueName":"search_term_string"}}],"inLanguage":"pl-PL"},{"@type":"Organization","@id":"https:\/\/www.polonia.travel\/es\/#organization","name":"Polonia Travel (ES)","url":"https:\/\/www.polonia.travel\/es\/","logo":{"@type":"ImageObject","inLanguage":"pl-PL","@id":"https:\/\/www.polonia.travel\/es\/#\/schema\/logo\/image\/","url":"","contentUrl":"","caption":"Polonia Travel (ES)"},"image":{"@id":"https:\/\/www.polonia.travel\/es\/#\/schema\/logo\/image\/"}}]}},"_links":{"self":[{"href":"https:\/\/www.polonia.travel\/es\/wp-json\/wp\/v2\/pages\/34739","targetHints":{"allow":["GET"]}}],"collection":[{"href":"https:\/\/www.polonia.travel\/es\/wp-json\/wp\/v2\/pages"}],"about":[{"href":"https:\/\/www.polonia.travel\/es\/wp-json\/wp\/v2\/types\/page"}],"author":[{"embeddable":true,"href":"https:\/\/www.polonia.travel\/es\/wp-json\/wp\/v2\/users\/4"}],"replies":[{"embeddable":true,"href":"https:\/\/www.polonia.travel\/es\/wp-json\/wp\/v2\/comments?post=34739"}],"version-history":[{"count":6,"href":"https:\/\/www.polonia.travel\/es\/wp-json\/wp\/v2\/pages\/34739\/revisions"}],"predecessor-version":[{"id":34760,"href":"https:\/\/www.polonia.travel\/es\/wp-json\/wp\/v2\/pages\/34739\/revisions\/34760"}],"wp:attachment":[{"href":"https:\/\/www.polonia.travel\/es\/wp-json\/wp\/v2\/media?parent=34739"}],"curies":[{"name":"wp","href":"https:\/\/api.w.org\/{rel}","templated":true}]}}