{"id":34608,"date":"2024-07-30T11:05:25","date_gmt":"2024-07-30T09:05:25","guid":{"rendered":"https:\/\/wp-es.poland.travel\/?page_id=34608"},"modified":"2024-11-08T11:34:14","modified_gmt":"2024-11-08T10:34:14","slug":"castillos-y-palacios","status":"publish","type":"page","link":"https:\/\/www.polonia.travel\/es\/castillos-y-palacios\/","title":{"rendered":"Castillos y Palacios"},"content":{"rendered":"\n<div class=\"wp-block-group is-style-container\"><div class=\"wp-block-group__inner-container is-layout-constrained wp-block-group-is-layout-constrained\">\n<h2 class=\"wp-block-heading\">Castillos y Palacios<\/h2>\n\n\n\n<div style=\"height:100px\" aria-hidden=\"true\" class=\"wp-block-spacer is-style-spacer-small\"><\/div>\n\n\n\n<p>Despu\u00e9s del periodo de abandono de mansiones y palacios, \u00e9stos est\u00e1n viviendo hoy en d\u00eda su renacimiento y permiten a los polacos sacar a relucir la pasada gloria.<\/p>\n\n\n\n<p>Algunos de los palacios o castillos, teniendo en cuenta su significado para la historia de Polonia, fueron cuidadosamente recosntruidos, como el <strong>Castillo Real de Varsovia<\/strong>. Otros, como el <strong>Castillo de Wawel<\/strong> en <strong>Cracovia, <\/strong>lograron salvarse quedando intactos.&nbsp;<\/p>\n\n\n\n<p>Pero en Polonia, con su rica tradici\u00f3n de nobleza y las influencias extranjeras, existen, gracias al empe\u00f1o de antiguos propietarios o simplemente gracias al af\u00e1n de conservar los monumentos, muchos lugares donde no solamente uno puede vivir el pasado, sino tambi\u00e9n envolverse en sus leyendas antiguas o no tan remotas en el tiempo, como la reciente historia del <strong>Castillo de Poznan<\/strong>&nbsp;o la del <strong>Palacio de la Cultura y la Ciencia en Varsovia<\/strong>.<\/p>\n\n\n\n<div style=\"height:100px\" aria-hidden=\"true\" class=\"wp-block-spacer is-style-spacer-small\"><\/div>\n\n\n\n  <div class=\"links-tiles links-tiles--rows-2-3\" id=\"listing\">\n            <div class=\"links-tiles__item\">\n                      <a href=\"https:\/\/www.polonia.travel\/es\/residencias-reales\/\" class=\"link-box\" style=\" background-image: url(https:\/\/www.polonia.travel\/es\/wp-content\/uploads\/sites\/18\/2023\/07\/wilanow_palac_1170.jpg);\">\n              <div class=\"link-box__hover\" style=\"background-image: url(https:\/\/www.polonia.travel\/es\/wp-content\/uploads\/sites\/18\/2022\/12\/warszawa_wilanow_palac_1170.jpg);\"><\/div>\n        <div class=\"link-box__info\">\n      <div class=\"link-box__title\">Residencias Reales<\/div>\n      <div class=\"link-box__more\">Leer m\u00e1s<\/div>\n    <\/div>\n  <\/a>\n\n          <\/div>\n                  <div class=\"links-tiles__item\">\n                      <a href=\"https:\/\/www.polonia.travel\/es\/la-ruta-de-los-castillos-goticos\/\" class=\"link-box\" style=\" background-image: url(https:\/\/www.polonia.travel\/es\/wp-content\/uploads\/sites\/18\/2022\/12\/zamek_malbork_1170-1.jpg);\">\n              <div class=\"link-box__hover\" style=\"background-image: url(https:\/\/www.polonia.travel\/es\/wp-content\/uploads\/sites\/18\/2022\/12\/zamek_kwidzyn_1170.jpg);\"><\/div>\n        <div class=\"link-box__info\">\n      <div class=\"link-box__title\">La ruta de los castillos g\u00f3ticos<\/div>\n      <div class=\"link-box__more\">Leer m\u00e1s<\/div>\n    <\/div>\n  <\/a>\n\n          <\/div>\n                  <div class=\"links-tiles__item\">\n                      <a href=\"https:\/\/www.polonia.travel\/es\/residencias-de-los-aristocratas\/\" class=\"link-box\" style=\" background-image: url(https:\/\/www.polonia.travel\/es\/wp-content\/uploads\/sites\/18\/2022\/12\/palac_w_rogalinie_1170.jpg);\">\n              <div class=\"link-box__hover\" style=\"background-image: url(https:\/\/www.polonia.travel\/es\/wp-content\/uploads\/sites\/18\/2024\/04\/197165525_Baranow_Sandomierski_Adobe-1200x900.jpg);\"><\/div>\n        <div class=\"link-box__info\">\n      <div class=\"link-box__title\">Residencias de los arist\u00f3cratas<\/div>\n      <div class=\"link-box__more\">Leer m\u00e1s<\/div>\n    <\/div>\n  <\/a>\n\n          <\/div>\n                  <div class=\"links-tiles__item\">\n                      <a href=\"https:\/\/www.polonia.travel\/es\/castillos-y-palacios-en-la-historica-region-de-silesia\/\" class=\"link-box\" style=\" background-image: url(https:\/\/www.polonia.travel\/es\/wp-content\/uploads\/sites\/18\/2024\/04\/0242_ZAMEK-MOSZNA_TG_HR20220540x360-2.jpg);\">\n              <div class=\"link-box__hover\" style=\"background-image: url(https:\/\/www.polonia.travel\/es\/wp-content\/uploads\/sites\/18\/2024\/07\/AdobeStock_270361256_Plawniowice-1200x800.jpeg);\"><\/div>\n        <div class=\"link-box__info\">\n      <div class=\"link-box__title\">Castillos y palacios en la hist\u00f3rica regi\u00f3n de Silesia<\/div>\n      <div class=\"link-box__more\">Leer m\u00e1s<\/div>\n    <\/div>\n  <\/a>\n\n          <\/div>\n                  <div class=\"links-tiles__item\">\n                      <a href=\"https:\/\/www.polonia.travel\/es\/hoteles-historicos-con-encanto\/\" class=\"link-box\" style=\" background-image: url(https:\/\/www.polonia.travel\/es\/wp-content\/uploads\/sites\/18\/2022\/12\/FolwarkGaliny1170-1.jpg);\">\n              <div class=\"link-box__hover\" style=\"background-image: url(https:\/\/www.polonia.travel\/es\/wp-content\/uploads\/sites\/18\/2024\/04\/Palac_Galiny_540_360.jpg);\"><\/div>\n        <div class=\"link-box__info\">\n      <div class=\"link-box__title\">Hoteles hist\u00f3ricos con encanto<\/div>\n      <div class=\"link-box__more\">Leer m\u00e1s<\/div>\n    <\/div>\n  <\/a>\n\n          <\/div>\n                  <div class=\"links-tiles__item\">\n                      <a href=\"https:\/\/www.polonia.travel\/es\/palacios-de-la-era-moderna\/\" class=\"link-box\" style=\" background-image: url(https:\/\/www.polonia.travel\/es\/wp-content\/uploads\/sites\/18\/2022\/12\/poznan_zamek_1170.jpeg);\">\n              <div class=\"link-box__hover\" style=\"background-image: url(https:\/\/www.polonia.travel\/es\/wp-content\/uploads\/sites\/18\/2024\/04\/DSC_032120PKIN20Dramatyczny20moje20540x360-1.jpg);\"><\/div>\n        <div class=\"link-box__info\">\n      <div class=\"link-box__title\">Palacios de la era moderna<\/div>\n      <div class=\"link-box__more\">Leer m\u00e1s<\/div>\n    <\/div>\n  <\/a>\n\n          <\/div>\n            <\/div>\n  \n<\/div><\/div>\n\n\n\n<div style=\"height:100px\" aria-hidden=\"true\" class=\"wp-block-spacer is-style-spacer-small\"><\/div>\n\n\n\n<div class=\"wp-block-group is-style-container-medium\"><div class=\"wp-block-group__inner-container is-layout-constrained wp-block-group-is-layout-constrained\">\n<p><\/p>\n\n\n\n<div style=\"height:100px\" aria-hidden=\"true\" class=\"wp-block-spacer is-style-spacer-small\"><\/div>\n\n\n\n<div class=\"wp-block-columns is-layout-flex wp-container-core-columns-is-layout-9d6595d7 wp-block-columns-is-layout-flex\">\n<div class=\"wp-block-column is-layout-flow wp-block-column-is-layout-flow\">\n<figure class=\"wp-block-image size-full\"><a href=\"https:\/\/unexpected.poland.travel\/es\" target=\"_blank\" rel=\"noreferrer noopener\"><img loading=\"lazy\" decoding=\"async\" width=\"300\" height=\"200\" src=\"https:\/\/www.polonia.travel\/es\/wp-content\/uploads\/sites\/18\/2024\/11\/600x200_spain_1.jpg\" alt=\"\" class=\"wp-image-36309\"\/><\/a><\/figure>\n<\/div>\n\n\n\n<div class=\"wp-block-column is-layout-flow wp-block-column-is-layout-flow\">\n<figure class=\"wp-block-image size-full\"><a href=\"https:\/\/unexpected.poland.travel\/es\" target=\"_blank\" rel=\"noreferrer noopener\"><img loading=\"lazy\" decoding=\"async\" width=\"300\" height=\"200\" src=\"https:\/\/www.polonia.travel\/es\/wp-content\/uploads\/sites\/18\/2024\/11\/600x200_spain_2.jpg\" alt=\"\" class=\"wp-image-36311\"\/><\/a><\/figure>\n<\/div>\n<\/div>\n\n\n\n<div style=\"height:100px\" aria-hidden=\"true\" class=\"wp-block-spacer is-style-spacer-small\"><\/div>\n<\/div><\/div>\n","protected":false},"excerpt":{"rendered":"<p>Castillos y Palacios Despu\u00e9s del periodo de abandono de mansiones y palacios, \u00e9stos est\u00e1n viviendo hoy en d\u00eda su renacimiento y permiten a los polacos sacar a relucir la pasada gloria. Algunos de los palacios o castillos, teniendo en cuenta su significado para la historia de Polonia, fueron cuidadosamente recosntruidos, como el Castillo Real de [&hellip;]<\/p>\n","protected":false},"author":4,"featured_media":0,"parent":0,"menu_order":0,"comment_status":"closed","ping_status":"closed","template":"","meta":{"_acf_changed":false,"footnotes":""},"class_list":["post-34608","page","type-page","status-publish","hentry"],"acf":[],"yoast_head":"<!-- This site is optimized with the Yoast SEO plugin v27.4 - https:\/\/yoast.com\/product\/yoast-seo-wordpress\/ -->\n<title>Castillos y Palacios - Polonia Travel (ES)<\/title>\n<meta name=\"robots\" content=\"index, follow, max-snippet:-1, max-image-preview:large, max-video-preview:-1\" \/>\n<link rel=\"canonical\" href=\"https:\/\/www.polonia.travel\/es\/castillos-y-palacios\/\" \/>\n<meta property=\"og:locale\" content=\"pl_PL\" \/>\n<meta property=\"og:type\" content=\"article\" \/>\n<meta property=\"og:title\" content=\"Castillos y Palacios - Polonia Travel (ES)\" \/>\n<meta property=\"og:description\" content=\"Castillos y Palacios Despu\u00e9s del periodo de abandono de mansiones y palacios, \u00e9stos est\u00e1n viviendo hoy en d\u00eda su renacimiento y permiten a los polacos sacar a relucir la pasada gloria. Algunos de los palacios o castillos, teniendo en cuenta su significado para la historia de Polonia, fueron cuidadosamente recosntruidos, como el Castillo Real de [&hellip;]\" \/>\n<meta property=\"og:url\" content=\"https:\/\/www.polonia.travel\/es\/castillos-y-palacios\/\" \/>\n<meta property=\"og:site_name\" content=\"Polonia Travel (ES)\" \/>\n<meta property=\"article:modified_time\" content=\"2024-11-08T10:34:14+00:00\" \/>\n<meta property=\"og:image\" content=\"https:\/\/www.polonia.travel\/es\/wp-content\/uploads\/sites\/18\/2024\/11\/600x200_spain_1.jpg\" \/>\n<meta name=\"twitter:card\" content=\"summary_large_image\" \/>\n<meta name=\"twitter:label1\" content=\"Szacowany czas czytania\" \/>\n\t<meta name=\"twitter:data1\" content=\"1 minuta\" \/>\n<script type=\"application\/ld+json\" class=\"yoast-schema-graph\">{\"@context\":\"https:\\\/\\\/schema.org\",\"@graph\":[{\"@type\":\"WebPage\",\"@id\":\"https:\\\/\\\/www.polonia.travel\\\/es\\\/castillos-y-palacios\\\/\",\"url\":\"https:\\\/\\\/www.polonia.travel\\\/es\\\/castillos-y-palacios\\\/\",\"name\":\"Castillos y Palacios - Polonia Travel (ES)\",\"isPartOf\":{\"@id\":\"https:\\\/\\\/www.polonia.travel\\\/es\\\/#website\"},\"primaryImageOfPage\":{\"@id\":\"https:\\\/\\\/www.polonia.travel\\\/es\\\/castillos-y-palacios\\\/#primaryimage\"},\"image\":{\"@id\":\"https:\\\/\\\/www.polonia.travel\\\/es\\\/castillos-y-palacios\\\/#primaryimage\"},\"thumbnailUrl\":\"https:\\\/\\\/www.polonia.travel\\\/es\\\/wp-content\\\/uploads\\\/sites\\\/18\\\/2024\\\/11\\\/600x200_spain_1.jpg\",\"datePublished\":\"2024-07-30T09:05:25+00:00\",\"dateModified\":\"2024-11-08T10:34:14+00:00\",\"breadcrumb\":{\"@id\":\"https:\\\/\\\/www.polonia.travel\\\/es\\\/castillos-y-palacios\\\/#breadcrumb\"},\"inLanguage\":\"pl-PL\",\"potentialAction\":[{\"@type\":\"ReadAction\",\"target\":[\"https:\\\/\\\/www.polonia.travel\\\/es\\\/castillos-y-palacios\\\/\"]}]},{\"@type\":\"ImageObject\",\"inLanguage\":\"pl-PL\",\"@id\":\"https:\\\/\\\/www.polonia.travel\\\/es\\\/castillos-y-palacios\\\/#primaryimage\",\"url\":\"https:\\\/\\\/www.polonia.travel\\\/es\\\/wp-content\\\/uploads\\\/sites\\\/18\\\/2024\\\/11\\\/600x200_spain_1.jpg\",\"contentUrl\":\"https:\\\/\\\/www.polonia.travel\\\/es\\\/wp-content\\\/uploads\\\/sites\\\/18\\\/2024\\\/11\\\/600x200_spain_1.jpg\",\"width\":300,\"height\":200},{\"@type\":\"BreadcrumbList\",\"@id\":\"https:\\\/\\\/www.polonia.travel\\\/es\\\/castillos-y-palacios\\\/#breadcrumb\",\"itemListElement\":[{\"@type\":\"ListItem\",\"position\":1,\"name\":\"Home page\",\"item\":\"https:\\\/\\\/www.polonia.travel\\\/es\\\/\"},{\"@type\":\"ListItem\",\"position\":2,\"name\":\"Castillos y Palacios\"}]},{\"@type\":\"WebSite\",\"@id\":\"https:\\\/\\\/www.polonia.travel\\\/es\\\/#website\",\"url\":\"https:\\\/\\\/www.polonia.travel\\\/es\\\/\",\"name\":\"Polonia Travel (ES)\",\"description\":\"...\",\"publisher\":{\"@id\":\"https:\\\/\\\/www.polonia.travel\\\/es\\\/#organization\"},\"potentialAction\":[{\"@type\":\"SearchAction\",\"target\":{\"@type\":\"EntryPoint\",\"urlTemplate\":\"https:\\\/\\\/www.polonia.travel\\\/es\\\/?s={search_term_string}\"},\"query-input\":{\"@type\":\"PropertyValueSpecification\",\"valueRequired\":true,\"valueName\":\"search_term_string\"}}],\"inLanguage\":\"pl-PL\"},{\"@type\":\"Organization\",\"@id\":\"https:\\\/\\\/www.polonia.travel\\\/es\\\/#organization\",\"name\":\"Polonia Travel (ES)\",\"url\":\"https:\\\/\\\/www.polonia.travel\\\/es\\\/\",\"logo\":{\"@type\":\"ImageObject\",\"inLanguage\":\"pl-PL\",\"@id\":\"https:\\\/\\\/www.polonia.travel\\\/es\\\/#\\\/schema\\\/logo\\\/image\\\/\",\"url\":\"\",\"contentUrl\":\"\",\"caption\":\"Polonia Travel (ES)\"},\"image\":{\"@id\":\"https:\\\/\\\/www.polonia.travel\\\/es\\\/#\\\/schema\\\/logo\\\/image\\\/\"}}]}<\/script>\n<!-- \/ Yoast SEO plugin. -->","yoast_head_json":{"title":"Castillos y Palacios - Polonia Travel (ES)","robots":{"index":"index","follow":"follow","max-snippet":"max-snippet:-1","max-image-preview":"max-image-preview:large","max-video-preview":"max-video-preview:-1"},"canonical":"https:\/\/www.polonia.travel\/es\/castillos-y-palacios\/","og_locale":"pl_PL","og_type":"article","og_title":"Castillos y Palacios - Polonia Travel (ES)","og_description":"Castillos y Palacios Despu\u00e9s del periodo de abandono de mansiones y palacios, \u00e9stos est\u00e1n viviendo hoy en d\u00eda su renacimiento y permiten a los polacos sacar a relucir la pasada gloria. Algunos de los palacios o castillos, teniendo en cuenta su significado para la historia de Polonia, fueron cuidadosamente recosntruidos, como el Castillo Real de [&hellip;]","og_url":"https:\/\/www.polonia.travel\/es\/castillos-y-palacios\/","og_site_name":"Polonia Travel (ES)","article_modified_time":"2024-11-08T10:34:14+00:00","og_image":[{"url":"https:\/\/www.polonia.travel\/es\/wp-content\/uploads\/sites\/18\/2024\/11\/600x200_spain_1.jpg","type":"","width":"","height":""}],"twitter_card":"summary_large_image","twitter_misc":{"Szacowany czas czytania":"1 minuta"},"schema":{"@context":"https:\/\/schema.org","@graph":[{"@type":"WebPage","@id":"https:\/\/www.polonia.travel\/es\/castillos-y-palacios\/","url":"https:\/\/www.polonia.travel\/es\/castillos-y-palacios\/","name":"Castillos y Palacios - Polonia Travel (ES)","isPartOf":{"@id":"https:\/\/www.polonia.travel\/es\/#website"},"primaryImageOfPage":{"@id":"https:\/\/www.polonia.travel\/es\/castillos-y-palacios\/#primaryimage"},"image":{"@id":"https:\/\/www.polonia.travel\/es\/castillos-y-palacios\/#primaryimage"},"thumbnailUrl":"https:\/\/www.polonia.travel\/es\/wp-content\/uploads\/sites\/18\/2024\/11\/600x200_spain_1.jpg","datePublished":"2024-07-30T09:05:25+00:00","dateModified":"2024-11-08T10:34:14+00:00","breadcrumb":{"@id":"https:\/\/www.polonia.travel\/es\/castillos-y-palacios\/#breadcrumb"},"inLanguage":"pl-PL","potentialAction":[{"@type":"ReadAction","target":["https:\/\/www.polonia.travel\/es\/castillos-y-palacios\/"]}]},{"@type":"ImageObject","inLanguage":"pl-PL","@id":"https:\/\/www.polonia.travel\/es\/castillos-y-palacios\/#primaryimage","url":"https:\/\/www.polonia.travel\/es\/wp-content\/uploads\/sites\/18\/2024\/11\/600x200_spain_1.jpg","contentUrl":"https:\/\/www.polonia.travel\/es\/wp-content\/uploads\/sites\/18\/2024\/11\/600x200_spain_1.jpg","width":300,"height":200},{"@type":"BreadcrumbList","@id":"https:\/\/www.polonia.travel\/es\/castillos-y-palacios\/#breadcrumb","itemListElement":[{"@type":"ListItem","position":1,"name":"Home page","item":"https:\/\/www.polonia.travel\/es\/"},{"@type":"ListItem","position":2,"name":"Castillos y Palacios"}]},{"@type":"WebSite","@id":"https:\/\/www.polonia.travel\/es\/#website","url":"https:\/\/www.polonia.travel\/es\/","name":"Polonia Travel (ES)","description":"...","publisher":{"@id":"https:\/\/www.polonia.travel\/es\/#organization"},"potentialAction":[{"@type":"SearchAction","target":{"@type":"EntryPoint","urlTemplate":"https:\/\/www.polonia.travel\/es\/?s={search_term_string}"},"query-input":{"@type":"PropertyValueSpecification","valueRequired":true,"valueName":"search_term_string"}}],"inLanguage":"pl-PL"},{"@type":"Organization","@id":"https:\/\/www.polonia.travel\/es\/#organization","name":"Polonia Travel (ES)","url":"https:\/\/www.polonia.travel\/es\/","logo":{"@type":"ImageObject","inLanguage":"pl-PL","@id":"https:\/\/www.polonia.travel\/es\/#\/schema\/logo\/image\/","url":"","contentUrl":"","caption":"Polonia Travel (ES)"},"image":{"@id":"https:\/\/www.polonia.travel\/es\/#\/schema\/logo\/image\/"}}]}},"_links":{"self":[{"href":"https:\/\/www.polonia.travel\/es\/wp-json\/wp\/v2\/pages\/34608","targetHints":{"allow":["GET"]}}],"collection":[{"href":"https:\/\/www.polonia.travel\/es\/wp-json\/wp\/v2\/pages"}],"about":[{"href":"https:\/\/www.polonia.travel\/es\/wp-json\/wp\/v2\/types\/page"}],"author":[{"embeddable":true,"href":"https:\/\/www.polonia.travel\/es\/wp-json\/wp\/v2\/users\/4"}],"replies":[{"embeddable":true,"href":"https:\/\/www.polonia.travel\/es\/wp-json\/wp\/v2\/comments?post=34608"}],"version-history":[{"count":4,"href":"https:\/\/www.polonia.travel\/es\/wp-json\/wp\/v2\/pages\/34608\/revisions"}],"predecessor-version":[{"id":36320,"href":"https:\/\/www.polonia.travel\/es\/wp-json\/wp\/v2\/pages\/34608\/revisions\/36320"}],"wp:attachment":[{"href":"https:\/\/www.polonia.travel\/es\/wp-json\/wp\/v2\/media?parent=34608"}],"curies":[{"name":"wp","href":"https:\/\/api.w.org\/{rel}","templated":true}]}}